{"id":4306,"date":"2024-07-08T20:11:07","date_gmt":"2024-07-08T20:11:07","guid":{"rendered":"https:\/\/k-beautyci.com\/?post_type=product&#038;p=4306"},"modified":"2024-09-27T06:21:51","modified_gmt":"2024-09-27T06:21:51","slug":"round-lab-soybean-nourishing-cleanser-150ml","status":"publish","type":"product","link":"https:\/\/k-beautyci.com\/fr\/produit\/round-lab-soybean-nourishing-cleanser-150ml\/","title":{"rendered":"ROUND LAB Soybean Nourishing Cleanser 150ml"},"content":{"rendered":"<p>Comment l'utiliser :<\/p>\n<p>Utiliser comme premi\u00e8re \u00e9tape de votre routine de soins de la peau ou apr\u00e8s un nettoyage \u00e0 l'huile. Faire mousser une petite quantit\u00e9 dans les paumes et masser sur la peau humide. Rincer \u00e0 l'eau ti\u00e8de.<\/p>\n<p>Avertissement : Pour usage externe uniquement. Toujours effectuer un test \u00e9picutan\u00e9. Cessez d'utiliser le produit si vous ressentez une quelconque g\u00eane. Suivre les instructions suppl\u00e9mentaires figurant sur l'emballage. Les r\u00e9sultats individuels peuvent varier.<\/p>","protected":false},"excerpt":{"rendered":"<p>Formul\u00e9 \u00e0 partir d'extraits de graines de soja, de c\u00e9ramides et d'huiles v\u00e9g\u00e9tales, le Soybean Nourishing Cleanser de ROUND LAB hydrate en profondeur et cible les points noirs tout en nettoyant.<\/p>","protected":false},"featured_media":4312,"comment_status":"open","ping_status":"closed","template":"","meta":{"om_disable_all_campaigns":false},"product_brand":[],"product_cat":[35,157],"product_tag":[],"class_list":{"0":"post-4306","1":"product","2":"type-product","3":"status-publish","4":"has-post-thumbnail","6":"product_cat-face-cleansers","7":"product_cat-round-lab","9":"first","10":"outofstock","11":"shipping-taxable","12":"purchasable","13":"product-type-simple"},"aioseo_notices":[],"jetpack_sharing_enabled":true,"_links":{"self":[{"href":"https:\/\/k-beautyci.com\/fr\/wp-json\/wp\/v2\/product\/4306","targetHints":{"allow":["GET"]}}],"collection":[{"href":"https:\/\/k-beautyci.com\/fr\/wp-json\/wp\/v2\/product"}],"about":[{"href":"https:\/\/k-beautyci.com\/fr\/wp-json\/wp\/v2\/types\/product"}],"replies":[{"embeddable":true,"href":"https:\/\/k-beautyci.com\/fr\/wp-json\/wp\/v2\/comments?post=4306"}],"wp:featuredmedia":[{"embeddable":true,"href":"https:\/\/k-beautyci.com\/fr\/wp-json\/wp\/v2\/media\/4312"}],"wp:attachment":[{"href":"https:\/\/k-beautyci.com\/fr\/wp-json\/wp\/v2\/media?parent=4306"}],"wp:term":[{"taxonomy":"product_brand","embeddable":true,"href":"https:\/\/k-beautyci.com\/fr\/wp-json\/wp\/v2\/product_brand?post=4306"},{"taxonomy":"product_cat","embeddable":true,"href":"https:\/\/k-beautyci.com\/fr\/wp-json\/wp\/v2\/product_cat?post=4306"},{"taxonomy":"product_tag","embeddable":true,"href":"https:\/\/k-beautyci.com\/fr\/wp-json\/wp\/v2\/product_tag?post=4306"}],"curies":[{"name":"wp","href":"https:\/\/api.w.org\/{rel}","templated":true}]}}