{"id":4286,"date":"2024-06-22T12:11:26","date_gmt":"2024-06-22T12:11:26","guid":{"rendered":"https:\/\/k-beautyci.com\/?post_type=product&#038;p=4286"},"modified":"2025-07-11T01:01:42","modified_gmt":"2025-07-11T01:01:42","slug":"skin1004-madagascar-centella-watergel-sheet-ampoule-mask","status":"publish","type":"product","link":"https:\/\/k-beautyci.com\/fr\/produit\/skin1004-madagascar-centella-watergel-sheet-ampoule-mask\/","title":{"rendered":"SKIN1004 Madagascar Centella Watergel Sheet Ampoule Mask"},"content":{"rendered":"<p>Un masque en feuille avec une riche essence de centella, de glyc\u00e9rine et de camomille qui apaise et hydrate intens\u00e9ment la peau.<\/p>\n<p>&nbsp;<\/p>\n<p>Comment l'utiliser :<\/p>\n<p>Apr\u00e8s avoir nettoy\u00e9 et tonifi\u00e9 le visage, appliquer le masque sur le visage, en \u00e9vitant le contour des yeux et de la bouche. Laisser agir pendant 10 \u00e0 20 minutes. Apr\u00e8s avoir retir\u00e9 le masque, faire p\u00e9n\u00e9trer d\u00e9licatement l'essence restante dans la peau.<\/p>\n<p>Avertissement : Pour usage externe uniquement. Toujours effectuer un test \u00e9picutan\u00e9. Cessez d'utiliser le produit si vous ressentez une quelconque g\u00eane. Suivre les instructions suppl\u00e9mentaires figurant sur l'emballage. Les r\u00e9sultats individuels peuvent varier.<\/p>","protected":false},"excerpt":{"rendered":"<p>Un masque en feuille qui vous procure une sensation de fra\u00eecheur gr\u00e2ce \u00e0 un m\u00e9lange d'extraits apaisants de centella asiatica et d'huile de menthe. Parfait pour les jours o\u00f9 votre peau est fatigu\u00e9e, ou pour les jours o\u00f9 vous avez besoin d'un \u00e9clat instantan\u00e9.<\/p>","protected":false},"featured_media":4292,"comment_status":"open","ping_status":"closed","template":"","meta":{"om_disable_all_campaigns":false},"product_brand":[],"product_cat":[88,62,94],"product_tag":[],"class_list":{"0":"post-4286","1":"product","2":"type-product","3":"status-publish","4":"has-post-thumbnail","6":"product_cat-centella","7":"product_cat-face-masks","8":"product_cat-skin-1004","10":"first","11":"outofstock","12":"shipping-taxable","13":"purchasable","14":"product-type-simple"},"aioseo_notices":[],"jetpack_sharing_enabled":true,"_links":{"self":[{"href":"https:\/\/k-beautyci.com\/fr\/wp-json\/wp\/v2\/product\/4286","targetHints":{"allow":["GET"]}}],"collection":[{"href":"https:\/\/k-beautyci.com\/fr\/wp-json\/wp\/v2\/product"}],"about":[{"href":"https:\/\/k-beautyci.com\/fr\/wp-json\/wp\/v2\/types\/product"}],"replies":[{"embeddable":true,"href":"https:\/\/k-beautyci.com\/fr\/wp-json\/wp\/v2\/comments?post=4286"}],"wp:featuredmedia":[{"embeddable":true,"href":"https:\/\/k-beautyci.com\/fr\/wp-json\/wp\/v2\/media\/4292"}],"wp:attachment":[{"href":"https:\/\/k-beautyci.com\/fr\/wp-json\/wp\/v2\/media?parent=4286"}],"wp:term":[{"taxonomy":"product_brand","embeddable":true,"href":"https:\/\/k-beautyci.com\/fr\/wp-json\/wp\/v2\/product_brand?post=4286"},{"taxonomy":"product_cat","embeddable":true,"href":"https:\/\/k-beautyci.com\/fr\/wp-json\/wp\/v2\/product_cat?post=4286"},{"taxonomy":"product_tag","embeddable":true,"href":"https:\/\/k-beautyci.com\/fr\/wp-json\/wp\/v2\/product_tag?post=4286"}],"curies":[{"name":"wp","href":"https:\/\/api.w.org\/{rel}","templated":true}]}}