{"id":4281,"date":"2024-07-08T21:30:30","date_gmt":"2024-07-08T21:30:30","guid":{"rendered":"https:\/\/k-beautyci.com\/?post_type=product&#038;p=4281"},"modified":"2026-02-10T18:22:10","modified_gmt":"2026-02-10T18:22:10","slug":"skin1004-bloody-peel","status":"publish","type":"product","link":"https:\/\/k-beautyci.com\/fr\/produit\/skin1004-bloody-peel\/","title":{"rendered":"SKIN1004 Bloody Peel"},"content":{"rendered":"<p><strong>A NOTER :<br \/>\n<\/strong><strong>Do not leave on skin for longer than 1 minute. Avoid the mouth and eye areas.\u00a0<\/strong><br \/>\n<strong>Ce produit contient une forte concentration d'AHA et il est recommand\u00e9 de l'utiliser une \u00e0 deux fois par semaine au maximum.<\/strong><\/p>\n<p><strong>Comment l'utiliser :<\/strong><\/p>\n<ul>\n<li>Utiliser le distributeur pour d\u00e9poser une quantit\u00e9 appropri\u00e9e.<\/li>\n<li>Appliquer uniform\u00e9ment sur le visage, en \u00e9vitant le contour des yeux et de la bouche.<\/li>\n<li>Laisser agir pendant 1 minute, puis rincer \u00e0 l'eau ti\u00e8de pour \u00e9liminer toute trace de produit.<\/li>\n<\/ul>\n<div class=\"description-item active\">\n<div class=\"body\">\n<p>Toujours effectuer un test \u00e9picutan\u00e9. Utiliser uniquement selon les instructions. Ne pas utiliser sur une peau ab\u00eem\u00e9e. Si l'irritation ou l'inconfort persistent, cesser l'utilisation et consulter un m\u00e9decin. Suivre les instructions suppl\u00e9mentaires figurant sur l'emballage. Avant de s'exposer au soleil, il est recommand\u00e9 aux utilisateurs de couvrir les zones o\u00f9 les AHA ont \u00e9t\u00e9 appliqu\u00e9s avec un \u00e9cran solaire. Le contact du produit avec la peau doit \u00eatre limit\u00e9 en fr\u00e9quence et en dur\u00e9e. Les r\u00e9sultats individuels peuvent varier.<\/p>\n<\/div>\n<\/div>","protected":false},"excerpt":{"rendered":"<p>Le Bloody Peel de SKIN1004 est une solution exfoliante lavable qui r\u00e9v\u00e8le une peau \u00e9clatante et translucide. Formul\u00e9 avec de l'acide glycolique (AHA 17%) et de l'acide salicylique (BHA), il facilite l'\u00e9limination de l'accumulation de cellules mortes, contr\u00f4le l'exc\u00e8s de s\u00e9bum et lisse la texture de la peau. Le niacinamide et l'extrait de pomme contribuent \u00e9galement \u00e0 am\u00e9liorer le teint et la texture de la peau. La couleur rouge brillante de l'\u00e9corce provient de la combinaison d'extraits de tomate, de betterave, de paprika et d'un complexe de baies.<\/p>","protected":false},"featured_media":4284,"comment_status":"open","ping_status":"closed","template":"","meta":{"om_disable_all_campaigns":false},"product_brand":[],"product_cat":[78,61,94,15],"product_tag":[],"class_list":{"0":"post-4281","1":"product","2":"type-product","3":"status-publish","4":"has-post-thumbnail","6":"product_cat-aha-bha","7":"product_cat-face-exfoliator-peels-scrubs","8":"product_cat-skin-1004","9":"product_cat-uncategorized","11":"first","12":"outofstock","13":"sale","14":"shipping-taxable","15":"purchasable","16":"product-type-simple"},"aioseo_notices":[],"jetpack_sharing_enabled":true,"_links":{"self":[{"href":"https:\/\/k-beautyci.com\/fr\/wp-json\/wp\/v2\/product\/4281","targetHints":{"allow":["GET"]}}],"collection":[{"href":"https:\/\/k-beautyci.com\/fr\/wp-json\/wp\/v2\/product"}],"about":[{"href":"https:\/\/k-beautyci.com\/fr\/wp-json\/wp\/v2\/types\/product"}],"replies":[{"embeddable":true,"href":"https:\/\/k-beautyci.com\/fr\/wp-json\/wp\/v2\/comments?post=4281"}],"wp:featuredmedia":[{"embeddable":true,"href":"https:\/\/k-beautyci.com\/fr\/wp-json\/wp\/v2\/media\/4284"}],"wp:attachment":[{"href":"https:\/\/k-beautyci.com\/fr\/wp-json\/wp\/v2\/media?parent=4281"}],"wp:term":[{"taxonomy":"product_brand","embeddable":true,"href":"https:\/\/k-beautyci.com\/fr\/wp-json\/wp\/v2\/product_brand?post=4281"},{"taxonomy":"product_cat","embeddable":true,"href":"https:\/\/k-beautyci.com\/fr\/wp-json\/wp\/v2\/product_cat?post=4281"},{"taxonomy":"product_tag","embeddable":true,"href":"https:\/\/k-beautyci.com\/fr\/wp-json\/wp\/v2\/product_tag?post=4281"}],"curies":[{"name":"wp","href":"https:\/\/api.w.org\/{rel}","templated":true}]}}