{"id":4269,"date":"2024-07-08T20:12:34","date_gmt":"2024-07-08T20:12:34","guid":{"rendered":"https:\/\/k-beautyci.com\/?post_type=product&#038;p=4269"},"modified":"2026-04-15T17:54:54","modified_gmt":"2026-04-15T17:54:54","slug":"skin1004-madagascar-centella-ampoule-foam-125ml","status":"publish","type":"product","link":"https:\/\/k-beautyci.com\/fr\/produit\/skin1004-madagascar-centella-ampoule-foam-125ml\/","title":{"rendered":"SKIN1004 Madagascar Centella Ampoule Foam 125ml"},"content":{"rendered":"<p>Comment l'utiliser :<\/p>\n<p>Appliquer une quantit\u00e9 mod\u00e9r\u00e9e de produit sur la peau humide et faire mousser. Faire p\u00e9n\u00e9trer le produit dans la peau en massant d\u00e9licatement et rincer compl\u00e8tement \u00e0 l'eau ti\u00e8de.<\/p>\n<div class=\"description-item active\">\n<div class=\"body\">\n<p>Avertissement : Pour usage externe uniquement. Toujours effectuer un test \u00e9picutan\u00e9. Cessez d'utiliser le produit si vous ressentez une quelconque g\u00eane. Suivre les instructions suppl\u00e9mentaires figurant sur l'emballage. Les r\u00e9sultats individuels peuvent varier.<\/p>\n<\/div>\n<\/div>","protected":false},"excerpt":{"rendered":"<p>Un nettoyant moussant en ampoule qui p\u00e9n\u00e8tre dans les pores pour \u00e9liminer la salet\u00e9, le maquillage et les autres impuret\u00e9s, tout en apportant un regain d'hydratation. Un nettoyant au pH 5 avec des tensioactifs d\u00e9riv\u00e9s de la noix de coco et de l'acide citrique nettoie la peau en douceur sans provoquer de s\u00e9cheresse ou de tiraillements.<\/p>","protected":false},"featured_media":4273,"comment_status":"open","ping_status":"closed","template":"","meta":{"om_disable_all_campaigns":false},"product_brand":[],"product_cat":[88,35,61,63,94],"product_tag":[],"class_list":{"0":"post-4269","1":"product","2":"type-product","3":"status-publish","4":"has-post-thumbnail","6":"product_cat-centella","7":"product_cat-face-cleansers","8":"product_cat-face-exfoliator-peels-scrubs","9":"product_cat-makeup-removers","10":"product_cat-skin-1004","12":"first","13":"instock","14":"sale","15":"shipping-taxable","16":"purchasable","17":"product-type-simple"},"aioseo_notices":[],"jetpack_sharing_enabled":true,"_links":{"self":[{"href":"https:\/\/k-beautyci.com\/fr\/wp-json\/wp\/v2\/product\/4269","targetHints":{"allow":["GET"]}}],"collection":[{"href":"https:\/\/k-beautyci.com\/fr\/wp-json\/wp\/v2\/product"}],"about":[{"href":"https:\/\/k-beautyci.com\/fr\/wp-json\/wp\/v2\/types\/product"}],"replies":[{"embeddable":true,"href":"https:\/\/k-beautyci.com\/fr\/wp-json\/wp\/v2\/comments?post=4269"}],"wp:featuredmedia":[{"embeddable":true,"href":"https:\/\/k-beautyci.com\/fr\/wp-json\/wp\/v2\/media\/4273"}],"wp:attachment":[{"href":"https:\/\/k-beautyci.com\/fr\/wp-json\/wp\/v2\/media?parent=4269"}],"wp:term":[{"taxonomy":"product_brand","embeddable":true,"href":"https:\/\/k-beautyci.com\/fr\/wp-json\/wp\/v2\/product_brand?post=4269"},{"taxonomy":"product_cat","embeddable":true,"href":"https:\/\/k-beautyci.com\/fr\/wp-json\/wp\/v2\/product_cat?post=4269"},{"taxonomy":"product_tag","embeddable":true,"href":"https:\/\/k-beautyci.com\/fr\/wp-json\/wp\/v2\/product_tag?post=4269"}],"curies":[{"name":"wp","href":"https:\/\/api.w.org\/{rel}","templated":true}]}}