{"id":4252,"date":"2024-06-20T12:49:39","date_gmt":"2024-06-20T12:49:39","guid":{"rendered":"https:\/\/k-beautyci.com\/?post_type=product&#038;p=4252"},"modified":"2025-12-12T07:20:23","modified_gmt":"2025-12-12T07:20:23","slug":"skin1004-madagascar-centella-probio-cica-bakuchiol-eye-cream-20ml","status":"publish","type":"product","link":"https:\/\/k-beautyci.com\/fr\/produit\/skin1004-madagascar-centella-probio-cica-bakuchiol-eye-cream-20ml\/","title":{"rendered":"Skin1004 MADAGASCAR CENTELLA PROBIO-CICA BAKUCHIOL EYE CREAM 20ML"},"content":{"rendered":"<p>Comment l'utiliser :<\/p>\n<p>Appliquez une quantit\u00e9 appropri\u00e9e de produit sur le contour des yeux ou sur toute zone o\u00f9 vous \u00eates pr\u00e9occup\u00e9 par les rides, et massez d\u00e9licatement de l'int\u00e9rieur vers l'ext\u00e9rieur pour assurer l'absorption du produit. Il est recommand\u00e9 d'utiliser ce produit avant d'appliquer des cr\u00e8mes ou des hydratants.\n\nToujours effectuer un test \u00e9picutan\u00e9. Utiliser uniquement selon les instructions. Ne pas utiliser sur une peau ab\u00eem\u00e9e. Si l'irritation ou l'inconfort persistent, cesser l'utilisation et consulter un m\u00e9decin. Suivre les instructions suppl\u00e9mentaires figurant sur l'emballage. Les r\u00e9sultats individuels peuvent varier.<\/p>\n<p>&nbsp;<\/p>\n<div id=\"product-4248\" class=\"product type-product post-4248 status-draft first outofstock product_cat-anti-aging product_cat-centella product_cat-face-moisturizer product_cat-sensitive-skin product_cat-skin-1004 has-post-thumbnail shipping-taxable product-type-simple ct-default-gallery ct-ajax-add-to-cart thumbs-left\">\n<div class=\"woocommerce-tabs wc-tabs-wrapper\" data-type=\"type-1:center\">\n<article>\n<div id=\"tab-description\" class=\"woocommerce-Tabs-panel woocommerce-Tabs-panel--description panel entry-content wc-tab\" role=\"tabpanel\" aria-labelledby=\"tab-title-description\">\n<p>Toujours effectuer un test \u00e9picutan\u00e9. Utiliser uniquement selon les instructions. Ne pas utiliser sur une peau ab\u00eem\u00e9e. Si l'irritation ou l'inconfort persistent, cesser l'utilisation et consulter un m\u00e9decin. Suivre les instructions suppl\u00e9mentaires figurant sur l'emballage. Les r\u00e9sultats individuels peuvent varier.<\/p>\n<\/div>\n<\/article>\n<\/div>\n<\/div>\n<section class=\"related products\">\n<h2><\/h2>\n<\/section>","protected":false},"excerpt":{"rendered":"<p>Cette cr\u00e8me pour les yeux est formul\u00e9e avec du bakuchiol pour restaurer la fermet\u00e9 de la peau d\u00e9licate du contour des yeux. Elle contient de l'acide hyaluronique pour hydrater, ainsi que du c\u00e9ramide NP, du panth\u00e9nol et du niacinamide pour lutter contre les cernes, les ridules et les rides.<\/p>","protected":false},"featured_media":4260,"comment_status":"open","ping_status":"closed","template":"","meta":{"om_disable_all_campaigns":false},"product_brand":[],"product_cat":[38,94],"product_tag":[],"class_list":{"0":"post-4252","1":"product","2":"type-product","3":"status-publish","4":"has-post-thumbnail","6":"product_cat-eye-care","7":"product_cat-skin-1004","9":"first","10":"instock","11":"sale","12":"shipping-taxable","13":"purchasable","14":"product-type-simple"},"aioseo_notices":[],"jetpack_sharing_enabled":true,"_links":{"self":[{"href":"https:\/\/k-beautyci.com\/fr\/wp-json\/wp\/v2\/product\/4252","targetHints":{"allow":["GET"]}}],"collection":[{"href":"https:\/\/k-beautyci.com\/fr\/wp-json\/wp\/v2\/product"}],"about":[{"href":"https:\/\/k-beautyci.com\/fr\/wp-json\/wp\/v2\/types\/product"}],"replies":[{"embeddable":true,"href":"https:\/\/k-beautyci.com\/fr\/wp-json\/wp\/v2\/comments?post=4252"}],"wp:featuredmedia":[{"embeddable":true,"href":"https:\/\/k-beautyci.com\/fr\/wp-json\/wp\/v2\/media\/4260"}],"wp:attachment":[{"href":"https:\/\/k-beautyci.com\/fr\/wp-json\/wp\/v2\/media?parent=4252"}],"wp:term":[{"taxonomy":"product_brand","embeddable":true,"href":"https:\/\/k-beautyci.com\/fr\/wp-json\/wp\/v2\/product_brand?post=4252"},{"taxonomy":"product_cat","embeddable":true,"href":"https:\/\/k-beautyci.com\/fr\/wp-json\/wp\/v2\/product_cat?post=4252"},{"taxonomy":"product_tag","embeddable":true,"href":"https:\/\/k-beautyci.com\/fr\/wp-json\/wp\/v2\/product_tag?post=4252"}],"curies":[{"name":"wp","href":"https:\/\/api.w.org\/{rel}","templated":true}]}}