{"id":4248,"date":"2024-06-19T20:39:41","date_gmt":"2024-06-19T20:39:41","guid":{"rendered":"https:\/\/k-beautyci.com\/?post_type=product&#038;p=4248"},"modified":"2026-03-10T12:19:21","modified_gmt":"2026-03-10T12:19:21","slug":"skin1004-madagascar-centella-probio-cica-enrich-cream-50ml","status":"publish","type":"product","link":"https:\/\/k-beautyci.com\/fr\/produit\/skin1004-madagascar-centella-probio-cica-enrich-cream-50ml\/","title":{"rendered":"Skin1004 MADAGASCAR CENTELLA PROBIO-CICA ENRICH CREAM 50ml"},"content":{"rendered":"<p>Comment l'utiliser :<\/p>\n<ul>\n<li>Appliquer et \u00e9taler d\u00e9licatement sur la peau \u00e0 la derni\u00e8re \u00e9tape de votre routine de soins, en \u00e9vitant le contour des yeux et de la bouche. Tapoter l\u00e9g\u00e8rement pour faire p\u00e9n\u00e9trer le produit dans la peau.<\/li>\n<\/ul>\n<p>Toujours effectuer un test \u00e9picutan\u00e9. Utiliser uniquement selon les instructions. Ne pas utiliser sur une peau ab\u00eem\u00e9e. Si l'irritation ou l'inconfort persistent, cesser l'utilisation et consulter un m\u00e9decin. Suivre les instructions suppl\u00e9mentaires figurant sur l'emballage. Les r\u00e9sultats individuels peuvent varier.<\/p>","protected":false},"excerpt":{"rendered":"<p>La cr\u00e8me enrichie SKIN1004 Madagascar Centella Probio-Cica est un concentr\u00e9 d'effets calmants, exploitant la puissance de la Centella Asiatica malgache ferment\u00e9e, de la Probio-cica et du TECA dans sa formule avanc\u00e9e. Cette cr\u00e8me va au-del\u00e0 de l'hydratation, renfor\u00e7ant la barri\u00e8re cutan\u00e9e gr\u00e2ce au c\u00e9ramide NP et au cica de premi\u00e8re qualit\u00e9, imitant la structure lamellaire des cellules de la barri\u00e8re cutan\u00e9e. La texture riche mais non grasse adh\u00e8re doucement \u00e0 la peau et laisse un fini soyeux. Les huiles de graines respectueuses de la peau am\u00e9liorent l'absorption de l'essence hautement nutritive, soulageant ainsi la peau s\u00e8che. Gr\u00e2ce \u00e0 sa forte concentration en extrait de Centella Asiatica, cette cr\u00e8me apaise et soutient le processus naturel de gu\u00e9rison de la peau, ce qui la rend id\u00e9ale pour les personnes qui luttent contre la s\u00e9cheresse ou qui recherchent une solution apaisante. Votre peau est choy\u00e9e, hydrat\u00e9e et revitalis\u00e9e sans r\u00e9sidus lourds, ce qui en fait un compl\u00e9ment luxueux \u00e0 votre routine de soins.<\/p>","protected":false},"featured_media":4251,"comment_status":"open","ping_status":"closed","template":"","meta":{"om_disable_all_campaigns":false},"product_brand":[],"product_cat":[57,88,26,36,94],"product_tag":[],"class_list":{"0":"post-4248","1":"product","2":"type-product","3":"status-publish","4":"has-post-thumbnail","6":"product_cat-anti-aging","7":"product_cat-centella","8":"product_cat-face-moisturizer","9":"product_cat-sensitive-skin","10":"product_cat-skin-1004","12":"first","13":"instock","14":"shipping-taxable","15":"purchasable","16":"product-type-simple"},"aioseo_notices":[],"jetpack_sharing_enabled":true,"_links":{"self":[{"href":"https:\/\/k-beautyci.com\/fr\/wp-json\/wp\/v2\/product\/4248","targetHints":{"allow":["GET"]}}],"collection":[{"href":"https:\/\/k-beautyci.com\/fr\/wp-json\/wp\/v2\/product"}],"about":[{"href":"https:\/\/k-beautyci.com\/fr\/wp-json\/wp\/v2\/types\/product"}],"replies":[{"embeddable":true,"href":"https:\/\/k-beautyci.com\/fr\/wp-json\/wp\/v2\/comments?post=4248"}],"wp:featuredmedia":[{"embeddable":true,"href":"https:\/\/k-beautyci.com\/fr\/wp-json\/wp\/v2\/media\/4251"}],"wp:attachment":[{"href":"https:\/\/k-beautyci.com\/fr\/wp-json\/wp\/v2\/media?parent=4248"}],"wp:term":[{"taxonomy":"product_brand","embeddable":true,"href":"https:\/\/k-beautyci.com\/fr\/wp-json\/wp\/v2\/product_brand?post=4248"},{"taxonomy":"product_cat","embeddable":true,"href":"https:\/\/k-beautyci.com\/fr\/wp-json\/wp\/v2\/product_cat?post=4248"},{"taxonomy":"product_tag","embeddable":true,"href":"https:\/\/k-beautyci.com\/fr\/wp-json\/wp\/v2\/product_tag?post=4248"}],"curies":[{"name":"wp","href":"https:\/\/api.w.org\/{rel}","templated":true}]}}