{"id":4242,"date":"2024-06-19T20:22:20","date_gmt":"2024-06-19T20:22:20","guid":{"rendered":"https:\/\/k-beautyci.com\/?post_type=product&#038;p=4242"},"modified":"2026-04-08T22:53:57","modified_gmt":"2026-04-08T22:53:57","slug":"skin1004-madagascar-centella-probio-cica-intensive-ampoule-50ml","status":"publish","type":"product","link":"https:\/\/k-beautyci.com\/fr\/produit\/skin1004-madagascar-centella-probio-cica-intensive-ampoule-50ml\/","title":{"rendered":"Skin1004 MADAGASCAR CENTELLA PROBIO-CICA INTENSIVE AMPOULE 50ml"},"content":{"rendered":"<p>Comment l'utiliser :<\/p>\n<p>Apr\u00e8s avoir nettoy\u00e9 votre peau, d\u00e9posez une quantit\u00e9 suffisante sur un coton ou sur vos mains. Appliquez d\u00e9licatement dans le sens du grain de votre peau et laissez absorber.<\/p>\n<p>Toujours effectuer un test \u00e9picutan\u00e9. Utiliser uniquement selon les instructions. Ne pas utiliser sur une peau ab\u00eem\u00e9e. Si l'irritation ou l'inconfort persistent, cesser l'utilisation et consulter un m\u00e9decin. Suivre les instructions suppl\u00e9mentaires figurant sur l'emballage. Les r\u00e9sultats individuels peuvent varier.<\/p>","protected":false},"excerpt":{"rendered":"<p>L'ampoule SKIN1004 Madagascar Centella Probio-Cica Intensive est un v\u00e9ritable concentr\u00e9 de r\u00e9g\u00e9n\u00e9ration, d'apaisement, d'adoucissement et de rajeunissement de la peau. Enrichie d'extraits intacts de haute qualit\u00e9 de Centella Asiatica r\u00e9colt\u00e9s \u00e0 Madagascar, cette ampoule offre une multitude d'avantages. Elle agit comme une solution tout-en-un, apportant une hydratation intense, \u00e9quilibrant les niveaux de s\u00e9bum, r\u00e9duisant l'acn\u00e9, les plaques s\u00e8ches et les irritations de la peau, tout en pr\u00e9venant les signes de vieillissement. La formulation innovante de l'ampoule et sa forte concentration en extraits purs p\u00e9n\u00e8trent la peau en profondeur, la laissant souple tout au long de la journ\u00e9e. Sa texture laiteuse et gluante se transforme en un fini lisse et doux, sans aucun r\u00e9sidu collant. Id\u00e9ale pour les peaux fragiles et sensibles, elle contient de l'extrait de Centella Asiatica et du ProBio-Cica v\u00e9g\u00e9talien, qui restaurent les barri\u00e8res cutan\u00e9es endommag\u00e9es, emp\u00eachent l'\u00e9vaporation de l'humidit\u00e9 et am\u00e9liorent la douceur de la peau. Sans parfums ni colorants artificiels, c'est une solution s\u00fbre et efficace pour tous les types de peau, y compris les peaux sensibles, qui donne \u00e0 votre peau une sensation d'hydratation, de douceur et de revitalisation.<\/p>","protected":false},"featured_media":4243,"comment_status":"open","ping_status":"closed","template":"","meta":{"om_disable_all_campaigns":false},"product_brand":[],"product_cat":[57,88,42,31,36,94],"product_tag":[],"class_list":{"0":"post-4242","1":"product","2":"type-product","3":"status-publish","4":"has-post-thumbnail","6":"product_cat-anti-aging","7":"product_cat-centella","8":"product_cat-dry-skin","9":"product_cat-face-serums","10":"product_cat-sensitive-skin","11":"product_cat-skin-1004","13":"first","14":"outofstock","15":"shipping-taxable","16":"purchasable","17":"product-type-simple"},"aioseo_notices":[],"jetpack_sharing_enabled":true,"_links":{"self":[{"href":"https:\/\/k-beautyci.com\/fr\/wp-json\/wp\/v2\/product\/4242","targetHints":{"allow":["GET"]}}],"collection":[{"href":"https:\/\/k-beautyci.com\/fr\/wp-json\/wp\/v2\/product"}],"about":[{"href":"https:\/\/k-beautyci.com\/fr\/wp-json\/wp\/v2\/types\/product"}],"replies":[{"embeddable":true,"href":"https:\/\/k-beautyci.com\/fr\/wp-json\/wp\/v2\/comments?post=4242"}],"wp:featuredmedia":[{"embeddable":true,"href":"https:\/\/k-beautyci.com\/fr\/wp-json\/wp\/v2\/media\/4243"}],"wp:attachment":[{"href":"https:\/\/k-beautyci.com\/fr\/wp-json\/wp\/v2\/media?parent=4242"}],"wp:term":[{"taxonomy":"product_brand","embeddable":true,"href":"https:\/\/k-beautyci.com\/fr\/wp-json\/wp\/v2\/product_brand?post=4242"},{"taxonomy":"product_cat","embeddable":true,"href":"https:\/\/k-beautyci.com\/fr\/wp-json\/wp\/v2\/product_cat?post=4242"},{"taxonomy":"product_tag","embeddable":true,"href":"https:\/\/k-beautyci.com\/fr\/wp-json\/wp\/v2\/product_tag?post=4242"}],"curies":[{"name":"wp","href":"https:\/\/api.w.org\/{rel}","templated":true}]}}