{"id":4229,"date":"2024-06-19T16:17:55","date_gmt":"2024-06-19T16:17:55","guid":{"rendered":"https:\/\/k-beautyci.com\/?post_type=product&#038;p=4229"},"modified":"2026-04-02T23:02:47","modified_gmt":"2026-04-02T23:02:47","slug":"numbuzin-no-5-vitamin-concentrated-serum-30ml","status":"publish","type":"product","link":"https:\/\/k-beautyci.com\/fr\/produit\/numbuzin-no-5-vitamin-concentrated-serum-30ml\/","title":{"rendered":"NUMBUZIN No. 5+ Vitamin Concentrated Serum 30ml"},"content":{"rendered":"<p>Comment l'utiliser :<\/p>\n<div class=\"description-item active\">\n<div class=\"body\">\n<p>Utiliser ce s\u00e9rum apr\u00e8s avoir nettoy\u00e9 et tonifi\u00e9 la peau. Appliquer une quantit\u00e9 mod\u00e9r\u00e9e sur la peau et tapoter doucement pour permettre l'absorption. Appliquer une goutte suppl\u00e9mentaire sur les zones pr\u00e9occupantes.<\/p>\n<p>&nbsp;<\/p>\n<p>Avertissement : Pour usage externe uniquement. Toujours effectuer un test \u00e9picutan\u00e9. Cessez d'utiliser le produit si vous ressentez une quelconque g\u00eane. Suivre les instructions suppl\u00e9mentaires figurant sur l'emballage. Les r\u00e9sultats individuels peuvent varier.<\/p>\n<\/div>\n<\/div>","protected":false},"excerpt":{"rendered":"<p>Revitalisez les peaux ternes gr\u00e2ce \u00e0 ce s\u00e9rum riche en vitamines antioxydantes qui redonnent \u00e0 la peau son \u00e9clat naturel. D'autres agents \u00e9claircissants, dont le glutathion, le niacinamide et l'alpha-arbutine, donnent un coup de fouet \u00e0 l'\u00e9clat de la peau. Des extraits v\u00e9g\u00e9taux de canne \u00e0 sucre, de racine de curcuma et de champignon minimisent les irritations.<\/p>","protected":false},"featured_media":4234,"comment_status":"open","ping_status":"closed","template":"","meta":{"om_disable_all_campaigns":false},"product_brand":[],"product_cat":[52,31,33,74,190,72],"product_tag":[],"class_list":{"0":"post-4229","1":"product","2":"type-product","3":"status-publish","4":"has-post-thumbnail","6":"product_cat-dark-spots","7":"product_cat-face-serums","8":"product_cat-face-treatments","9":"product_cat-niacinamide","10":"product_cat-numbuzin","11":"product_cat-vitamin-c","13":"first","14":"outofstock","15":"shipping-taxable","16":"purchasable","17":"product-type-simple"},"aioseo_notices":[],"jetpack_sharing_enabled":true,"_links":{"self":[{"href":"https:\/\/k-beautyci.com\/fr\/wp-json\/wp\/v2\/product\/4229","targetHints":{"allow":["GET"]}}],"collection":[{"href":"https:\/\/k-beautyci.com\/fr\/wp-json\/wp\/v2\/product"}],"about":[{"href":"https:\/\/k-beautyci.com\/fr\/wp-json\/wp\/v2\/types\/product"}],"replies":[{"embeddable":true,"href":"https:\/\/k-beautyci.com\/fr\/wp-json\/wp\/v2\/comments?post=4229"}],"wp:featuredmedia":[{"embeddable":true,"href":"https:\/\/k-beautyci.com\/fr\/wp-json\/wp\/v2\/media\/4234"}],"wp:attachment":[{"href":"https:\/\/k-beautyci.com\/fr\/wp-json\/wp\/v2\/media?parent=4229"}],"wp:term":[{"taxonomy":"product_brand","embeddable":true,"href":"https:\/\/k-beautyci.com\/fr\/wp-json\/wp\/v2\/product_brand?post=4229"},{"taxonomy":"product_cat","embeddable":true,"href":"https:\/\/k-beautyci.com\/fr\/wp-json\/wp\/v2\/product_cat?post=4229"},{"taxonomy":"product_tag","embeddable":true,"href":"https:\/\/k-beautyci.com\/fr\/wp-json\/wp\/v2\/product_tag?post=4229"}],"curies":[{"name":"wp","href":"https:\/\/api.w.org\/{rel}","templated":true}]}}