{"id":4223,"date":"2024-06-19T15:53:24","date_gmt":"2024-06-19T15:53:24","guid":{"rendered":"https:\/\/k-beautyci.com\/?post_type=product&#038;p=4223"},"modified":"2026-01-26T20:14:55","modified_gmt":"2026-01-26T20:14:55","slug":"numbuzin-no-3-radiance-glowing-jumbo-essence-pad-70-pads-150ml","status":"publish","type":"product","link":"https:\/\/k-beautyci.com\/fr\/produit\/numbuzin-no-3-radiance-glowing-jumbo-essence-pad-70-pads-150ml\/","title":{"rendered":"NUMBUZIN No. 3 Radiance Glowing Jumbo Essence Pad (70 Pads) 150ml"},"content":{"rendered":"<p>Comment l'utiliser :<\/p>\n<p>A utiliser dans le cadre de votre programme de soins de base ou selon vos besoins. Appliquer sur le visage apr\u00e8s l'avoir nettoy\u00e9 pour le tonifier.<\/p>\n<div id=\"product-4218\" class=\"product type-product post-4218 status-draft first outofstock product_cat-face-cleansers product_cat-face-exfoliator-peels-scrubs product_cat-makeup-removers product_cat-numbuzin has-post-thumbnail shipping-taxable product-type-simple ct-default-gallery ct-ajax-add-to-cart thumbs-left\">\n<div class=\"woocommerce-tabs wc-tabs-wrapper\" data-type=\"type-1:center\">\n<article>\n<div id=\"tab-description\" class=\"woocommerce-Tabs-panel woocommerce-Tabs-panel--description panel entry-content wc-tab\" role=\"tabpanel\" aria-labelledby=\"tab-title-description\">\n<p>Avertissement : Pour usage externe uniquement. Toujours effectuer un test \u00e9picutan\u00e9. Cessez d'utiliser le produit si vous ressentez une quelconque g\u00eane. Suivre les instructions suppl\u00e9mentaires figurant sur l'emballage. Les r\u00e9sultats individuels peuvent varier.<\/p>\n<\/div>\n<\/article>\n<\/div>\n<\/div>\n<section class=\"related products\">\n\n<\/section>\n<div id=\"product-4218\" class=\"product type-product post-4218 status-draft first outofstock product_cat-face-cleansers product_cat-face-exfoliator-peels-scrubs product_cat-makeup-removers product_cat-numbuzin has-post-thumbnail shipping-taxable product-type-simple ct-default-gallery ct-ajax-add-to-cart thumbs-left\">\n<div class=\"woocommerce-tabs wc-tabs-wrapper\" data-type=\"type-1:center\">\n<article>\n<div id=\"tab-description\" class=\"woocommerce-Tabs-panel woocommerce-Tabs-panel--description panel entry-content wc-tab\" role=\"tabpanel\" aria-labelledby=\"tab-title-description\"><\/div>\n<\/article>\n<\/div>\n<\/div>\n<section class=\"related products\">\n\n<\/section>","protected":false},"excerpt":{"rendered":"<p>Infus\u00e9e de 50 types d'ingr\u00e9dients ferment\u00e9s nourrissants, dont des extraits de ferment de soja et de ferment de raisin pour la peau. La formule contient \u00e9galement de l'ad\u00e9nosine et de la niacinamide pour \u00e9liminer l'aspect terne de la peau, ainsi que du hyaluronate de sodium pour fixer efficacement l'hydratation. Appliquer au d\u00e9but de votre routine de soins pour un coup d'\u00e9clat.<\/p>","protected":false},"featured_media":4228,"comment_status":"open","ping_status":"closed","template":"","meta":{"om_disable_all_campaigns":false},"product_brand":[],"product_cat":[39,190],"product_tag":[],"class_list":{"0":"post-4223","1":"product","2":"type-product","3":"status-publish","4":"has-post-thumbnail","6":"product_cat-face-toners","7":"product_cat-numbuzin","9":"first","10":"instock","11":"shipping-taxable","12":"purchasable","13":"product-type-simple"},"aioseo_notices":[],"jetpack_sharing_enabled":true,"_links":{"self":[{"href":"https:\/\/k-beautyci.com\/fr\/wp-json\/wp\/v2\/product\/4223","targetHints":{"allow":["GET"]}}],"collection":[{"href":"https:\/\/k-beautyci.com\/fr\/wp-json\/wp\/v2\/product"}],"about":[{"href":"https:\/\/k-beautyci.com\/fr\/wp-json\/wp\/v2\/types\/product"}],"replies":[{"embeddable":true,"href":"https:\/\/k-beautyci.com\/fr\/wp-json\/wp\/v2\/comments?post=4223"}],"wp:featuredmedia":[{"embeddable":true,"href":"https:\/\/k-beautyci.com\/fr\/wp-json\/wp\/v2\/media\/4228"}],"wp:attachment":[{"href":"https:\/\/k-beautyci.com\/fr\/wp-json\/wp\/v2\/media?parent=4223"}],"wp:term":[{"taxonomy":"product_brand","embeddable":true,"href":"https:\/\/k-beautyci.com\/fr\/wp-json\/wp\/v2\/product_brand?post=4223"},{"taxonomy":"product_cat","embeddable":true,"href":"https:\/\/k-beautyci.com\/fr\/wp-json\/wp\/v2\/product_cat?post=4223"},{"taxonomy":"product_tag","embeddable":true,"href":"https:\/\/k-beautyci.com\/fr\/wp-json\/wp\/v2\/product_tag?post=4223"}],"curies":[{"name":"wp","href":"https:\/\/api.w.org\/{rel}","templated":true}]}}