{"id":4218,"date":"2024-06-19T15:19:13","date_gmt":"2024-06-19T15:19:13","guid":{"rendered":"https:\/\/k-beautyci.com\/?post_type=product&#038;p=4218"},"modified":"2025-02-05T00:10:44","modified_gmt":"2025-02-05T00:10:44","slug":"numbuzin-no-3-pore-makeup-cleansing-balm-with-green-tea-and-charcoal-85g","status":"publish","type":"product","link":"https:\/\/k-beautyci.com\/fr\/produit\/numbuzin-no-3-pore-makeup-cleansing-balm-with-green-tea-and-charcoal-85g\/","title":{"rendered":"NUMBUZIN No. 3 Pore &amp; Makeup Cleansing Balm With Green Tea And Charcoal 85g"},"content":{"rendered":"<p>Comment l'utiliser :<\/p>\n<p>Appliquer une quantit\u00e9 mod\u00e9r\u00e9e sur la peau s\u00e8che. Masser doucement en effectuant des mouvements de roulement. Ajouter un peu d'eau pour \u00e9mulsionner, puis rincer abondamment.<\/p>\n<p>Avertissement : Pour usage externe uniquement. Toujours effectuer un test \u00e9picutan\u00e9. Cessez d'utiliser le produit si vous ressentez une quelconque g\u00eane. Suivre les instructions suppl\u00e9mentaires figurant sur l'emballage. Les r\u00e9sultats individuels peuvent varier.<\/p>","protected":false},"excerpt":{"rendered":"<p>Un baume nettoyant 2 en 1 pour \u00e9liminer les impuret\u00e9s de la peau et aider \u00e0 r\u00e9tr\u00e9cir les pores en m\u00eame temps. Ce baume nettoyant \u00e9limine en profondeur le maquillage lourd et les impuret\u00e9s sans d\u00e9shydrater la peau. Il est enrichi d'ingr\u00e9dients d\u00e9riv\u00e9s du th\u00e9 vert et de poudre de charbon pour d\u00e9sobstruer les pores et \u00e9liminer l'exc\u00e8s de s\u00e9bum pour une peau lisse et claire. Convient aux peaux sensibles.<\/p>\n<p>&nbsp;<\/p>","protected":false},"featured_media":4222,"comment_status":"open","ping_status":"closed","template":"","meta":{"om_disable_all_campaigns":false},"product_brand":[],"product_cat":[35,61,63,190],"product_tag":[],"class_list":{"0":"post-4218","1":"product","2":"type-product","3":"status-publish","4":"has-post-thumbnail","6":"product_cat-face-cleansers","7":"product_cat-face-exfoliator-peels-scrubs","8":"product_cat-makeup-removers","9":"product_cat-numbuzin","11":"first","12":"outofstock","13":"shipping-taxable","14":"purchasable","15":"product-type-simple"},"aioseo_notices":[],"jetpack_sharing_enabled":true,"_links":{"self":[{"href":"https:\/\/k-beautyci.com\/fr\/wp-json\/wp\/v2\/product\/4218","targetHints":{"allow":["GET"]}}],"collection":[{"href":"https:\/\/k-beautyci.com\/fr\/wp-json\/wp\/v2\/product"}],"about":[{"href":"https:\/\/k-beautyci.com\/fr\/wp-json\/wp\/v2\/types\/product"}],"replies":[{"embeddable":true,"href":"https:\/\/k-beautyci.com\/fr\/wp-json\/wp\/v2\/comments?post=4218"}],"wp:featuredmedia":[{"embeddable":true,"href":"https:\/\/k-beautyci.com\/fr\/wp-json\/wp\/v2\/media\/4222"}],"wp:attachment":[{"href":"https:\/\/k-beautyci.com\/fr\/wp-json\/wp\/v2\/media?parent=4218"}],"wp:term":[{"taxonomy":"product_brand","embeddable":true,"href":"https:\/\/k-beautyci.com\/fr\/wp-json\/wp\/v2\/product_brand?post=4218"},{"taxonomy":"product_cat","embeddable":true,"href":"https:\/\/k-beautyci.com\/fr\/wp-json\/wp\/v2\/product_cat?post=4218"},{"taxonomy":"product_tag","embeddable":true,"href":"https:\/\/k-beautyci.com\/fr\/wp-json\/wp\/v2\/product_tag?post=4218"}],"curies":[{"name":"wp","href":"https:\/\/api.w.org\/{rel}","templated":true}]}}