{"id":4212,"date":"2024-06-19T12:50:20","date_gmt":"2024-06-19T12:50:20","guid":{"rendered":"https:\/\/k-beautyci.com\/?post_type=product&#038;p=4212"},"modified":"2026-02-02T15:54:06","modified_gmt":"2026-02-02T15:54:06","slug":"mixsoon-bean-stick-balm","status":"publish","type":"product","link":"https:\/\/k-beautyci.com\/fr\/produit\/mixsoon-bean-stick-balm\/","title":{"rendered":"MIXSOON Bean Stick Balm"},"content":{"rendered":"<p>Comment l'utiliser :<\/p>\n<p>Appliquez-le uniform\u00e9ment sur les zones s\u00e8ches pour maintenir la peau hydrat\u00e9e.<\/p>\n<p>Avertissement : Pour usage externe uniquement. Toujours effectuer un test \u00e9picutan\u00e9. Cessez d'utiliser le produit si vous ressentez une quelconque g\u00eane. Suivre les instructions suppl\u00e9mentaires figurant sur l'emballage. Les r\u00e9sultats individuels peuvent varier.<\/p>","protected":false},"excerpt":{"rendered":"<p>Offrez \u00e0 votre peau l'\u00e9treinte nourrissante du baume en b\u00e2ton aux haricots de MIXSOON, un hydratant pratique en b\u00e2ton con\u00e7u pour une hydratation en d\u00e9placement. Infus\u00e9 avec l'ingr\u00e9dient signature de MIXSOON, l'huile de Glycine Soja (soja), ce baume nourrit en profondeur tout en fortifiant la barri\u00e8re cutan\u00e9e.<\/p>\n<p>L'ajout de 9 types de probiotiques contribue \u00e0 maintenir l'\u00e9quilibre d\u00e9licat de la peau, lui donnant un \u00e9clat sain et rebondi. La formule l\u00e9g\u00e8re assure une absorption rapide sans aucun r\u00e9sidu collant, ce qui la rend parfaite pour une superposition de plusieurs couches afin de renforcer les effets hydratants.<\/p>","protected":false},"featured_media":4214,"comment_status":"open","ping_status":"closed","template":"","meta":{"om_disable_all_campaigns":false},"product_brand":[],"product_cat":[26,196],"product_tag":[],"class_list":{"0":"post-4212","1":"product","2":"type-product","3":"status-publish","4":"has-post-thumbnail","6":"product_cat-face-moisturizer","7":"product_cat-mixsoon","9":"first","10":"instock","11":"shipping-taxable","12":"purchasable","13":"product-type-simple"},"aioseo_notices":[],"jetpack_sharing_enabled":true,"_links":{"self":[{"href":"https:\/\/k-beautyci.com\/fr\/wp-json\/wp\/v2\/product\/4212","targetHints":{"allow":["GET"]}}],"collection":[{"href":"https:\/\/k-beautyci.com\/fr\/wp-json\/wp\/v2\/product"}],"about":[{"href":"https:\/\/k-beautyci.com\/fr\/wp-json\/wp\/v2\/types\/product"}],"replies":[{"embeddable":true,"href":"https:\/\/k-beautyci.com\/fr\/wp-json\/wp\/v2\/comments?post=4212"}],"wp:featuredmedia":[{"embeddable":true,"href":"https:\/\/k-beautyci.com\/fr\/wp-json\/wp\/v2\/media\/4214"}],"wp:attachment":[{"href":"https:\/\/k-beautyci.com\/fr\/wp-json\/wp\/v2\/media?parent=4212"}],"wp:term":[{"taxonomy":"product_brand","embeddable":true,"href":"https:\/\/k-beautyci.com\/fr\/wp-json\/wp\/v2\/product_brand?post=4212"},{"taxonomy":"product_cat","embeddable":true,"href":"https:\/\/k-beautyci.com\/fr\/wp-json\/wp\/v2\/product_cat?post=4212"},{"taxonomy":"product_tag","embeddable":true,"href":"https:\/\/k-beautyci.com\/fr\/wp-json\/wp\/v2\/product_tag?post=4212"}],"curies":[{"name":"wp","href":"https:\/\/api.w.org\/{rel}","templated":true}]}}