{"id":4203,"date":"2024-06-19T12:28:51","date_gmt":"2024-06-19T12:28:51","guid":{"rendered":"https:\/\/k-beautyci.com\/?post_type=product&#038;p=4203"},"modified":"2026-02-02T15:53:24","modified_gmt":"2026-02-02T15:53:24","slug":"mixsoon-bean-cream","status":"publish","type":"product","link":"https:\/\/k-beautyci.com\/fr\/produit\/mixsoon-bean-cream\/","title":{"rendered":"mixsoon Bean Cream"},"content":{"rendered":"<p>Comment l'utiliser :<\/p>\n<p>En derni\u00e8re \u00e9tape de votre routine de soins, appliquez une quantit\u00e9 mod\u00e9r\u00e9e sur votre visage et tapotez l\u00e9g\u00e8rement pour faire p\u00e9n\u00e9trer le produit.<\/p>\n<p>Avertissement : Pour usage externe uniquement. Toujours effectuer un test \u00e9picutan\u00e9. Cessez d'utiliser le produit si vous ressentez une quelconque g\u00eane. Suivre les instructions suppl\u00e9mentaires figurant sur l'emballage. Les r\u00e9sultats individuels peuvent varier.<\/p>","protected":false},"excerpt":{"rendered":"<p>Apportez une dose de vitalit\u00e9 et de nutrition pour une peau radieuse. Cette cr\u00e8me est formul\u00e9e avec de l'extrait de soja ferment\u00e9 et du Lactobacillus qui aident \u00e0 maintenir l'\u00e9quilibre eau\/huile en apportant une hydratation durable. Un m\u00e9lange suppl\u00e9mentaire de grenade, d'orge et de poire ferment\u00e9es est riche en vitamine C, E et en flavono\u00efdes pour rajeunir la peau, renforcer son \u00e9lasticit\u00e9 et am\u00e9liorer sa vitalit\u00e9. Sa texture dense apporte des nutriments remplis d'antioxydants en profondeur dans la peau sans laisser d'effet collant.<\/p>","protected":false},"featured_media":4210,"comment_status":"open","ping_status":"closed","template":"","meta":{"om_disable_all_campaigns":false},"product_brand":[],"product_cat":[42,26,196,66,41,36],"product_tag":[],"class_list":{"0":"post-4203","1":"product","2":"type-product","3":"status-publish","4":"has-post-thumbnail","6":"product_cat-dry-skin","7":"product_cat-face-moisturizer","8":"product_cat-mixsoon","9":"product_cat-normal-combination-skin","10":"product_cat-oily-skin","11":"product_cat-sensitive-skin","13":"first","14":"instock","15":"shipping-taxable","16":"purchasable","17":"product-type-simple"},"aioseo_notices":[],"jetpack_sharing_enabled":true,"_links":{"self":[{"href":"https:\/\/k-beautyci.com\/fr\/wp-json\/wp\/v2\/product\/4203","targetHints":{"allow":["GET"]}}],"collection":[{"href":"https:\/\/k-beautyci.com\/fr\/wp-json\/wp\/v2\/product"}],"about":[{"href":"https:\/\/k-beautyci.com\/fr\/wp-json\/wp\/v2\/types\/product"}],"replies":[{"embeddable":true,"href":"https:\/\/k-beautyci.com\/fr\/wp-json\/wp\/v2\/comments?post=4203"}],"wp:featuredmedia":[{"embeddable":true,"href":"https:\/\/k-beautyci.com\/fr\/wp-json\/wp\/v2\/media\/4210"}],"wp:attachment":[{"href":"https:\/\/k-beautyci.com\/fr\/wp-json\/wp\/v2\/media?parent=4203"}],"wp:term":[{"taxonomy":"product_brand","embeddable":true,"href":"https:\/\/k-beautyci.com\/fr\/wp-json\/wp\/v2\/product_brand?post=4203"},{"taxonomy":"product_cat","embeddable":true,"href":"https:\/\/k-beautyci.com\/fr\/wp-json\/wp\/v2\/product_cat?post=4203"},{"taxonomy":"product_tag","embeddable":true,"href":"https:\/\/k-beautyci.com\/fr\/wp-json\/wp\/v2\/product_tag?post=4203"}],"curies":[{"name":"wp","href":"https:\/\/api.w.org\/{rel}","templated":true}]}}