{"id":420,"date":"2023-03-07T10:44:45","date_gmt":"2023-03-07T10:44:45","guid":{"rendered":"https:\/\/k-beautyci.com\/?post_type=product&#038;p=420"},"modified":"2025-10-10T04:03:11","modified_gmt":"2025-10-10T04:03:11","slug":"tiam-snail-azulene-water-essence-180ml","status":"publish","type":"product","link":"https:\/\/k-beautyci.com\/fr\/produit\/tiam-snail-azulene-water-essence-180ml\/","title":{"rendered":"TIA&#8217;M Snail &amp; Azulene Water Essence 180ml"},"content":{"rendered":"<p><b>Avantages :<\/b><\/p>\n<ul>\n<li>Formul\u00e9 avec 87% de filtrat de s\u00e9cr\u00e9tion d'escargot et de l'azul\u00e8ne extrait de la camomille pour apaiser la peau irrit\u00e9e et la laisser hydrat\u00e9e.<\/li>\n<li>Pr\u00e9vient la perte d'hydratation et r\u00e9tablit l'\u00e9quilibre de la peau.<\/li>\n<li>Sans alcool.<\/li>\n<\/ul>\n<p><b>Comment l'utiliser :<\/b><br \/>\n1. Apr\u00e8s le nettoyage, verser une quantit\u00e9 mod\u00e9r\u00e9e sur la paume de la main.<br \/>\n2. Appliquer sur l'ensemble du visage et tapoter d\u00e9licatement pour une meilleure absorption.<br \/>\n3. Appliquer plusieurs couches pour un meilleur effet hydratant si n\u00e9cessaire.<\/p>\n<p>&nbsp;<\/p>\n<p>Avertissement : Pour usage externe uniquement. Toujours effectuer un test \u00e9picutan\u00e9. Cessez d'utiliser le produit si vous ressentez une quelconque g\u00eane. Suivre les instructions suppl\u00e9mentaires figurant sur l'emballage. Les r\u00e9sultats individuels peuvent varier.<\/p>","protected":false},"excerpt":{"rendered":"<p>Enrichie de 87% de filtrat de s\u00e9cr\u00e9tion d'escargot et d'azul\u00e8ne, cette essence aqueuse sans alcool aide \u00e0 pr\u00e9venir la perte d'hydratation en r\u00e9tablissant l'\u00e9quilibre hydrique de la peau, tout en la laissant apais\u00e9e et hydrat\u00e9e. Convient aux peaux sensibles.<\/p>","protected":false},"featured_media":422,"comment_status":"open","ping_status":"closed","template":"","meta":{"om_disable_all_campaigns":false},"product_brand":[],"product_cat":[42,32,31,66,41,36,86,97],"product_tag":[],"class_list":{"0":"post-420","1":"product","2":"type-product","3":"status-publish","4":"has-post-thumbnail","6":"product_cat-dry-skin","7":"product_cat-essence","8":"product_cat-face-serums","9":"product_cat-normal-combination-skin","10":"product_cat-oily-skin","11":"product_cat-sensitive-skin","12":"product_cat-snail-mucin","13":"product_cat-tiam","15":"first","16":"instock","17":"sale","18":"shipping-taxable","19":"purchasable","20":"product-type-simple"},"aioseo_notices":[],"jetpack_sharing_enabled":true,"_links":{"self":[{"href":"https:\/\/k-beautyci.com\/fr\/wp-json\/wp\/v2\/product\/420","targetHints":{"allow":["GET"]}}],"collection":[{"href":"https:\/\/k-beautyci.com\/fr\/wp-json\/wp\/v2\/product"}],"about":[{"href":"https:\/\/k-beautyci.com\/fr\/wp-json\/wp\/v2\/types\/product"}],"replies":[{"embeddable":true,"href":"https:\/\/k-beautyci.com\/fr\/wp-json\/wp\/v2\/comments?post=420"}],"wp:featuredmedia":[{"embeddable":true,"href":"https:\/\/k-beautyci.com\/fr\/wp-json\/wp\/v2\/media\/422"}],"wp:attachment":[{"href":"https:\/\/k-beautyci.com\/fr\/wp-json\/wp\/v2\/media?parent=420"}],"wp:term":[{"taxonomy":"product_brand","embeddable":true,"href":"https:\/\/k-beautyci.com\/fr\/wp-json\/wp\/v2\/product_brand?post=420"},{"taxonomy":"product_cat","embeddable":true,"href":"https:\/\/k-beautyci.com\/fr\/wp-json\/wp\/v2\/product_cat?post=420"},{"taxonomy":"product_tag","embeddable":true,"href":"https:\/\/k-beautyci.com\/fr\/wp-json\/wp\/v2\/product_tag?post=420"}],"curies":[{"name":"wp","href":"https:\/\/api.w.org\/{rel}","templated":true}]}}