{"id":4195,"date":"2024-06-19T12:15:27","date_gmt":"2024-06-19T12:15:27","guid":{"rendered":"https:\/\/k-beautyci.com\/?post_type=product&#038;p=4195"},"modified":"2026-02-16T22:58:41","modified_gmt":"2026-02-16T22:58:41","slug":"heimish-matcha-biome-intensive-repair-cream-50ml","status":"publish","type":"product","link":"https:\/\/k-beautyci.com\/fr\/produit\/heimish-matcha-biome-intensive-repair-cream-50ml\/","title":{"rendered":"HEIMISH Matcha Biome Intensive Repair Cream 50ml"},"content":{"rendered":"<p>Comment l'utiliser :<\/p>\n<p>Apr\u00e8s avoir nettoy\u00e9 la peau, appliquer le produit sur l'ensemble du visage en guise de derni\u00e8re \u00e9tape de votre routine de soins.<\/p>\n<p>&nbsp;<\/p>\n<p>Avertissement : Pour usage externe uniquement. Toujours effectuer un test \u00e9picutan\u00e9. Cessez d'utiliser le produit si vous ressentez une quelconque g\u00eane. Suivre les instructions suppl\u00e9mentaires figurant sur la bo\u00eete. Les r\u00e9sultats individuels peuvent varier.<\/p>","protected":false},"excerpt":{"rendered":"<p>Mettez les probiotiques Matcha directement sur votre peau pour une barri\u00e8re cutan\u00e9e plus saine !  Cette cr\u00e8me hydratante l\u00e9g\u00e8re remplit votre peau d'humidit\u00e9 sans laisser de fini gras, et renforce la force naturelle de la peau avec 50 % d'extrait de Matcha et sans alcool.  Parfait pour les peaux sensibles et s\u00e8ches - Double couche de cr\u00e8me pour emprisonner l'hydratation \u00e0 l'int\u00e9rieur tout en gardant votre peau en s\u00e9curit\u00e9.<\/p>","protected":false},"featured_media":4202,"comment_status":"open","ping_status":"closed","template":"","meta":{"om_disable_all_campaigns":false},"product_brand":[],"product_cat":[42,26,91,66,41,36],"product_tag":[],"class_list":{"0":"post-4195","1":"product","2":"type-product","3":"status-publish","4":"has-post-thumbnail","6":"product_cat-dry-skin","7":"product_cat-face-moisturizer","8":"product_cat-heimish","9":"product_cat-normal-combination-skin","10":"product_cat-oily-skin","11":"product_cat-sensitive-skin","13":"first","14":"outofstock","15":"shipping-taxable","16":"purchasable","17":"product-type-simple"},"aioseo_notices":[],"jetpack_sharing_enabled":true,"_links":{"self":[{"href":"https:\/\/k-beautyci.com\/fr\/wp-json\/wp\/v2\/product\/4195","targetHints":{"allow":["GET"]}}],"collection":[{"href":"https:\/\/k-beautyci.com\/fr\/wp-json\/wp\/v2\/product"}],"about":[{"href":"https:\/\/k-beautyci.com\/fr\/wp-json\/wp\/v2\/types\/product"}],"replies":[{"embeddable":true,"href":"https:\/\/k-beautyci.com\/fr\/wp-json\/wp\/v2\/comments?post=4195"}],"wp:featuredmedia":[{"embeddable":true,"href":"https:\/\/k-beautyci.com\/fr\/wp-json\/wp\/v2\/media\/4202"}],"wp:attachment":[{"href":"https:\/\/k-beautyci.com\/fr\/wp-json\/wp\/v2\/media?parent=4195"}],"wp:term":[{"taxonomy":"product_brand","embeddable":true,"href":"https:\/\/k-beautyci.com\/fr\/wp-json\/wp\/v2\/product_brand?post=4195"},{"taxonomy":"product_cat","embeddable":true,"href":"https:\/\/k-beautyci.com\/fr\/wp-json\/wp\/v2\/product_cat?post=4195"},{"taxonomy":"product_tag","embeddable":true,"href":"https:\/\/k-beautyci.com\/fr\/wp-json\/wp\/v2\/product_tag?post=4195"}],"curies":[{"name":"wp","href":"https:\/\/api.w.org\/{rel}","templated":true}]}}