{"id":4188,"date":"2024-06-19T11:14:40","date_gmt":"2024-06-19T11:14:40","guid":{"rendered":"https:\/\/k-beautyci.com\/?post_type=product&#038;p=4188"},"modified":"2026-01-29T18:30:35","modified_gmt":"2026-01-29T18:30:35","slug":"dr-ceuracle-vegan-kombucha-beginning-set","status":"publish","type":"product","link":"https:\/\/k-beautyci.com\/fr\/produit\/dr-ceuracle-vegan-kombucha-beginning-set\/","title":{"rendered":"DR CEURACLE Vegan Kombucha Beginning Set"},"content":{"rendered":"<p style=\"padding-left: 30px\">Comment l'utiliser :<\/p>\n<p style=\"padding-left: 30px\">DR CEURACLE Vegan Kombucha Tea Essence<\/p>\n<p style=\"padding-left: 30px\">Bien agiter avant utilisation. Appliquez le produit apr\u00e8s avoir nettoy\u00e9 le visage. Vous pouvez l'appliquer avec vos mains ou le d\u00e9poser sur un disque de coton et le passer sur votre visage.<\/p>\n<p style=\"padding-left: 30px\">DR CEURACLE Vegan Kombucha Tea Gel Cream<\/p>\n<p style=\"padding-left: 30px\">Apr\u00e8s l'application de l'essence, appliquer uniform\u00e9ment sur le visage en \u00e9vitant le contour des yeux.<\/p>\n<p>Avertissement : Pour usage externe uniquement. Toujours effectuer un test \u00e9picutan\u00e9. Cessez d'utiliser le produit si vous ressentez une quelconque g\u00eane. Suivre les instructions suppl\u00e9mentaires figurant sur l'emballage. Les r\u00e9sultats individuels peuvent varier.<\/p>","protected":false},"excerpt":{"rendered":"<p>Cet ensemble de d\u00e9part Kombucha contient deux produits de taille moyenne de la gamme Kombucha du Dr Ceuracle, la plus vendue. Avec des formules v\u00e9g\u00e9taliennes, il comprend l'Essence v\u00e9g\u00e9talienne au th\u00e9 Kombucha, qui sert \u00e9galement de tonique, et le Gel-cr\u00e8me v\u00e9g\u00e9talien au th\u00e9 Kombucha. Infus\u00e9s de th\u00e9 Kombucha, ils aident \u00e0 soigner la peau, \u00e0 l'hydrater et \u00e0 la nourrir gr\u00e2ce \u00e0 leurs propri\u00e9t\u00e9s probiotiques.  Gr\u00e2ce \u00e0 ces deux produits, votre peau sera saine et \u00e9clatante ! Parfait pour tous les types de peau.<\/p>\n<p style=\"padding-left: 30px\">A l'int\u00e9rieur, vous trouverez : DR CEURACLE Vegan Kombucha Tea Essence (50ml) et DR CEURACLE Vegan Kombucha Tea Gel Cream (30ml).<\/p>","protected":false},"featured_media":4193,"comment_status":"open","ping_status":"closed","template":"","meta":{"om_disable_all_campaigns":false},"product_brand":[],"product_cat":[189,26,39,64],"product_tag":[],"class_list":{"0":"post-4188","1":"product","2":"type-product","3":"status-publish","4":"has-post-thumbnail","6":"product_cat-dr-ceracule","7":"product_cat-face-moisturizer","8":"product_cat-face-toners","9":"product_cat-kits-duos","11":"first","12":"instock","13":"sale","14":"shipping-taxable","15":"purchasable","16":"product-type-simple"},"aioseo_notices":[],"jetpack_sharing_enabled":true,"_links":{"self":[{"href":"https:\/\/k-beautyci.com\/fr\/wp-json\/wp\/v2\/product\/4188","targetHints":{"allow":["GET"]}}],"collection":[{"href":"https:\/\/k-beautyci.com\/fr\/wp-json\/wp\/v2\/product"}],"about":[{"href":"https:\/\/k-beautyci.com\/fr\/wp-json\/wp\/v2\/types\/product"}],"replies":[{"embeddable":true,"href":"https:\/\/k-beautyci.com\/fr\/wp-json\/wp\/v2\/comments?post=4188"}],"wp:featuredmedia":[{"embeddable":true,"href":"https:\/\/k-beautyci.com\/fr\/wp-json\/wp\/v2\/media\/4193"}],"wp:attachment":[{"href":"https:\/\/k-beautyci.com\/fr\/wp-json\/wp\/v2\/media?parent=4188"}],"wp:term":[{"taxonomy":"product_brand","embeddable":true,"href":"https:\/\/k-beautyci.com\/fr\/wp-json\/wp\/v2\/product_brand?post=4188"},{"taxonomy":"product_cat","embeddable":true,"href":"https:\/\/k-beautyci.com\/fr\/wp-json\/wp\/v2\/product_cat?post=4188"},{"taxonomy":"product_tag","embeddable":true,"href":"https:\/\/k-beautyci.com\/fr\/wp-json\/wp\/v2\/product_tag?post=4188"}],"curies":[{"name":"wp","href":"https:\/\/api.w.org\/{rel}","templated":true}]}}