{"id":418,"date":"2023-03-07T10:38:45","date_gmt":"2023-03-07T10:38:45","guid":{"rendered":"https:\/\/k-beautyci.com\/?post_type=product&#038;p=418"},"modified":"2025-11-27T16:30:50","modified_gmt":"2025-11-27T16:30:50","slug":"tiam-snail-azulene-low-ph-cleanser","status":"publish","type":"product","link":"https:\/\/k-beautyci.com\/fr\/produit\/tiam-snail-azulene-low-ph-cleanser\/","title":{"rendered":"TIA&#8217;M Snail &amp; Azulene Low pH Cleanser 200ml"},"content":{"rendered":"<p><b>Avantages :<\/b><\/p>\n<ul>\n<li>Un nettoyant pour le visage l\u00e9g\u00e8rement acide qui aide \u00e0 maintenir un bon \u00e9quilibre de la peau tout en renfor\u00e7ant sa barri\u00e8re d'hydratation naturelle.<\/li>\n<li>Infus\u00e9 d'extrait d'azul\u00e8ne et de mucine d'escargot, il \u00e9limine les impuret\u00e9s sans laisser de sensation de s\u00e9cheresse et de tiraillement sur le visage.<\/li>\n<li>Cette formule douce ne provoque pas d'irritation et convient aux peaux sensibles.<\/li>\n<\/ul>\n<p><b>Comment l'utiliser :<\/b><br \/>\n1. Appliquer une petite quantit\u00e9 sur les mains mouill\u00e9es et bien faire mousser.<br \/>\n2. Appliquer la mousse sur le visage et masser en mouvements circulaires.<br \/>\n3. Rincer \u00e0 l'eau ti\u00e8de.<\/p>\n<p>Avertissement : Pour usage externe uniquement. Toujours effectuer un test \u00e9picutan\u00e9. Cessez d'utiliser le produit si vous ressentez une quelconque g\u00eane. Suivre les instructions suppl\u00e9mentaires figurant sur l'emballage. Les r\u00e9sultats individuels peuvent varier.<\/p>","protected":false},"excerpt":{"rendered":"<p>Ce gel nettoyant doux \u00e0 faible pH, qui respecte la peau, est hydratant et \u00e0 pH \u00e9quilibr\u00e9. Il est infus\u00e9 d'extrait d'azul\u00e8ne et de mucine d'escargot pour d\u00e9barrasser la peau de ses impuret\u00e9s sans la d\u00e9shydrater.<\/p>","protected":false},"featured_media":419,"comment_status":"open","ping_status":"closed","template":"","meta":{"om_disable_all_campaigns":false},"product_brand":[],"product_cat":[42,35,66,41,36,86,97],"product_tag":[],"class_list":{"0":"post-418","1":"product","2":"type-product","3":"status-publish","4":"has-post-thumbnail","6":"product_cat-dry-skin","7":"product_cat-face-cleansers","8":"product_cat-normal-combination-skin","9":"product_cat-oily-skin","10":"product_cat-sensitive-skin","11":"product_cat-snail-mucin","12":"product_cat-tiam","14":"first","15":"instock","16":"shipping-taxable","17":"purchasable","18":"product-type-simple"},"aioseo_notices":[],"jetpack_sharing_enabled":true,"_links":{"self":[{"href":"https:\/\/k-beautyci.com\/fr\/wp-json\/wp\/v2\/product\/418","targetHints":{"allow":["GET"]}}],"collection":[{"href":"https:\/\/k-beautyci.com\/fr\/wp-json\/wp\/v2\/product"}],"about":[{"href":"https:\/\/k-beautyci.com\/fr\/wp-json\/wp\/v2\/types\/product"}],"replies":[{"embeddable":true,"href":"https:\/\/k-beautyci.com\/fr\/wp-json\/wp\/v2\/comments?post=418"}],"wp:featuredmedia":[{"embeddable":true,"href":"https:\/\/k-beautyci.com\/fr\/wp-json\/wp\/v2\/media\/419"}],"wp:attachment":[{"href":"https:\/\/k-beautyci.com\/fr\/wp-json\/wp\/v2\/media?parent=418"}],"wp:term":[{"taxonomy":"product_brand","embeddable":true,"href":"https:\/\/k-beautyci.com\/fr\/wp-json\/wp\/v2\/product_brand?post=418"},{"taxonomy":"product_cat","embeddable":true,"href":"https:\/\/k-beautyci.com\/fr\/wp-json\/wp\/v2\/product_cat?post=418"},{"taxonomy":"product_tag","embeddable":true,"href":"https:\/\/k-beautyci.com\/fr\/wp-json\/wp\/v2\/product_tag?post=418"}],"curies":[{"name":"wp","href":"https:\/\/api.w.org\/{rel}","templated":true}]}}