{"id":4176,"date":"2024-06-19T10:23:47","date_gmt":"2024-06-19T10:23:47","guid":{"rendered":"https:\/\/k-beautyci.com\/?post_type=product&#038;p=4176"},"modified":"2026-03-10T12:30:42","modified_gmt":"2026-03-10T12:30:42","slug":"innisfree-super-volcanic-pore-clay-mask-100ml","status":"publish","type":"product","link":"https:\/\/k-beautyci.com\/fr\/produit\/innisfree-super-volcanic-pore-clay-mask-100ml\/","title":{"rendered":"INNISFREE Super Volcanic Pore Clay Mask 100ml"},"content":{"rendered":"<p>Comment l'utiliser :<\/p>\n<p>Apr\u00e8s avoir nettoy\u00e9 le visage, appliquer la quantit\u00e9 souhait\u00e9e sur l'ensemble du visage sec ou sur des zones sp\u00e9cifiques o\u00f9 les pores sont pr\u00e9occupants. Laisser agir pendant 10 minutes ou jusqu'\u00e0 ce que le produit soit sec. Rincer d\u00e9licatement en massant en mouvements circulaires avec de l'eau ti\u00e8de. Utiliser 1 \u00e0 2 fois par semaine.<\/p>\n<div class=\"description-item active\">\n<div class=\"body\">\n<p>Avertissement : Pour usage externe uniquement. Toujours effectuer un test \u00e9picutan\u00e9. Cessez d'utiliser le produit si vous ressentez une quelconque g\u00eane. Suivre les instructions suppl\u00e9mentaires figurant sur l'emballage. Les r\u00e9sultats individuels peuvent varier.<\/p>\n<\/div>\n<\/div>","protected":false},"excerpt":{"rendered":"<p>Ce masque purifiant \u00e0 l'argile est sp\u00e9cialement con\u00e7u pour d\u00e9toxifier et revitaliser la peau. Sa formule nettoyante en profondeur contient des capsules d'argile volcanique qui \u00e9liminent les toxines et les impuret\u00e9s, ainsi que l'exc\u00e8s de s\u00e9bum, pour r\u00e9duire la taille des pores, resserrer la peau et affiner le grain de peau apr\u00e8s chaque utilisation.<\/p>\n<p>Ce masque \u00e0 l'argile 10 en un offre un soin intensif des pores avec une absorption du s\u00e9bum 2 fois plus forte gr\u00e2ce \u00e0 l'amas volcanique Jeju Volcanic Cluster Sphere\u2122. B\u00e9n\u00e9fices : Resserrement des pores, absorption du s\u00e9bum, am\u00e9lioration de la texture de la peau, \u00e9claircissement de la peau, nettoyage en profondeur des pores, \u00e9limination des poussi\u00e8res fines, effet rafra\u00eechissant, exfoliation de la peau, \u00e9lasticit\u00e9 de la peau et r\u00e9duction des points noirs. Il pr\u00e9vient les probl\u00e8mes de peau en \u00e9liminant efficacement les fines particules de poussi\u00e8re dans les pores gr\u00e2ce \u00e0 un effet de nettoyage en profondeur. Sa formule de type cr\u00e8me garantit une application en douceur et nettoie les pores avec une sensation de fra\u00eecheur.<\/p>","protected":false},"featured_media":4187,"comment_status":"open","ping_status":"closed","template":"","meta":{"om_disable_all_campaigns":false},"product_brand":[],"product_cat":[78,61,62,154],"product_tag":[],"class_list":{"0":"post-4176","1":"product","2":"type-product","3":"status-publish","4":"has-post-thumbnail","6":"product_cat-aha-bha","7":"product_cat-face-exfoliator-peels-scrubs","8":"product_cat-face-masks","9":"product_cat-innisfree","11":"first","12":"instock","13":"shipping-taxable","14":"purchasable","15":"product-type-simple"},"aioseo_notices":[],"jetpack_sharing_enabled":true,"_links":{"self":[{"href":"https:\/\/k-beautyci.com\/fr\/wp-json\/wp\/v2\/product\/4176","targetHints":{"allow":["GET"]}}],"collection":[{"href":"https:\/\/k-beautyci.com\/fr\/wp-json\/wp\/v2\/product"}],"about":[{"href":"https:\/\/k-beautyci.com\/fr\/wp-json\/wp\/v2\/types\/product"}],"replies":[{"embeddable":true,"href":"https:\/\/k-beautyci.com\/fr\/wp-json\/wp\/v2\/comments?post=4176"}],"wp:featuredmedia":[{"embeddable":true,"href":"https:\/\/k-beautyci.com\/fr\/wp-json\/wp\/v2\/media\/4187"}],"wp:attachment":[{"href":"https:\/\/k-beautyci.com\/fr\/wp-json\/wp\/v2\/media?parent=4176"}],"wp:term":[{"taxonomy":"product_brand","embeddable":true,"href":"https:\/\/k-beautyci.com\/fr\/wp-json\/wp\/v2\/product_brand?post=4176"},{"taxonomy":"product_cat","embeddable":true,"href":"https:\/\/k-beautyci.com\/fr\/wp-json\/wp\/v2\/product_cat?post=4176"},{"taxonomy":"product_tag","embeddable":true,"href":"https:\/\/k-beautyci.com\/fr\/wp-json\/wp\/v2\/product_tag?post=4176"}],"curies":[{"name":"wp","href":"https:\/\/api.w.org\/{rel}","templated":true}]}}