{"id":416,"date":"2023-03-07T10:32:09","date_gmt":"2023-03-07T10:32:09","guid":{"rendered":"https:\/\/k-beautyci.com\/?post_type=product&#038;p=416"},"modified":"2026-03-09T15:47:47","modified_gmt":"2026-03-09T15:47:47","slug":"tiam-vita-b3-source","status":"publish","type":"product","link":"https:\/\/k-beautyci.com\/fr\/produit\/tiam-vita-b3-source\/","title":{"rendered":"TIA&#8217;M Vita B3 Source"},"content":{"rendered":"<p><b>Avantages :<\/b><\/p>\n<ul>\n<li>Un s\u00e9rum \u00e0 double puissance avec 10 % de Niacinamide et une dose suppl\u00e9mentaire de 2 % d'Arbutine pour \u00e9claircir la peau, pr\u00e9venir la production de m\u00e9lanine et combattre la formation de taches brunes.<\/li>\n<li>Aide \u00e0 estomper l'apparence des taches brunes et \u00e0 corriger les irr\u00e9gularit\u00e9s du teint.<\/li>\n<li>Contribue \u00e9galement \u00e0 att\u00e9nuer l'apparence des d\u00e9colorations pour un teint plus \u00e9clatant.<\/li>\n<li>Compos\u00e9 de 10 % de niacinamide pour r\u00e9duire la production excessive de s\u00e9bum et traiter les \u00e9ruptions cutan\u00e9es.<\/li>\n<\/ul>\n<p><b>Comment l'utiliser :<\/b><br \/>\n1. Appliquer uniform\u00e9ment 2 \u00e0 3 gouttes sur le visage apr\u00e8s l'avoir pr\u00e9par\u00e9 avec le tonique.<br \/>\n2. R\u00e9appliquer sur les zones concern\u00e9es et tapoter doucement jusqu'\u00e0 absorption compl\u00e8te.<br \/>\n3. Appliquer une couche de cr\u00e8me solaire apr\u00e8s l'application.<\/p>\n<p>&nbsp;<\/p>\n<p>Avertissement : Pour usage externe uniquement. Toujours effectuer un test \u00e9picutan\u00e9. Cessez d'utiliser le produit si vous ressentez une quelconque g\u00eane. Suivre les instructions suppl\u00e9mentaires figurant sur l'emballage. Les r\u00e9sultats individuels peuvent varier.<\/p>","protected":false},"excerpt":{"rendered":"<p>Transformez le teint terne et in\u00e9gal gr\u00e2ce \u00e0 ce s\u00e9rum enrichi en niacinamide et en arbutine pour estomper les taches brunes, contr\u00f4ler les \u00e9ruptions cutan\u00e9es et r\u00e9duire l'exc\u00e8s de s\u00e9bum, ainsi qu'en allanto\u00efne pour apaiser la peau. Pour les peaux sensibles, m\u00e9langer avec un tonique ou une cr\u00e8me pour des r\u00e9sultats optimaux.<\/p>","protected":false},"featured_media":417,"comment_status":"open","ping_status":"closed","template":"","meta":{"om_disable_all_campaigns":false},"product_brand":[],"product_cat":[60,52,42,31,74,66,41,97],"product_tag":[],"class_list":{"0":"post-416","1":"product","2":"type-product","3":"status-publish","4":"has-post-thumbnail","6":"product_cat-acne","7":"product_cat-dark-spots","8":"product_cat-dry-skin","9":"product_cat-face-serums","10":"product_cat-niacinamide","11":"product_cat-normal-combination-skin","12":"product_cat-oily-skin","13":"product_cat-tiam","15":"first","16":"instock","17":"shipping-taxable","18":"purchasable","19":"product-type-simple"},"aioseo_notices":[],"jetpack_sharing_enabled":true,"_links":{"self":[{"href":"https:\/\/k-beautyci.com\/fr\/wp-json\/wp\/v2\/product\/416","targetHints":{"allow":["GET"]}}],"collection":[{"href":"https:\/\/k-beautyci.com\/fr\/wp-json\/wp\/v2\/product"}],"about":[{"href":"https:\/\/k-beautyci.com\/fr\/wp-json\/wp\/v2\/types\/product"}],"replies":[{"embeddable":true,"href":"https:\/\/k-beautyci.com\/fr\/wp-json\/wp\/v2\/comments?post=416"}],"wp:featuredmedia":[{"embeddable":true,"href":"https:\/\/k-beautyci.com\/fr\/wp-json\/wp\/v2\/media\/417"}],"wp:attachment":[{"href":"https:\/\/k-beautyci.com\/fr\/wp-json\/wp\/v2\/media?parent=416"}],"wp:term":[{"taxonomy":"product_brand","embeddable":true,"href":"https:\/\/k-beautyci.com\/fr\/wp-json\/wp\/v2\/product_brand?post=416"},{"taxonomy":"product_cat","embeddable":true,"href":"https:\/\/k-beautyci.com\/fr\/wp-json\/wp\/v2\/product_cat?post=416"},{"taxonomy":"product_tag","embeddable":true,"href":"https:\/\/k-beautyci.com\/fr\/wp-json\/wp\/v2\/product_tag?post=416"}],"curies":[{"name":"wp","href":"https:\/\/api.w.org\/{rel}","templated":true}]}}