{"id":4155,"date":"2024-06-17T12:40:46","date_gmt":"2024-06-17T12:40:46","guid":{"rendered":"https:\/\/k-beautyci.com\/?post_type=product&#038;p=4155"},"modified":"2026-03-31T23:11:01","modified_gmt":"2026-03-31T23:11:01","slug":"anua-heartleaf-silky-moisture-sun-cream","status":"publish","type":"product","link":"https:\/\/k-beautyci.com\/fr\/produit\/anua-heartleaf-silky-moisture-sun-cream\/","title":{"rendered":"Anua Heartleaf Silky Moisture Sun Cream"},"content":{"rendered":"<p><b>Comment l'utiliser :<\/b><br \/>\n1. Appliquez-le \u00e0 la derni\u00e8re \u00e9tape de la routine de soins de la peau, 15 minutes avant de sortir.<\/p>\n<p>2. Appliquer deux \u00e0 trois fois une quantit\u00e9 \u00e9quivalente \u00e0 la taille d'un doigt.<\/p>\n<p>3. La texture douce et hydratante vous permet de l'appliquer \u00e0 tout moment.<\/p>\n<div class=\"description-item active\">\n<div class=\"body\">\n<p>Avertissement : Pour usage externe uniquement. Toujours effectuer un test \u00e9picutan\u00e9. Cessez d'utiliser le produit si vous ressentez une quelconque g\u00eane. Suivre les instructions suppl\u00e9mentaires figurant sur l'emballage. Les r\u00e9sultats individuels peuvent varier.<\/p>\n<\/div>\n<\/div>\n<div class=\"description-item\">\n<h2 class=\"title\"><\/h2>\n<\/div>","protected":false},"excerpt":{"rendered":"<p>Cette cr\u00e8me solaire utilise des filtres chimiques pour offrir une protection solaire \u00e0 large spectre SPF 50+ PA++++. Cette cr\u00e8me solaire biologique apaise et hydrate la peau gr\u00e2ce \u00e0 des ingr\u00e9dients tels que l'extrait d'houttuynia cordata et le panth\u00e9nol. Avec un effet de contr\u00f4le du s\u00e9bum, la formule se glisse bien sous le fond de teint et prolonge la tenue du maquillage.<\/p>","protected":false},"featured_media":10072,"comment_status":"open","ping_status":"closed","template":"","meta":{"om_disable_all_campaigns":false},"product_brand":[],"product_cat":[183,77],"product_tag":[],"class_list":{"0":"post-4155","1":"product","2":"type-product","3":"status-publish","4":"has-post-thumbnail","6":"product_cat-anua","7":"product_cat-spf-50","9":"first","10":"outofstock","11":"shipping-taxable","12":"purchasable","13":"product-type-simple"},"aioseo_notices":[],"jetpack_sharing_enabled":true,"_links":{"self":[{"href":"https:\/\/k-beautyci.com\/fr\/wp-json\/wp\/v2\/product\/4155","targetHints":{"allow":["GET"]}}],"collection":[{"href":"https:\/\/k-beautyci.com\/fr\/wp-json\/wp\/v2\/product"}],"about":[{"href":"https:\/\/k-beautyci.com\/fr\/wp-json\/wp\/v2\/types\/product"}],"replies":[{"embeddable":true,"href":"https:\/\/k-beautyci.com\/fr\/wp-json\/wp\/v2\/comments?post=4155"}],"wp:featuredmedia":[{"embeddable":true,"href":"https:\/\/k-beautyci.com\/fr\/wp-json\/wp\/v2\/media\/10072"}],"wp:attachment":[{"href":"https:\/\/k-beautyci.com\/fr\/wp-json\/wp\/v2\/media?parent=4155"}],"wp:term":[{"taxonomy":"product_brand","embeddable":true,"href":"https:\/\/k-beautyci.com\/fr\/wp-json\/wp\/v2\/product_brand?post=4155"},{"taxonomy":"product_cat","embeddable":true,"href":"https:\/\/k-beautyci.com\/fr\/wp-json\/wp\/v2\/product_cat?post=4155"},{"taxonomy":"product_tag","embeddable":true,"href":"https:\/\/k-beautyci.com\/fr\/wp-json\/wp\/v2\/product_tag?post=4155"}],"curies":[{"name":"wp","href":"https:\/\/api.w.org\/{rel}","templated":true}]}}