{"id":414,"date":"2023-03-06T23:19:21","date_gmt":"2023-03-06T23:19:21","guid":{"rendered":"https:\/\/k-beautyci.com\/?post_type=product&#038;p=414"},"modified":"2024-07-11T10:11:22","modified_gmt":"2024-07-11T10:11:22","slug":"mary-may-vegan-blackberry-complex-cream-essence","status":"publish","type":"product","link":"https:\/\/k-beautyci.com\/fr\/produit\/mary-may-vegan-blackberry-complex-cream-essence\/","title":{"rendered":"Mary &#038; May Vegan Blackberry Complex Cream Essence"},"content":{"rendered":"<p><b>Avantages :<\/b><\/p>\n<ul>\n<li>Une essence en cr\u00e8me formul\u00e9e avec la technologie exclusive d'\u00e9mulsion \u00e0 double phase de MARY &amp; MAY pour favoriser une absorption rapide par la peau.<\/li>\n<li>Contient 50 000 ppm d'extrait de m\u00fbre aux vertus anti-\u00e2ge.<\/li>\n<li>Infus\u00e9 avec 100 000 ppm d'eau de lotus bleu pour hydrater et apaiser la peau tout en renfor\u00e7ant son \u00e9lasticit\u00e9.<\/li>\n<li>Enrichi en huile de graines de jojoba et en c\u00e9ramides NP pour renforcer la barri\u00e8re cutan\u00e9e et assurer une hydratation r\u00e9guli\u00e8re.<\/li>\n<li>La formule hypoallerg\u00e9nique est certifi\u00e9e v\u00e9g\u00e9talienne et sans cruaut\u00e9. Tous les ingr\u00e9dients utilis\u00e9s sont certifi\u00e9s EWG Green Grade.<b>Comment l'utiliser :<\/b><br \/>\n1. Agiter le r\u00e9cipient pour m\u00e9langer les couches de cr\u00e8me et d'essence.<br \/>\n2. Verser une quantit\u00e9 appropri\u00e9e dans les mains et appliquer sur la peau.<\/li>\n<\/ul>\n<p>&nbsp;<\/p>\n<p>Avertissement : Pour usage externe uniquement. Toujours effectuer un test \u00e9picutan\u00e9. Cessez d'utiliser le produit si vous ressentez une quelconque g\u00eane. Suivre les instructions suppl\u00e9mentaires figurant sur l'emballage. Les r\u00e9sultats individuels peuvent varier.<\/p>","protected":false},"excerpt":{"rendered":"<p>Contenant 50 000 ppm d'extrait de m\u00fbre et 100 000 ppm d'eau de lotus bleu, cette essence de cr\u00e8me v\u00e9g\u00e9talienne a des effets apaisants, anti-\u00e2ge et hydratants. Les ingr\u00e9dients suppl\u00e9mentaires que sont l'huile de graines de jojoba et le c\u00e9ramide NP aident \u00e0 fortifier la barri\u00e8re cutan\u00e9e tout en augmentant les niveaux d'hydratation. Ce produit test\u00e9 dermatologiquement convient aux peaux sensibles. Pour l'utiliser, agiter soigneusement le flacon pour m\u00e9langer les couches de cr\u00e8me et d'essence avant d'appliquer une quantit\u00e9 mod\u00e9r\u00e9e sur le visage.<\/p>","protected":false},"featured_media":415,"comment_status":"open","ping_status":"closed","template":"","meta":{"om_disable_all_campaigns":false},"product_brand":[],"product_cat":[57,32,26,33,96],"product_tag":[],"class_list":{"0":"post-414","1":"product","2":"type-product","3":"status-publish","4":"has-post-thumbnail","6":"product_cat-anti-aging","7":"product_cat-essence","8":"product_cat-face-moisturizer","9":"product_cat-face-treatments","10":"product_cat-mary-may","12":"first","13":"outofstock","14":"shipping-taxable","15":"purchasable","16":"product-type-simple"},"aioseo_notices":[],"jetpack_sharing_enabled":true,"_links":{"self":[{"href":"https:\/\/k-beautyci.com\/fr\/wp-json\/wp\/v2\/product\/414","targetHints":{"allow":["GET"]}}],"collection":[{"href":"https:\/\/k-beautyci.com\/fr\/wp-json\/wp\/v2\/product"}],"about":[{"href":"https:\/\/k-beautyci.com\/fr\/wp-json\/wp\/v2\/types\/product"}],"replies":[{"embeddable":true,"href":"https:\/\/k-beautyci.com\/fr\/wp-json\/wp\/v2\/comments?post=414"}],"wp:featuredmedia":[{"embeddable":true,"href":"https:\/\/k-beautyci.com\/fr\/wp-json\/wp\/v2\/media\/415"}],"wp:attachment":[{"href":"https:\/\/k-beautyci.com\/fr\/wp-json\/wp\/v2\/media?parent=414"}],"wp:term":[{"taxonomy":"product_brand","embeddable":true,"href":"https:\/\/k-beautyci.com\/fr\/wp-json\/wp\/v2\/product_brand?post=414"},{"taxonomy":"product_cat","embeddable":true,"href":"https:\/\/k-beautyci.com\/fr\/wp-json\/wp\/v2\/product_cat?post=414"},{"taxonomy":"product_tag","embeddable":true,"href":"https:\/\/k-beautyci.com\/fr\/wp-json\/wp\/v2\/product_tag?post=414"}],"curies":[{"name":"wp","href":"https:\/\/api.w.org\/{rel}","templated":true}]}}