{"id":4139,"date":"2024-06-17T00:13:54","date_gmt":"2024-06-17T00:13:54","guid":{"rendered":"https:\/\/k-beautyci.com\/?post_type=product&#038;p=4139"},"modified":"2026-04-12T23:55:13","modified_gmt":"2026-04-12T23:55:13","slug":"anua-heartleaf-quercetinol-pore-deep-cleansing-foam-150ml","status":"publish","type":"product","link":"https:\/\/k-beautyci.com\/fr\/produit\/anua-heartleaf-quercetinol-pore-deep-cleansing-foam-150ml\/","title":{"rendered":"Anua Heartleaf Quercetinol Pore Deep Cleansing Foam 150ml"},"content":{"rendered":"<p>Comment l'utiliser :<\/p>\n<p>Pr\u00e9lever une quantit\u00e9 mod\u00e9r\u00e9e et l'appliquer sur le visage apr\u00e8s l'avoir fait mousser. Masser d\u00e9licatement l'ensemble du visage, puis rincer.<\/p>\n<p>Avertissement : Pour usage externe uniquement. Toujours effectuer un test \u00e9picutan\u00e9. Cessez d'utiliser le produit si vous ressentez une quelconque g\u00eane. Suivre les instructions suppl\u00e9mentaires figurant sur l'emballage. Les r\u00e9sultats individuels peuvent varier.<\/p>","protected":false},"excerpt":{"rendered":"<p>This tranquil cleansing foam, starring beloved skincare ingredient heartleaf, is perfect for acne-prone skin. Formulated with several naturally-derived ingredients, this cleanser is made to give your skin a soothing experience while unclogging the pores. Quercetin offers skin benefits as a potent antioxidant that helps protect the skin from oxidative stress, leaving the skin looking younger.<\/p>","protected":false},"featured_media":4142,"comment_status":"open","ping_status":"closed","template":"","meta":{"om_disable_all_campaigns":false},"product_brand":[],"product_cat":[183,35],"product_tag":[],"class_list":{"0":"post-4139","1":"product","2":"type-product","3":"status-publish","4":"has-post-thumbnail","6":"product_cat-anua","7":"product_cat-face-cleansers","9":"first","10":"outofstock","11":"shipping-taxable","12":"purchasable","13":"product-type-simple"},"aioseo_notices":[],"jetpack_sharing_enabled":true,"_links":{"self":[{"href":"https:\/\/k-beautyci.com\/fr\/wp-json\/wp\/v2\/product\/4139","targetHints":{"allow":["GET"]}}],"collection":[{"href":"https:\/\/k-beautyci.com\/fr\/wp-json\/wp\/v2\/product"}],"about":[{"href":"https:\/\/k-beautyci.com\/fr\/wp-json\/wp\/v2\/types\/product"}],"replies":[{"embeddable":true,"href":"https:\/\/k-beautyci.com\/fr\/wp-json\/wp\/v2\/comments?post=4139"}],"wp:featuredmedia":[{"embeddable":true,"href":"https:\/\/k-beautyci.com\/fr\/wp-json\/wp\/v2\/media\/4142"}],"wp:attachment":[{"href":"https:\/\/k-beautyci.com\/fr\/wp-json\/wp\/v2\/media?parent=4139"}],"wp:term":[{"taxonomy":"product_brand","embeddable":true,"href":"https:\/\/k-beautyci.com\/fr\/wp-json\/wp\/v2\/product_brand?post=4139"},{"taxonomy":"product_cat","embeddable":true,"href":"https:\/\/k-beautyci.com\/fr\/wp-json\/wp\/v2\/product_cat?post=4139"},{"taxonomy":"product_tag","embeddable":true,"href":"https:\/\/k-beautyci.com\/fr\/wp-json\/wp\/v2\/product_tag?post=4139"}],"curies":[{"name":"wp","href":"https:\/\/api.w.org\/{rel}","templated":true}]}}