{"id":4128,"date":"2024-06-17T00:05:53","date_gmt":"2024-06-17T00:05:53","guid":{"rendered":"https:\/\/k-beautyci.com\/?post_type=product&#038;p=4128"},"modified":"2026-04-19T22:29:31","modified_gmt":"2026-04-19T22:29:31","slug":"anua-10-niacinamide-4-txa-dark-spot-correcting-serum","status":"publish","type":"product","link":"https:\/\/k-beautyci.com\/fr\/produit\/anua-10-niacinamide-4-txa-dark-spot-correcting-serum\/","title":{"rendered":"Anua 10% Niacinamide + 4% TXA  Serum"},"content":{"rendered":"<p>Comment l'utiliser :<\/p>\n<p>Appliquer 2 \u00e0 3 gouttes sur le visage et tapoter doucement jusqu'\u00e0 absorption.<\/p>\n<p>Avertissement : Pour usage externe uniquement. Toujours effectuer un test \u00e9picutan\u00e9. Cessez d'utiliser le produit si vous ressentez une quelconque g\u00eane. Suivre les instructions suppl\u00e9mentaires figurant sur l'emballage. Les r\u00e9sultats individuels peuvent varier.<\/p>","protected":false},"excerpt":{"rendered":"<p>Combattez les taches brunes et le teint in\u00e9gal avec le s\u00e9rum correcteur de taches brunes Anua 10% Niacinamide + 4% TXA ! Dot\u00e9 d'un puissant trio de h\u00e9ros des soins de la peau, ce s\u00e9rum l\u00e9ger cible l'hyperpigmentation et r\u00e9v\u00e8le un teint plus \u00e9clatant. 10 % de niacinamide, 4 % d'acide tranexamique et 2 % d'alpha-arbutine font \u00e9quipe pour combattre l'apparence des taches et des cicatrices d'acn\u00e9.<\/p>","protected":false},"featured_media":7190,"comment_status":"open","ping_status":"closed","template":"","meta":{"om_disable_all_campaigns":false},"product_brand":[],"product_cat":[183,52,33],"product_tag":[],"class_list":{"0":"post-4128","1":"product","2":"type-product","3":"status-publish","4":"has-post-thumbnail","6":"product_cat-anua","7":"product_cat-dark-spots","8":"product_cat-face-treatments","10":"first","11":"outofstock","12":"shipping-taxable","13":"purchasable","14":"product-type-simple"},"aioseo_notices":[],"jetpack_sharing_enabled":true,"_links":{"self":[{"href":"https:\/\/k-beautyci.com\/fr\/wp-json\/wp\/v2\/product\/4128","targetHints":{"allow":["GET"]}}],"collection":[{"href":"https:\/\/k-beautyci.com\/fr\/wp-json\/wp\/v2\/product"}],"about":[{"href":"https:\/\/k-beautyci.com\/fr\/wp-json\/wp\/v2\/types\/product"}],"replies":[{"embeddable":true,"href":"https:\/\/k-beautyci.com\/fr\/wp-json\/wp\/v2\/comments?post=4128"}],"wp:featuredmedia":[{"embeddable":true,"href":"https:\/\/k-beautyci.com\/fr\/wp-json\/wp\/v2\/media\/7190"}],"wp:attachment":[{"href":"https:\/\/k-beautyci.com\/fr\/wp-json\/wp\/v2\/media?parent=4128"}],"wp:term":[{"taxonomy":"product_brand","embeddable":true,"href":"https:\/\/k-beautyci.com\/fr\/wp-json\/wp\/v2\/product_brand?post=4128"},{"taxonomy":"product_cat","embeddable":true,"href":"https:\/\/k-beautyci.com\/fr\/wp-json\/wp\/v2\/product_cat?post=4128"},{"taxonomy":"product_tag","embeddable":true,"href":"https:\/\/k-beautyci.com\/fr\/wp-json\/wp\/v2\/product_tag?post=4128"}],"curies":[{"name":"wp","href":"https:\/\/api.w.org\/{rel}","templated":true}]}}