{"id":4119,"date":"2024-07-08T14:43:58","date_gmt":"2024-07-08T14:43:58","guid":{"rendered":"https:\/\/k-beautyci.com\/?post_type=product&#038;p=4119"},"modified":"2024-11-22T11:24:43","modified_gmt":"2024-11-22T11:24:43","slug":"haruharu-wonder-black-bamboo-daily-soothing-sun-shield-20g","status":"publish","type":"product","link":"https:\/\/k-beautyci.com\/fr\/produit\/haruharu-wonder-black-bamboo-daily-soothing-sun-shield-20g\/","title":{"rendered":"Haruharu Wonder Black Bamboo Daily Soothing Sun Shield 20g"},"content":{"rendered":"<p>Comment l'utiliser :<\/p>\n<p>1. \u00c0 la derni\u00e8re \u00e9tape de votre routine de soin, tournez la base pour exposer environ 0,5 cm du b\u00e2ton et appliquez-le soigneusement sur toute peau expos\u00e9e, comme le visage, le cou et les \u00e9paules.<br \/>\n2. Emportez ce stick solaire portable avec vous et renouvelez l'application toutes les 2 heures pour une protection optimale.<\/p>\n<p>Avertissement : Pour usage externe uniquement. Toujours effectuer un test \u00e9picutan\u00e9. Cessez d'utiliser le produit si vous ressentez une quelconque g\u00eane. Suivre les instructions suppl\u00e9mentaires figurant sur l'emballage. Les r\u00e9sultats individuels peuvent varier.<\/p>","protected":false},"excerpt":{"rendered":"<p>Voici votre nouveau compagnon de voyage indispensable : le baume solaire doux et pratique de haruharu wonder. Les soins solaires ne devraient jamais vous ralentir. Black Bamboo Daily Soothing Sun Shield est toujours l\u00e0 pour vous, o\u00f9 que vous alliez, couriez, fassiez de l'exercice ou voyagiez. Fabriqu\u00e9 \u00e0 partir d'ingr\u00e9dients biologiques de qualit\u00e9 sup\u00e9rieure soigneusement s\u00e9lectionn\u00e9s, notre stick solaire est certifi\u00e9 v\u00e9g\u00e9talien, sans cruaut\u00e9 et sans danger pour les r\u00e9cifs coralliens. Sa texture l\u00e9g\u00e8re comme une plume rafra\u00eechit et apaise instantan\u00e9ment, procurant une sensation de fra\u00eecheur \u00e0 chaque application. Il contient en outre de la niacinamide et de l'ad\u00e9nosine pour fixer l'hydratation dans la peau, tout en donnant un teint \u00e9clatant.<\/p>","protected":false},"featured_media":4126,"comment_status":"open","ping_status":"closed","template":"","meta":{"om_disable_all_campaigns":false},"product_brand":[],"product_cat":[42,152,66,41,36,77],"product_tag":[],"class_list":{"0":"post-4119","1":"product","2":"type-product","3":"status-publish","4":"has-post-thumbnail","6":"product_cat-dry-skin","7":"product_cat-haruharu-wonder","8":"product_cat-normal-combination-skin","9":"product_cat-oily-skin","10":"product_cat-sensitive-skin","11":"product_cat-spf-50","13":"first","14":"outofstock","15":"shipping-taxable","16":"purchasable","17":"product-type-simple"},"aioseo_notices":[],"jetpack_sharing_enabled":true,"_links":{"self":[{"href":"https:\/\/k-beautyci.com\/fr\/wp-json\/wp\/v2\/product\/4119","targetHints":{"allow":["GET"]}}],"collection":[{"href":"https:\/\/k-beautyci.com\/fr\/wp-json\/wp\/v2\/product"}],"about":[{"href":"https:\/\/k-beautyci.com\/fr\/wp-json\/wp\/v2\/types\/product"}],"replies":[{"embeddable":true,"href":"https:\/\/k-beautyci.com\/fr\/wp-json\/wp\/v2\/comments?post=4119"}],"wp:featuredmedia":[{"embeddable":true,"href":"https:\/\/k-beautyci.com\/fr\/wp-json\/wp\/v2\/media\/4126"}],"wp:attachment":[{"href":"https:\/\/k-beautyci.com\/fr\/wp-json\/wp\/v2\/media?parent=4119"}],"wp:term":[{"taxonomy":"product_brand","embeddable":true,"href":"https:\/\/k-beautyci.com\/fr\/wp-json\/wp\/v2\/product_brand?post=4119"},{"taxonomy":"product_cat","embeddable":true,"href":"https:\/\/k-beautyci.com\/fr\/wp-json\/wp\/v2\/product_cat?post=4119"},{"taxonomy":"product_tag","embeddable":true,"href":"https:\/\/k-beautyci.com\/fr\/wp-json\/wp\/v2\/product_tag?post=4119"}],"curies":[{"name":"wp","href":"https:\/\/api.w.org\/{rel}","templated":true}]}}