{"id":4113,"date":"2024-06-14T17:46:09","date_gmt":"2024-06-14T17:46:09","guid":{"rendered":"https:\/\/k-beautyci.com\/?post_type=product&#038;p=4113"},"modified":"2026-04-16T01:31:09","modified_gmt":"2026-04-16T01:31:09","slug":"haruharu-wonder-black-rice-moisture-airyfit-daily-sunscreen-spf50-pa50ml","status":"publish","type":"product","link":"https:\/\/k-beautyci.com\/fr\/produit\/haruharu-wonder-black-rice-moisture-airyfit-daily-sunscreen-spf50-pa50ml\/","title":{"rendered":"Haruharu Wonder Black Rice Moisture Airyfit Daily Sunscreen SPF50+ PA++++50ml"},"content":{"rendered":"<p><strong>Comment l'utiliser :<\/strong><\/p>\n<p>Appliquer comme derni\u00e8re \u00e9tape de votre routine de soins. \u00c9tendre et masser doucement sur la peau, en \u00e9vitant le contour des yeux et de la bouche. Renouveler l'application si n\u00e9cessaire tout au long de la journ\u00e9e pour une protection solaire maximale.<\/p>\n<p>Avertissement : Pour usage externe uniquement. Toujours effectuer un test \u00e9picutan\u00e9. Cessez d'utiliser le produit si vous ressentez une quelconque g\u00eane. Suivre les instructions suppl\u00e9mentaires figurant sur l'emballage. Les r\u00e9sultats individuels peuvent varier.<\/p>","protected":false},"excerpt":{"rendered":"<p>Profitez d'une protection solaire efficace gr\u00e2ce \u00e0 l'\u00e9cran solaire quotidien Haruharu WONDER Black Rice Moisture Airfit SPF50+ PA++++. Cet \u00e9cran solaire chimique offre une solution l\u00e9g\u00e8re avec un large spectre puissant de SPF50+ PA++++ pour prot\u00e9ger votre peau des rayons UV nocifs sans trace de blanchiment. Infus\u00e9 avec les prouesses hydratantes de l'extrait de riz noir, l'\u00e9cran solaire biologique \u00e0 texture de cr\u00e8me hydrate et fournit des avantages antioxydants.<\/p>","protected":false},"featured_media":4118,"comment_status":"open","ping_status":"closed","template":"","meta":{"om_disable_all_campaigns":false},"product_brand":[],"product_cat":[152,77],"product_tag":[],"class_list":{"0":"post-4113","1":"product","2":"type-product","3":"status-publish","4":"has-post-thumbnail","6":"product_cat-haruharu-wonder","7":"product_cat-spf-50","9":"first","10":"instock","11":"shipping-taxable","12":"purchasable","13":"product-type-simple"},"aioseo_notices":[],"jetpack_sharing_enabled":true,"_links":{"self":[{"href":"https:\/\/k-beautyci.com\/fr\/wp-json\/wp\/v2\/product\/4113","targetHints":{"allow":["GET"]}}],"collection":[{"href":"https:\/\/k-beautyci.com\/fr\/wp-json\/wp\/v2\/product"}],"about":[{"href":"https:\/\/k-beautyci.com\/fr\/wp-json\/wp\/v2\/types\/product"}],"replies":[{"embeddable":true,"href":"https:\/\/k-beautyci.com\/fr\/wp-json\/wp\/v2\/comments?post=4113"}],"wp:featuredmedia":[{"embeddable":true,"href":"https:\/\/k-beautyci.com\/fr\/wp-json\/wp\/v2\/media\/4118"}],"wp:attachment":[{"href":"https:\/\/k-beautyci.com\/fr\/wp-json\/wp\/v2\/media?parent=4113"}],"wp:term":[{"taxonomy":"product_brand","embeddable":true,"href":"https:\/\/k-beautyci.com\/fr\/wp-json\/wp\/v2\/product_brand?post=4113"},{"taxonomy":"product_cat","embeddable":true,"href":"https:\/\/k-beautyci.com\/fr\/wp-json\/wp\/v2\/product_cat?post=4113"},{"taxonomy":"product_tag","embeddable":true,"href":"https:\/\/k-beautyci.com\/fr\/wp-json\/wp\/v2\/product_tag?post=4113"}],"curies":[{"name":"wp","href":"https:\/\/api.w.org\/{rel}","templated":true}]}}