{"id":411,"date":"2023-03-06T23:13:22","date_gmt":"2023-03-06T23:13:22","guid":{"rendered":"https:\/\/k-beautyci.com\/?post_type=product&#038;p=411"},"modified":"2026-04-09T11:58:32","modified_gmt":"2026-04-09T11:58:32","slug":"tocobo-cotton-soft-sun-stick","status":"publish","type":"product","link":"https:\/\/k-beautyci.com\/fr\/produit\/tocobo-cotton-soft-sun-stick\/","title":{"rendered":"Tocobo Cotton Soft Sun Stick"},"content":{"rendered":"<p><b>Avantages :<\/b><\/p>\n<ul>\n<li style=\"list-style-type: none\">\n<ul>\n<li>Le stick solaire v\u00e9g\u00e9talien et sans cruaut\u00e9 bloque les rayons UV et r\u00e9duit l'apparence de la peau grasse et textur\u00e9e.<\/li>\n<\/ul>\n<\/li>\n<\/ul>\n<ul>\n<li style=\"list-style-type: none\">\n<ul>\n<li>Hydrate la peau et contr\u00f4le la production de s\u00e9bum.<\/li>\n<\/ul>\n<\/li>\n<\/ul>\n<ul>\n<li style=\"list-style-type: none\">\n<ul>\n<li>Formul\u00e9 avec de l'extrait de coton pour hydrater et prot\u00e9ger la peau et du Herb AC Complex\u2122 qui aide \u00e0 calmer la peau.<\/li>\n<\/ul>\n<\/li>\n<\/ul>\n<ul>\n<li style=\"list-style-type: none\">\n<ul>\n<li>Stick solaire portable \u00e0 large spectre avec une formule fra\u00eeche et l\u00e9g\u00e8re pour une protection UV \u00e0 tout moment et en tout lieu.<\/li>\n<\/ul>\n<\/li>\n<\/ul>\n<p>&nbsp;<\/p>\n<p><b>Comment l'utiliser :<\/b><\/p>\n<ul>\n<li style=\"list-style-type: none\">\n<ul>\n<li>Appliquer le stick solaire sur le visage et les parties du corps expos\u00e9es aux rayons UV. Renouveler l'application chaque fois que n\u00e9cessaire.<\/li>\n<\/ul>\n<\/li>\n<\/ul>\n<p>&nbsp;<\/p>\n<p>&nbsp;<\/p>\n<p><b>Size:<\/b>\u00a0\u00a0 19g<\/p>\n<p>Avertissement : Pour usage externe uniquement. Toujours effectuer un test \u00e9picutan\u00e9. Cessez d'utiliser le produit si vous ressentez une quelconque g\u00eane. Suivre les instructions suppl\u00e9mentaires figurant sur l'emballage. Les r\u00e9sultats individuels peuvent varier.<\/p>","protected":false},"excerpt":{"rendered":"<p>Ce stick solaire v\u00e9g\u00e9talien offre une protection UV SPF 50+ PA++++. Il hydrate la peau avec de l'onagre, calme la peau et contr\u00f4le l'exc\u00e8s de s\u00e9bum avec le complexe AC Herb Complex. Appliquer le stick solaire portable sur le visage et les zones du corps 30 minutes avant l'exposition au soleil.<\/p>","protected":false},"featured_media":412,"comment_status":"open","ping_status":"closed","template":"","meta":{"om_disable_all_campaigns":false},"product_brand":[],"product_cat":[77,75,95],"product_tag":[],"class_list":{"0":"post-411","1":"product","2":"type-product","3":"status-publish","4":"has-post-thumbnail","6":"product_cat-spf-50","7":"product_cat-sunscreens","8":"product_cat-tocobo","10":"first","11":"outofstock","12":"shipping-taxable","13":"purchasable","14":"product-type-simple"},"aioseo_notices":[],"jetpack_sharing_enabled":true,"_links":{"self":[{"href":"https:\/\/k-beautyci.com\/fr\/wp-json\/wp\/v2\/product\/411","targetHints":{"allow":["GET"]}}],"collection":[{"href":"https:\/\/k-beautyci.com\/fr\/wp-json\/wp\/v2\/product"}],"about":[{"href":"https:\/\/k-beautyci.com\/fr\/wp-json\/wp\/v2\/types\/product"}],"replies":[{"embeddable":true,"href":"https:\/\/k-beautyci.com\/fr\/wp-json\/wp\/v2\/comments?post=411"}],"wp:featuredmedia":[{"embeddable":true,"href":"https:\/\/k-beautyci.com\/fr\/wp-json\/wp\/v2\/media\/412"}],"wp:attachment":[{"href":"https:\/\/k-beautyci.com\/fr\/wp-json\/wp\/v2\/media?parent=411"}],"wp:term":[{"taxonomy":"product_brand","embeddable":true,"href":"https:\/\/k-beautyci.com\/fr\/wp-json\/wp\/v2\/product_brand?post=411"},{"taxonomy":"product_cat","embeddable":true,"href":"https:\/\/k-beautyci.com\/fr\/wp-json\/wp\/v2\/product_cat?post=411"},{"taxonomy":"product_tag","embeddable":true,"href":"https:\/\/k-beautyci.com\/fr\/wp-json\/wp\/v2\/product_tag?post=411"}],"curies":[{"name":"wp","href":"https:\/\/api.w.org\/{rel}","templated":true}]}}