{"id":4105,"date":"2024-06-14T15:50:21","date_gmt":"2024-06-14T15:50:21","guid":{"rendered":"https:\/\/k-beautyci.com\/?post_type=product&#038;p=4105"},"modified":"2026-05-02T21:24:10","modified_gmt":"2026-05-02T21:24:10","slug":"haruharu-wonder-centella-phyto-5-peptide-concentrate","status":"publish","type":"product","link":"https:\/\/k-beautyci.com\/fr\/produit\/haruharu-wonder-centella-phyto-5-peptide-concentrate\/","title":{"rendered":"Haruharu WONDER Centella Phyto &amp; 5 Peptide Concentrate"},"content":{"rendered":"<p><strong>Comment l'utiliser :<\/strong><\/p>\n<p>Appliquer et \u00e9taler d\u00e9licatement sur la peau \u00e0 la derni\u00e8re \u00e9tape de votre routine de soins, en \u00e9vitant le contour des yeux et de la bouche. Tapoter l\u00e9g\u00e8rement pour faire p\u00e9n\u00e9trer le produit dans la peau.<\/p>\n<p>Avertissement : Pour usage externe uniquement. Toujours effectuer un test \u00e9picutan\u00e9. Cessez d'utiliser le produit si vous ressentez une quelconque g\u00eane. Suivre les instructions suppl\u00e9mentaires figurant sur l'emballage. Les r\u00e9sultats individuels peuvent varier.<\/p>","protected":false},"excerpt":{"rendered":"<p>Faites plaisir \u00e0 votre peau avec la luxueuse cr\u00e8me Haruharu WONDER Centella Phyto &amp; 5 Peptide Concentrate, une cr\u00e8me polyvalente pour le visage qui r\u00e9pond \u00e0 de multiples pr\u00e9occupations en mati\u00e8re de soins de la peau en une seule formule compl\u00e8te. Enrichie d'un puissant m\u00e9lange de 5 Peptide Complex, cette cr\u00e8me v\u00e9g\u00e9talienne combat les signes du vieillissement, en am\u00e9liorant la fermet\u00e9 de la peau et en minimisant l'apparence des rides et ridules, tout en fortifiant la barri\u00e8re cutan\u00e9e.<br \/>\nLes prot\u00e9ines de soja hydrolys\u00e9es et l'ad\u00e9nosine assurent une hydratation intense et favorisent l'\u00e9lasticit\u00e9, tandis que le squal\u00e8ne et la caf\u00e9ine \u00e9claircissent et d\u00e9polissent la peau, emp\u00eachant la perte d'humidit\u00e9 pour un teint radieux. Avec 150 ppm d'extrait de cica, cette cr\u00e8me apaise et hydrate la peau, garantissant un teint calme et nourri.<\/p>","protected":false},"featured_media":4109,"comment_status":"open","ping_status":"closed","template":"","meta":{"om_disable_all_campaigns":false},"product_brand":[],"product_cat":[26,33,152],"product_tag":[],"class_list":{"0":"post-4105","1":"product","2":"type-product","3":"status-publish","4":"has-post-thumbnail","6":"product_cat-face-moisturizer","7":"product_cat-face-treatments","8":"product_cat-haruharu-wonder","10":"first","11":"outofstock","12":"sale","13":"shipping-taxable","14":"purchasable","15":"product-type-simple"},"aioseo_notices":[],"jetpack_sharing_enabled":true,"_links":{"self":[{"href":"https:\/\/k-beautyci.com\/fr\/wp-json\/wp\/v2\/product\/4105","targetHints":{"allow":["GET"]}}],"collection":[{"href":"https:\/\/k-beautyci.com\/fr\/wp-json\/wp\/v2\/product"}],"about":[{"href":"https:\/\/k-beautyci.com\/fr\/wp-json\/wp\/v2\/types\/product"}],"replies":[{"embeddable":true,"href":"https:\/\/k-beautyci.com\/fr\/wp-json\/wp\/v2\/comments?post=4105"}],"wp:featuredmedia":[{"embeddable":true,"href":"https:\/\/k-beautyci.com\/fr\/wp-json\/wp\/v2\/media\/4109"}],"wp:attachment":[{"href":"https:\/\/k-beautyci.com\/fr\/wp-json\/wp\/v2\/media?parent=4105"}],"wp:term":[{"taxonomy":"product_brand","embeddable":true,"href":"https:\/\/k-beautyci.com\/fr\/wp-json\/wp\/v2\/product_brand?post=4105"},{"taxonomy":"product_cat","embeddable":true,"href":"https:\/\/k-beautyci.com\/fr\/wp-json\/wp\/v2\/product_cat?post=4105"},{"taxonomy":"product_tag","embeddable":true,"href":"https:\/\/k-beautyci.com\/fr\/wp-json\/wp\/v2\/product_tag?post=4105"}],"curies":[{"name":"wp","href":"https:\/\/api.w.org\/{rel}","templated":true}]}}