{"id":4101,"date":"2024-06-13T17:44:52","date_gmt":"2024-06-13T17:44:52","guid":{"rendered":"https:\/\/k-beautyci.com\/?post_type=product&#038;p=4101"},"modified":"2026-03-08T23:08:08","modified_gmt":"2026-03-08T23:08:08","slug":"haruharu-wonder-centella-4-txa-dark-spot-go-away-serum-30ml","status":"publish","type":"product","link":"https:\/\/k-beautyci.com\/fr\/produit\/haruharu-wonder-centella-4-txa-dark-spot-go-away-serum-30ml\/","title":{"rendered":"Haruharu Wonder Centella 4% TXA Dark Spot Go Away Serum (30ml)"},"content":{"rendered":"<p>Comment l'utiliser :<\/p>\n<p>Appliquer une quantit\u00e9 appropri\u00e9e sur la peau nettoy\u00e9e avec le tonique, r\u00e9partir sur l'ensemble du visage et tapoter l\u00e9g\u00e8rement pour absorber.<\/p>\n<p>Avertissement : Pour usage externe uniquement. Toujours effectuer un test \u00e9picutan\u00e9. Cessez d'utiliser le produit si vous ressentez une quelconque g\u00eane. Suivre les instructions suppl\u00e9mentaires figurant sur l'emballage. Les r\u00e9sultats individuels peuvent varier.<\/p>","protected":false},"excerpt":{"rendered":"<p class=\"\">A thin, watery cream that can be used as a spot treatment for wrinkles or the beginning signs of wrinkles. Vitamin C and Niacinamide regulates melanin and evening skin tone for a smoother and brighter look.\u00a0 Potent 4% tranexamic acid diminishes existing dark spots and prevents new ones from forming deep withing the skin. Tranexamic Acid helps with dark spots and Squalene prevents moisture loss.<\/p>","protected":false},"featured_media":4104,"comment_status":"open","ping_status":"closed","template":"","meta":{"om_disable_all_campaigns":false},"product_brand":[],"product_cat":[31,33,152,74,72],"product_tag":[],"class_list":{"0":"post-4101","1":"product","2":"type-product","3":"status-publish","4":"has-post-thumbnail","6":"product_cat-face-serums","7":"product_cat-face-treatments","8":"product_cat-haruharu-wonder","9":"product_cat-niacinamide","10":"product_cat-vitamin-c","12":"first","13":"instock","14":"shipping-taxable","15":"purchasable","16":"product-type-simple"},"aioseo_notices":[],"jetpack_sharing_enabled":true,"_links":{"self":[{"href":"https:\/\/k-beautyci.com\/fr\/wp-json\/wp\/v2\/product\/4101","targetHints":{"allow":["GET"]}}],"collection":[{"href":"https:\/\/k-beautyci.com\/fr\/wp-json\/wp\/v2\/product"}],"about":[{"href":"https:\/\/k-beautyci.com\/fr\/wp-json\/wp\/v2\/types\/product"}],"replies":[{"embeddable":true,"href":"https:\/\/k-beautyci.com\/fr\/wp-json\/wp\/v2\/comments?post=4101"}],"wp:featuredmedia":[{"embeddable":true,"href":"https:\/\/k-beautyci.com\/fr\/wp-json\/wp\/v2\/media\/4104"}],"wp:attachment":[{"href":"https:\/\/k-beautyci.com\/fr\/wp-json\/wp\/v2\/media?parent=4101"}],"wp:term":[{"taxonomy":"product_brand","embeddable":true,"href":"https:\/\/k-beautyci.com\/fr\/wp-json\/wp\/v2\/product_brand?post=4101"},{"taxonomy":"product_cat","embeddable":true,"href":"https:\/\/k-beautyci.com\/fr\/wp-json\/wp\/v2\/product_cat?post=4101"},{"taxonomy":"product_tag","embeddable":true,"href":"https:\/\/k-beautyci.com\/fr\/wp-json\/wp\/v2\/product_tag?post=4101"}],"curies":[{"name":"wp","href":"https:\/\/api.w.org\/{rel}","templated":true}]}}