{"id":4097,"date":"2024-06-13T10:31:48","date_gmt":"2024-06-13T10:31:48","guid":{"rendered":"https:\/\/k-beautyci.com\/?post_type=product&#038;p=4097"},"modified":"2026-04-01T14:50:20","modified_gmt":"2026-04-01T14:50:20","slug":"haruharu-wonder-black-rice-moisture-deep-cleansing-oil-5-1-fl-oz-150-ml","status":"publish","type":"product","link":"https:\/\/k-beautyci.com\/fr\/produit\/haruharu-wonder-black-rice-moisture-deep-cleansing-oil-5-1-fl-oz-150-ml\/","title":{"rendered":"Haruharu Wonder Black Rice Moisture Deep Cleansing Oil  5.1 fl.oz. (150 ml)"},"content":{"rendered":"<p>Comment l'utiliser :<\/p>\n<p>Appliquer une quantit\u00e9 suffisante sur des mains s\u00e8ches et masser doucement la peau pendant environ 30 secondes. Appliquer un peu d'eau sur les mains pour \u00e9mulsionner l'huile en blanc laiteux et faire fondre compl\u00e8tement toutes les impuret\u00e9s.<\/p>\n<p>Avertissement : Pour usage externe uniquement. Toujours effectuer un test \u00e9picutan\u00e9. Cessez d'utiliser le produit si vous ressentez une quelconque g\u00eane. Suivre les instructions suppl\u00e9mentaires figurant sur l'emballage. Les r\u00e9sultats individuels peuvent varier.<\/p>","protected":false},"excerpt":{"rendered":"<p>An\u00a0unscented, moisturizing and gently deep cleansing oil for every day use. A\u00a0non-irritating\u00a0oil for the eye and skin made with 100% natural oils and 9 essential ingredients. Leaves the skin moisturized without the feeling of oiliness.<\/p>","protected":false},"featured_media":4100,"comment_status":"open","ping_status":"closed","template":"","meta":{"om_disable_all_campaigns":false},"product_brand":[],"product_cat":[35,152,63],"product_tag":[],"class_list":{"0":"post-4097","1":"product","2":"type-product","3":"status-publish","4":"has-post-thumbnail","6":"product_cat-face-cleansers","7":"product_cat-haruharu-wonder","8":"product_cat-makeup-removers","10":"first","11":"instock","12":"shipping-taxable","13":"purchasable","14":"product-type-simple"},"aioseo_notices":[],"jetpack_sharing_enabled":true,"_links":{"self":[{"href":"https:\/\/k-beautyci.com\/fr\/wp-json\/wp\/v2\/product\/4097","targetHints":{"allow":["GET"]}}],"collection":[{"href":"https:\/\/k-beautyci.com\/fr\/wp-json\/wp\/v2\/product"}],"about":[{"href":"https:\/\/k-beautyci.com\/fr\/wp-json\/wp\/v2\/types\/product"}],"replies":[{"embeddable":true,"href":"https:\/\/k-beautyci.com\/fr\/wp-json\/wp\/v2\/comments?post=4097"}],"wp:featuredmedia":[{"embeddable":true,"href":"https:\/\/k-beautyci.com\/fr\/wp-json\/wp\/v2\/media\/4100"}],"wp:attachment":[{"href":"https:\/\/k-beautyci.com\/fr\/wp-json\/wp\/v2\/media?parent=4097"}],"wp:term":[{"taxonomy":"product_brand","embeddable":true,"href":"https:\/\/k-beautyci.com\/fr\/wp-json\/wp\/v2\/product_brand?post=4097"},{"taxonomy":"product_cat","embeddable":true,"href":"https:\/\/k-beautyci.com\/fr\/wp-json\/wp\/v2\/product_cat?post=4097"},{"taxonomy":"product_tag","embeddable":true,"href":"https:\/\/k-beautyci.com\/fr\/wp-json\/wp\/v2\/product_tag?post=4097"}],"curies":[{"name":"wp","href":"https:\/\/api.w.org\/{rel}","templated":true}]}}