{"id":409,"date":"2023-03-06T23:00:23","date_gmt":"2023-03-06T23:00:23","guid":{"rendered":"https:\/\/k-beautyci.com\/?post_type=product&#038;p=409"},"modified":"2026-03-17T07:39:07","modified_gmt":"2026-03-17T07:39:07","slug":"skin-1004-madagascar-centella-tone-brightening-tone-up-sunscreen","status":"publish","type":"product","link":"https:\/\/k-beautyci.com\/fr\/produit\/skin-1004-madagascar-centella-tone-brightening-tone-up-sunscreen\/","title":{"rendered":"SKIN1004 Madagascar Centella Tone Brightening Tone Up Sunscreen"},"content":{"rendered":"<p><b>Avantages :<\/b><\/p>\n<ul>\n<li>Test\u00e9 dermatologiquement.<\/li>\n<li>Cet \u00e9cran solaire multit\u00e2ches prot\u00e8ge la peau des rayons UV gr\u00e2ce \u00e0 un puissant SPF50+ \u00e0 spectre plat, tout en am\u00e9liorant le teint.<\/li>\n<li>La formule teint\u00e9e convient \u00e0 la plupart des carnations et donne un fini naturel.<\/li>\n<li>Contient l'ingr\u00e9dient brevet\u00e9 Madawhite\u2122 extrait du Madecassoside qui prend soin des imperfections et de la pigmentation.<\/li>\n<\/ul>\n<p><b>Comment l'utiliser :<\/b><\/p>\n<ul>\n<li>Appliquer en derni\u00e8re \u00e9tape de votre routine de soins matinaux.<\/li>\n<li>Renouveler l'application aussi souvent que n\u00e9cessaire.<\/li>\n<\/ul>\n<p>&nbsp;<\/p>\n<p>Avertissement : Pour usage externe uniquement. Toujours effectuer un test \u00e9picutan\u00e9. Cessez d'utiliser le produit si vous ressentez une quelconque g\u00eane. Suivre les instructions suppl\u00e9mentaires figurant sur l'emballage. Les r\u00e9sultats individuels peuvent varier.<\/p>","protected":false},"excerpt":{"rendered":"<p>Cette cr\u00e8me solaire \u00e9quip\u00e9e d'un SPF50+ PA++++ offre une protection solaire \u00e0 large spectre ainsi qu'une couvrance diaphane pour une peau sans d\u00e9faut. La formule contient du Madawhite\u2122 (contenant de l'extrait de mad\u00e9cassoside) pour traiter les imperfections et l'hyperpigmentation. Utilisez la protection solaire \u00e0 la derni\u00e8re \u00e9tape de votre routine matinale de soins de la peau, ou avant l'application du maquillage pour une base lisse et uniforme.<\/p>","protected":false},"featured_media":410,"comment_status":"open","ping_status":"closed","template":"","meta":{"om_disable_all_campaigns":false},"product_brand":[],"product_cat":[88,52,94,77],"product_tag":[],"class_list":{"0":"post-409","1":"product","2":"type-product","3":"status-publish","4":"has-post-thumbnail","6":"product_cat-centella","7":"product_cat-dark-spots","8":"product_cat-skin-1004","9":"product_cat-spf-50","11":"first","12":"instock","13":"sale","14":"shipping-taxable","15":"purchasable","16":"product-type-simple"},"aioseo_notices":[],"jetpack_sharing_enabled":true,"_links":{"self":[{"href":"https:\/\/k-beautyci.com\/fr\/wp-json\/wp\/v2\/product\/409","targetHints":{"allow":["GET"]}}],"collection":[{"href":"https:\/\/k-beautyci.com\/fr\/wp-json\/wp\/v2\/product"}],"about":[{"href":"https:\/\/k-beautyci.com\/fr\/wp-json\/wp\/v2\/types\/product"}],"replies":[{"embeddable":true,"href":"https:\/\/k-beautyci.com\/fr\/wp-json\/wp\/v2\/comments?post=409"}],"wp:featuredmedia":[{"embeddable":true,"href":"https:\/\/k-beautyci.com\/fr\/wp-json\/wp\/v2\/media\/410"}],"wp:attachment":[{"href":"https:\/\/k-beautyci.com\/fr\/wp-json\/wp\/v2\/media?parent=409"}],"wp:term":[{"taxonomy":"product_brand","embeddable":true,"href":"https:\/\/k-beautyci.com\/fr\/wp-json\/wp\/v2\/product_brand?post=409"},{"taxonomy":"product_cat","embeddable":true,"href":"https:\/\/k-beautyci.com\/fr\/wp-json\/wp\/v2\/product_cat?post=409"},{"taxonomy":"product_tag","embeddable":true,"href":"https:\/\/k-beautyci.com\/fr\/wp-json\/wp\/v2\/product_tag?post=409"}],"curies":[{"name":"wp","href":"https:\/\/api.w.org\/{rel}","templated":true}]}}