{"id":407,"date":"2023-03-06T22:43:05","date_gmt":"2023-03-06T22:43:05","guid":{"rendered":"https:\/\/k-beautyci.com\/?post_type=product&#038;p=407"},"modified":"2024-12-06T05:30:25","modified_gmt":"2024-12-06T05:30:25","slug":"etude-house-soonjung-5-5-foam-cleanser-150ml","status":"publish","type":"product","link":"https:\/\/k-beautyci.com\/fr\/produit\/etude-house-soonjung-5-5-foam-cleanser-150ml\/","title":{"rendered":"Etude House SoonJung 5.5 Foam Cleanser 150mL"},"content":{"rendered":"<p>Avantages :<\/p>\n<ul>\n<li>pH faible de 5,5, doux pour la peau.<\/li>\n<li>Le panth\u00e9nol am\u00e9liore l'hydratation de la peau.<\/li>\n<li>Le mad\u00e9cassoside calme les peaux irrit\u00e9es.<\/li>\n<\/ul>\n<p>&nbsp;<\/p>\n<p>Comment l'utiliser :<\/p>\n<p>Utiliser comme premi\u00e8re \u00e9tape de votre routine de soins de la peau ou apr\u00e8s un nettoyage \u00e0 l'huile. Faire mousser une petite quantit\u00e9 dans les paumes et masser sur la peau humide. \u00c9viter le contour des yeux. Rincer et s\u00e9cher en tapotant.<\/p>\n<p>Avertissement : Pour usage externe uniquement. Toujours effectuer un test \u00e9picutan\u00e9. Cessez d'utiliser le produit si vous ressentez une quelconque g\u00eane. Suivre les instructions suppl\u00e9mentaires figurant sur l'emballage. Les r\u00e9sultats individuels peuvent varier.<\/p>","protected":false},"excerpt":{"rendered":"<p>Un nettoyant \u00e0 faible pH aide \u00e0 maintenir le pH de votre peau et \u00e0 prot\u00e9ger votre barri\u00e8re d'hydratation. Il s'agit d'un nettoyant moussant qui mousse bien pour \u00e9liminer en douceur les impuret\u00e9s et qui contient des ingr\u00e9dients hydratants pour la peau.<\/p>","protected":false},"featured_media":408,"comment_status":"open","ping_status":"closed","template":"","meta":{"om_disable_all_campaigns":false},"product_brand":[],"product_cat":[93,35],"product_tag":[],"class_list":{"0":"post-407","1":"product","2":"type-product","3":"status-publish","4":"has-post-thumbnail","6":"product_cat-etude","7":"product_cat-face-cleansers","9":"first","10":"outofstock","11":"sale","12":"shipping-taxable","13":"purchasable","14":"product-type-simple"},"aioseo_notices":[],"jetpack_sharing_enabled":true,"_links":{"self":[{"href":"https:\/\/k-beautyci.com\/fr\/wp-json\/wp\/v2\/product\/407","targetHints":{"allow":["GET"]}}],"collection":[{"href":"https:\/\/k-beautyci.com\/fr\/wp-json\/wp\/v2\/product"}],"about":[{"href":"https:\/\/k-beautyci.com\/fr\/wp-json\/wp\/v2\/types\/product"}],"replies":[{"embeddable":true,"href":"https:\/\/k-beautyci.com\/fr\/wp-json\/wp\/v2\/comments?post=407"}],"wp:featuredmedia":[{"embeddable":true,"href":"https:\/\/k-beautyci.com\/fr\/wp-json\/wp\/v2\/media\/408"}],"wp:attachment":[{"href":"https:\/\/k-beautyci.com\/fr\/wp-json\/wp\/v2\/media?parent=407"}],"wp:term":[{"taxonomy":"product_brand","embeddable":true,"href":"https:\/\/k-beautyci.com\/fr\/wp-json\/wp\/v2\/product_brand?post=407"},{"taxonomy":"product_cat","embeddable":true,"href":"https:\/\/k-beautyci.com\/fr\/wp-json\/wp\/v2\/product_cat?post=407"},{"taxonomy":"product_tag","embeddable":true,"href":"https:\/\/k-beautyci.com\/fr\/wp-json\/wp\/v2\/product_tag?post=407"}],"curies":[{"name":"wp","href":"https:\/\/api.w.org\/{rel}","templated":true}]}}