{"id":4041,"date":"2024-05-31T18:40:00","date_gmt":"2024-05-31T18:40:00","guid":{"rendered":"https:\/\/k-beautyci.com\/?post_type=product&#038;p=4041"},"modified":"2025-03-09T10:50:56","modified_gmt":"2025-03-09T10:50:56","slug":"medi-peel-melanon-x-cream","status":"publish","type":"product","link":"https:\/\/k-beautyci.com\/fr\/produit\/medi-peel-melanon-x-cream\/","title":{"rendered":"MEDI-PEEL MELANON X CREAM"},"content":{"rendered":"<div>Comment l'utiliser :<\/div>\n<div>\u00c9tendre d\u00e9licatement la quantit\u00e9 souhait\u00e9e du centre du visage vers l'ext\u00e9rieur.<\/div>\n<div><\/div>\n<div>Avertissement : Pour usage externe uniquement. Toujours effectuer un test \u00e9picutan\u00e9. Cessez d'utiliser le produit si vous ressentez une quelconque g\u00eane. Suivre les instructions suppl\u00e9mentaires figurant sur l'emballage. Les r\u00e9sultats individuels peuvent varier.<\/div>","protected":false},"excerpt":{"rendered":"<p>Contient 9 ingr\u00e9dients \u00e9claircissants pour rendre votre peau lumineuse et impeccable. Les ingr\u00e9dients blanchissants brevet\u00e9s et le complexe aident \u00e0 traiter la m\u00e9lanine, tandis que les extraits d'ingr\u00e9dients d'origine naturelle retiennent l'humidit\u00e9 et rendent la texture de la peau humide. L'acide tranexamique hautement concentr\u00e9, le phosphate d'ascorbyle de magn\u00e9sium et l'acide ascorbique, qui sont des ingr\u00e9dients publi\u00e9s dans des articles de recherche de niveau SIC, traitent les taches de rousseur ext\u00e9rieures caus\u00e9es par l'hyperpigmentation de la m\u00e9lanine et les taches de rousseur int\u00e9rieures qui sont cach\u00e9es en m\u00eame temps.<\/p>","protected":false},"featured_media":4042,"comment_status":"open","ping_status":"closed","template":"","meta":{"om_disable_all_campaigns":false},"product_brand":[],"product_cat":[15],"product_tag":[],"class_list":{"0":"post-4041","1":"product","2":"type-product","3":"status-publish","4":"has-post-thumbnail","6":"product_cat-uncategorized","8":"first","9":"outofstock","10":"shipping-taxable","11":"purchasable","12":"product-type-simple"},"aioseo_notices":[],"jetpack_sharing_enabled":true,"_links":{"self":[{"href":"https:\/\/k-beautyci.com\/fr\/wp-json\/wp\/v2\/product\/4041","targetHints":{"allow":["GET"]}}],"collection":[{"href":"https:\/\/k-beautyci.com\/fr\/wp-json\/wp\/v2\/product"}],"about":[{"href":"https:\/\/k-beautyci.com\/fr\/wp-json\/wp\/v2\/types\/product"}],"replies":[{"embeddable":true,"href":"https:\/\/k-beautyci.com\/fr\/wp-json\/wp\/v2\/comments?post=4041"}],"wp:featuredmedia":[{"embeddable":true,"href":"https:\/\/k-beautyci.com\/fr\/wp-json\/wp\/v2\/media\/4042"}],"wp:attachment":[{"href":"https:\/\/k-beautyci.com\/fr\/wp-json\/wp\/v2\/media?parent=4041"}],"wp:term":[{"taxonomy":"product_brand","embeddable":true,"href":"https:\/\/k-beautyci.com\/fr\/wp-json\/wp\/v2\/product_brand?post=4041"},{"taxonomy":"product_cat","embeddable":true,"href":"https:\/\/k-beautyci.com\/fr\/wp-json\/wp\/v2\/product_cat?post=4041"},{"taxonomy":"product_tag","embeddable":true,"href":"https:\/\/k-beautyci.com\/fr\/wp-json\/wp\/v2\/product_tag?post=4041"}],"curies":[{"name":"wp","href":"https:\/\/api.w.org\/{rel}","templated":true}]}}