{"id":404,"date":"2023-03-06T22:33:55","date_gmt":"2023-03-06T22:33:55","guid":{"rendered":"https:\/\/k-beautyci.com\/?post_type=product&#038;p=404"},"modified":"2025-03-25T07:13:30","modified_gmt":"2025-03-25T07:13:30","slug":"benton-deep-green-tea-serum","status":"publish","type":"product","link":"https:\/\/k-beautyci.com\/fr\/produit\/benton-deep-green-tea-serum\/","title":{"rendered":"Benton Deep Green Tea Serum"},"content":{"rendered":"<p><b>Avantages :<\/b><\/p>\n<ul>\n<li>Un s\u00e9rum hydratant formul\u00e9 avec de l'extrait de th\u00e9 vert pour apaiser les peaux sensibles et 3 types d'acides hyaluroniques pour hydrater la peau.<\/li>\n<li>La formule hypoallerg\u00e9nique aide \u00e0 maintenir l'\u00e9quilibre du pH de la peau.<\/li>\n<li>La texture lisse et aqueuse permet une absorption compl\u00e8te et rapide de l'hydratation et des nutriments sans effet collant.<\/li>\n<\/ul>\n<p><b>Comment l'utiliser :<\/b><\/p>\n<ul>\n<li>Appliquer une quantit\u00e9 mod\u00e9r\u00e9e uniform\u00e9ment sur le visage et tapoter l\u00e9g\u00e8rement pour une meilleure absorption.<\/li>\n<\/ul>\n<div class=\"description-item active\">\n<div class=\"body\">\n<p>Avertissement : Pour usage externe uniquement. Toujours effectuer un test \u00e9picutan\u00e9. Cessez d'utiliser le produit si vous ressentez une quelconque g\u00eane. Suivre les instructions suppl\u00e9mentaires figurant sur la bo\u00eete. Les r\u00e9sultats individuels peuvent varier.<\/p>\n<\/div>\n<\/div>","protected":false},"excerpt":{"rendered":"<p>Un s\u00e9rum l\u00e9ger qui a du punch gr\u00e2ce aux nombreux antioxydants de l'extrait de th\u00e9 vert. Le th\u00e9 vert provient de Boseong, un comt\u00e9 sud-cor\u00e9en r\u00e9put\u00e9 pour ses feuilles de th\u00e9 vert de qualit\u00e9 sup\u00e9rieure. Ajoutez une couche suppl\u00e9mentaire d'hydratation et de protection \u00e0 votre peau avec ce s\u00e9rum riche en nutriments.<\/p>","protected":false},"featured_media":406,"comment_status":"open","ping_status":"closed","template":"","meta":{"om_disable_all_campaigns":false},"product_brand":[],"product_cat":[92,42,31,69,66,41,36],"product_tag":[],"class_list":{"0":"post-404","1":"product","2":"type-product","3":"status-publish","4":"has-post-thumbnail","6":"product_cat-benton","7":"product_cat-dry-skin","8":"product_cat-face-serums","9":"product_cat-hyaluronic-acid","10":"product_cat-normal-combination-skin","11":"product_cat-oily-skin","12":"product_cat-sensitive-skin","14":"first","15":"outofstock","16":"sale","17":"shipping-taxable","18":"purchasable","19":"product-type-simple"},"aioseo_notices":[],"jetpack_sharing_enabled":true,"_links":{"self":[{"href":"https:\/\/k-beautyci.com\/fr\/wp-json\/wp\/v2\/product\/404","targetHints":{"allow":["GET"]}}],"collection":[{"href":"https:\/\/k-beautyci.com\/fr\/wp-json\/wp\/v2\/product"}],"about":[{"href":"https:\/\/k-beautyci.com\/fr\/wp-json\/wp\/v2\/types\/product"}],"replies":[{"embeddable":true,"href":"https:\/\/k-beautyci.com\/fr\/wp-json\/wp\/v2\/comments?post=404"}],"wp:featuredmedia":[{"embeddable":true,"href":"https:\/\/k-beautyci.com\/fr\/wp-json\/wp\/v2\/media\/406"}],"wp:attachment":[{"href":"https:\/\/k-beautyci.com\/fr\/wp-json\/wp\/v2\/media?parent=404"}],"wp:term":[{"taxonomy":"product_brand","embeddable":true,"href":"https:\/\/k-beautyci.com\/fr\/wp-json\/wp\/v2\/product_brand?post=404"},{"taxonomy":"product_cat","embeddable":true,"href":"https:\/\/k-beautyci.com\/fr\/wp-json\/wp\/v2\/product_cat?post=404"},{"taxonomy":"product_tag","embeddable":true,"href":"https:\/\/k-beautyci.com\/fr\/wp-json\/wp\/v2\/product_tag?post=404"}],"curies":[{"name":"wp","href":"https:\/\/api.w.org\/{rel}","templated":true}]}}