{"id":4036,"date":"2024-05-31T13:11:08","date_gmt":"2024-05-31T13:11:08","guid":{"rendered":"https:\/\/k-beautyci.com\/?post_type=product&#038;p=4036"},"modified":"2025-08-12T17:59:26","modified_gmt":"2025-08-12T17:59:26","slug":"some-by-mi-yuja-niacin-blemish-care-serum-mask","status":"publish","type":"product","link":"https:\/\/k-beautyci.com\/fr\/produit\/some-by-mi-yuja-niacin-blemish-care-serum-mask\/","title":{"rendered":"SOME BY MI  Yuja Niacin Blemish Care Serum Mask"},"content":{"rendered":"<p><b>Comment l'utiliser :<\/b><br \/>\n1. Apr\u00e8s avoir nettoy\u00e9 le visage, placez le masque correctement sur le visage, en \u00e9vitant le contour des yeux et des l\u00e8vres.<\/p>\n<p>2. Laisser agir pendant 10 \u00e0 20 minutes, puis retirer le masque. Tapotez doucement jusqu'\u00e0 ce que l'essence restante soit enti\u00e8rement absorb\u00e9e.<\/p>\n<p>Avertissement : Pour usage externe uniquement. Toujours effectuer un test \u00e9picutan\u00e9. Cessez d'utiliser le produit si vous ressentez une quelconque g\u00eane. Suivre les instructions suppl\u00e9mentaires figurant sur la bo\u00eete. Les r\u00e9sultats individuels peuvent varier.<\/p>","protected":false},"excerpt":{"rendered":"<p>Ce masque en feuille pr\u00e9sente une formule v\u00e9g\u00e9talienne qui \u00e9claircit la peau et att\u00e9nue les rides. Il contient de l'extrait de yuja, du glutathion et de l'arbutine ainsi que quatre types de vitamines pour hydrater et revitaliser la peau en profondeur.<\/p>","protected":false},"featured_media":4039,"comment_status":"open","ping_status":"closed","template":"","meta":{"om_disable_all_campaigns":false},"product_brand":[],"product_cat":[62,85],"product_tag":[],"class_list":{"0":"post-4036","1":"product","2":"type-product","3":"status-publish","4":"has-post-thumbnail","6":"product_cat-face-masks","7":"product_cat-some-by-mi","9":"first","10":"outofstock","11":"shipping-taxable","12":"purchasable","13":"product-type-simple"},"aioseo_notices":[],"jetpack_sharing_enabled":true,"_links":{"self":[{"href":"https:\/\/k-beautyci.com\/fr\/wp-json\/wp\/v2\/product\/4036","targetHints":{"allow":["GET"]}}],"collection":[{"href":"https:\/\/k-beautyci.com\/fr\/wp-json\/wp\/v2\/product"}],"about":[{"href":"https:\/\/k-beautyci.com\/fr\/wp-json\/wp\/v2\/types\/product"}],"replies":[{"embeddable":true,"href":"https:\/\/k-beautyci.com\/fr\/wp-json\/wp\/v2\/comments?post=4036"}],"wp:featuredmedia":[{"embeddable":true,"href":"https:\/\/k-beautyci.com\/fr\/wp-json\/wp\/v2\/media\/4039"}],"wp:attachment":[{"href":"https:\/\/k-beautyci.com\/fr\/wp-json\/wp\/v2\/media?parent=4036"}],"wp:term":[{"taxonomy":"product_brand","embeddable":true,"href":"https:\/\/k-beautyci.com\/fr\/wp-json\/wp\/v2\/product_brand?post=4036"},{"taxonomy":"product_cat","embeddable":true,"href":"https:\/\/k-beautyci.com\/fr\/wp-json\/wp\/v2\/product_cat?post=4036"},{"taxonomy":"product_tag","embeddable":true,"href":"https:\/\/k-beautyci.com\/fr\/wp-json\/wp\/v2\/product_tag?post=4036"}],"curies":[{"name":"wp","href":"https:\/\/api.w.org\/{rel}","templated":true}]}}