{"id":4024,"date":"2024-05-30T18:06:56","date_gmt":"2024-05-30T18:06:56","guid":{"rendered":"https:\/\/k-beautyci.com\/?post_type=product&#038;p=4024"},"modified":"2026-01-19T14:46:07","modified_gmt":"2026-01-19T14:46:07","slug":"cosrx-the-aha-bha-pha-lha-35-peel","status":"publish","type":"product","link":"https:\/\/k-beautyci.com\/fr\/produit\/cosrx-the-aha-bha-pha-lha-35-peel\/","title":{"rendered":"COSRX The AHA BHA PHA LHA 35 Peel"},"content":{"rendered":"<p>Comment l'utiliser :<\/p>\n<p>Use once a week\/PM. Apply a generous amount to clean, dry skin, avoiding the eye area and lips. Leave on for&nbsp;no more than 10 minutes and then rinse off using lukewarm water.<\/p>\n<div class=\"description-item active\">\n<div class=\"body\">\n<p>Toujours effectuer un test \u00e9picutan\u00e9. Utiliser uniquement selon les instructions. Ne pas utiliser sur une peau ab\u00eem\u00e9e. Si l'irritation ou l'inconfort persistent, cesser l'utilisation et consulter un m\u00e9decin. Suivre les instructions suppl\u00e9mentaires figurant sur l'emballage. Avant de s'exposer au soleil, il est recommand\u00e9 aux utilisateurs de couvrir les zones o\u00f9 les AHA ont \u00e9t\u00e9 appliqu\u00e9s avec un \u00e9cran solaire. Le contact du produit avec la peau doit \u00eatre limit\u00e9 en fr\u00e9quence et en dur\u00e9e. Les r\u00e9sultats individuels peuvent varier.<\/p>\n<\/div>\n<\/div>\n<p>Exp- 11\/2025<\/p>","protected":false},"excerpt":{"rendered":"<p>Le PEEL AHA BHA PHA LHA 35 lisse de fa\u00e7on spectaculaire la texture de la peau et les pores congestionn\u00e9s gr\u00e2ce \u00e0 un puissant m\u00e9lange multi-acides. Cette pro-formule exfolie en douceur, minimise les pores et r\u00e9v\u00e8le l'apparence d'un teint plus uniforme et radieux.<\/p>","protected":false},"featured_media":4032,"comment_status":"open","ping_status":"closed","template":"","meta":{"om_disable_all_campaigns":false},"product_brand":[],"product_cat":[78,51,61],"product_tag":[],"class_list":{"0":"post-4024","1":"product","2":"type-product","3":"status-publish","4":"has-post-thumbnail","6":"product_cat-aha-bha","7":"product_cat-cosrx","8":"product_cat-face-exfoliator-peels-scrubs","10":"first","11":"outofstock","12":"sale","13":"shipping-taxable","14":"purchasable","15":"product-type-simple"},"aioseo_notices":[],"jetpack_sharing_enabled":true,"_links":{"self":[{"href":"https:\/\/k-beautyci.com\/fr\/wp-json\/wp\/v2\/product\/4024","targetHints":{"allow":["GET"]}}],"collection":[{"href":"https:\/\/k-beautyci.com\/fr\/wp-json\/wp\/v2\/product"}],"about":[{"href":"https:\/\/k-beautyci.com\/fr\/wp-json\/wp\/v2\/types\/product"}],"replies":[{"embeddable":true,"href":"https:\/\/k-beautyci.com\/fr\/wp-json\/wp\/v2\/comments?post=4024"}],"wp:featuredmedia":[{"embeddable":true,"href":"https:\/\/k-beautyci.com\/fr\/wp-json\/wp\/v2\/media\/4032"}],"wp:attachment":[{"href":"https:\/\/k-beautyci.com\/fr\/wp-json\/wp\/v2\/media?parent=4024"}],"wp:term":[{"taxonomy":"product_brand","embeddable":true,"href":"https:\/\/k-beautyci.com\/fr\/wp-json\/wp\/v2\/product_brand?post=4024"},{"taxonomy":"product_cat","embeddable":true,"href":"https:\/\/k-beautyci.com\/fr\/wp-json\/wp\/v2\/product_cat?post=4024"},{"taxonomy":"product_tag","embeddable":true,"href":"https:\/\/k-beautyci.com\/fr\/wp-json\/wp\/v2\/product_tag?post=4024"}],"curies":[{"name":"wp","href":"https:\/\/api.w.org\/{rel}","templated":true}]}}