{"id":402,"date":"2023-03-06T22:26:48","date_gmt":"2023-03-06T22:26:48","guid":{"rendered":"https:\/\/k-beautyci.com\/?post_type=product&#038;p=402"},"modified":"2023-06-07T07:09:58","modified_gmt":"2023-06-07T07:09:58","slug":"benton-deep-green-tea-lotion","status":"publish","type":"product","link":"https:\/\/k-beautyci.com\/fr\/produit\/benton-deep-green-tea-lotion\/","title":{"rendered":"Benton Deep Green Tea Lotion"},"content":{"rendered":"<p><b>Avantages :<\/b><\/p>\n<ul>\n<li>Une lotion hydratante qui aide \u00e0 rafra\u00eechir et \u00e0 hydrater en profondeur gr\u00e2ce au th\u00e9 vert de Boseong qui r\u00e9g\u00e9n\u00e8re la peau.<\/li>\n<li>Cette lotion apaisante pour la peau contient 50 % d'extrait de th\u00e9 vert originaire de Boseong, en Cor\u00e9e, pour r\u00e9tablir l'\u00e9quilibre de la peau tout en augmentant instantan\u00e9ment son niveau d'hydratation.<\/li>\n<li>M\u00e9lang\u00e9 avec de l'extrait de centella asiatica, de l'extrait de houttuynia cordata et d'autres ingr\u00e9dients botaniques pour revitaliser et soulager l'irritation de la peau.<\/li>\n<li>Test\u00e9 dermatologiquement.<\/li>\n<\/ul>\n<p>Size: 120ml<\/p>\n<p><b>Comment l'utiliser :<\/b><br \/>\n1. Pr\u00e9parez votre peau avec un tonique apr\u00e8s l'avoir nettoy\u00e9e.<br \/>\n2. Appliquer une quantit\u00e9 mod\u00e9r\u00e9e sur le visage et r\u00e9partir uniform\u00e9ment.<br \/>\n3. Tapoter l\u00e9g\u00e8rement pour faciliter l'absorption.<\/p>\n<p>&nbsp;<\/p>\n<p>Avertissement : Pour usage externe uniquement. Toujours effectuer un test \u00e9picutan\u00e9. Cessez d'utiliser le produit si vous ressentez une quelconque g\u00eane. Suivre les instructions suppl\u00e9mentaires figurant sur la bo\u00eete. Les r\u00e9sultats individuels peuvent varier.<\/p>","protected":false},"excerpt":{"rendered":"<p>Cette lotion hydratante infus\u00e9e d'eau de feuilles de th\u00e9 vert aide \u00e0 \u00e9quilibrer les niveaux huile-eau de la peau, tandis que l'extrait de cica calme les irritations. Sa formule test\u00e9e sous contr\u00f4le dermatologique est l\u00e9g\u00e8re et p\u00e9n\u00e8tre rapidement dans la peau sans laisser de sensation collante. Exempte de colorants et de parfums artificiels, elle convient aux peaux grasses et sensibles.<\/p>","protected":false},"featured_media":403,"comment_status":"open","ping_status":"closed","template":"","meta":{"om_disable_all_campaigns":false},"product_brand":[],"product_cat":[92,88,26],"product_tag":[],"class_list":{"0":"post-402","1":"product","2":"type-product","3":"status-publish","4":"has-post-thumbnail","6":"product_cat-benton","7":"product_cat-centella","8":"product_cat-face-moisturizer","10":"first","11":"outofstock","12":"shipping-taxable","13":"purchasable","14":"product-type-simple"},"aioseo_notices":[],"jetpack_sharing_enabled":true,"_links":{"self":[{"href":"https:\/\/k-beautyci.com\/fr\/wp-json\/wp\/v2\/product\/402","targetHints":{"allow":["GET"]}}],"collection":[{"href":"https:\/\/k-beautyci.com\/fr\/wp-json\/wp\/v2\/product"}],"about":[{"href":"https:\/\/k-beautyci.com\/fr\/wp-json\/wp\/v2\/types\/product"}],"replies":[{"embeddable":true,"href":"https:\/\/k-beautyci.com\/fr\/wp-json\/wp\/v2\/comments?post=402"}],"wp:featuredmedia":[{"embeddable":true,"href":"https:\/\/k-beautyci.com\/fr\/wp-json\/wp\/v2\/media\/403"}],"wp:attachment":[{"href":"https:\/\/k-beautyci.com\/fr\/wp-json\/wp\/v2\/media?parent=402"}],"wp:term":[{"taxonomy":"product_brand","embeddable":true,"href":"https:\/\/k-beautyci.com\/fr\/wp-json\/wp\/v2\/product_brand?post=402"},{"taxonomy":"product_cat","embeddable":true,"href":"https:\/\/k-beautyci.com\/fr\/wp-json\/wp\/v2\/product_cat?post=402"},{"taxonomy":"product_tag","embeddable":true,"href":"https:\/\/k-beautyci.com\/fr\/wp-json\/wp\/v2\/product_tag?post=402"}],"curies":[{"name":"wp","href":"https:\/\/api.w.org\/{rel}","templated":true}]}}