{"id":4014,"date":"2024-05-30T17:20:16","date_gmt":"2024-05-30T17:20:16","guid":{"rendered":"https:\/\/k-beautyci.com\/?post_type=product&#038;p=4014"},"modified":"2026-04-12T22:55:07","modified_gmt":"2026-04-12T22:55:07","slug":"tiam-b3-niacin-sunscreen","status":"publish","type":"product","link":"https:\/\/k-beautyci.com\/fr\/produit\/tiam-b3-niacin-sunscreen\/","title":{"rendered":"TIAM B3 NIACIN SUNSCREEN"},"content":{"rendered":"<p>Comment l'utiliser :<\/p>\n<p>Derni\u00e8re \u00e9tape du soin de la peau, appliquer au moins 15 minutes avant l'exposition au soleil.<\/p>\n<p>Avertissement : Pour usage externe uniquement. Toujours effectuer un test \u00e9picutan\u00e9. Cessez d'utiliser le produit si vous ressentez une quelconque g\u00eane. Suivre les instructions suppl\u00e9mentaires figurant sur l'emballage. Les r\u00e9sultats individuels peuvent varier.<\/p>","protected":false},"excerpt":{"rendered":"<p>Un \u00e9cran solaire multiple qui, au-del\u00e0 de la protection UV, s'attaque \u00e0 la peau terne, \u00e0 l'apparence des taches brunes et aux signes de vieillissement. Son fini invisible convient \u00e0 tous les types de peau et \u00e0 toutes les carnations.<\/p>\n<p>Concerne : Peau terne, Taches sombres, Vieillissement de la peau<br \/>\nB\u00e9n\u00e9fice : Protection UV, Eclaircissement, Anti-\u00e2ge<\/p>","protected":false},"featured_media":4021,"comment_status":"open","ping_status":"closed","template":"","meta":{"om_disable_all_campaigns":false},"product_brand":[],"product_cat":[52,77,75,97],"product_tag":[],"class_list":{"0":"post-4014","1":"product","2":"type-product","3":"status-publish","4":"has-post-thumbnail","6":"product_cat-dark-spots","7":"product_cat-spf-50","8":"product_cat-sunscreens","9":"product_cat-tiam","11":"first","12":"instock","13":"sale","14":"shipping-taxable","15":"purchasable","16":"product-type-simple"},"aioseo_notices":[],"jetpack_sharing_enabled":true,"_links":{"self":[{"href":"https:\/\/k-beautyci.com\/fr\/wp-json\/wp\/v2\/product\/4014","targetHints":{"allow":["GET"]}}],"collection":[{"href":"https:\/\/k-beautyci.com\/fr\/wp-json\/wp\/v2\/product"}],"about":[{"href":"https:\/\/k-beautyci.com\/fr\/wp-json\/wp\/v2\/types\/product"}],"replies":[{"embeddable":true,"href":"https:\/\/k-beautyci.com\/fr\/wp-json\/wp\/v2\/comments?post=4014"}],"wp:featuredmedia":[{"embeddable":true,"href":"https:\/\/k-beautyci.com\/fr\/wp-json\/wp\/v2\/media\/4021"}],"wp:attachment":[{"href":"https:\/\/k-beautyci.com\/fr\/wp-json\/wp\/v2\/media?parent=4014"}],"wp:term":[{"taxonomy":"product_brand","embeddable":true,"href":"https:\/\/k-beautyci.com\/fr\/wp-json\/wp\/v2\/product_brand?post=4014"},{"taxonomy":"product_cat","embeddable":true,"href":"https:\/\/k-beautyci.com\/fr\/wp-json\/wp\/v2\/product_cat?post=4014"},{"taxonomy":"product_tag","embeddable":true,"href":"https:\/\/k-beautyci.com\/fr\/wp-json\/wp\/v2\/product_tag?post=4014"}],"curies":[{"name":"wp","href":"https:\/\/api.w.org\/{rel}","templated":true}]}}