{"id":4010,"date":"2024-05-30T16:45:24","date_gmt":"2024-05-30T16:45:24","guid":{"rendered":"https:\/\/k-beautyci.com\/?post_type=product&#038;p=4010"},"modified":"2025-12-07T22:13:24","modified_gmt":"2025-12-07T22:13:24","slug":"missha-vita-c-plus-brightening-toner-200ml","status":"publish","type":"product","link":"https:\/\/k-beautyci.com\/fr\/produit\/missha-vita-c-plus-brightening-toner-200ml\/","title":{"rendered":"MISSHA Vita C Plus Brightening Toner 200ml"},"content":{"rendered":"<p>Comment l'utiliser :<\/p>\n<p>1. Utiliser comme premi\u00e8re \u00e9tape de votre routine de soins de la peau apr\u00e8s le nettoyage. Versez une quantit\u00e9 g\u00e9n\u00e9reuse sur un coton et passez-le d\u00e9licatement sur la peau.<br \/>\n2. Tapotez l\u00e9g\u00e8rement l'exc\u00e8s de tonique du bout des doigts pour augmenter l'absorption par la peau.<\/p>\n<div class=\"description-item active\">\n<div class=\"body\">\n<p>Avertissement : Pour usage externe uniquement. Toujours effectuer un test \u00e9picutan\u00e9. Cessez d'utiliser le produit si vous ressentez une quelconque g\u00eane. Suivre les instructions suppl\u00e9mentaires figurant sur l'emballage. Les r\u00e9sultats individuels peuvent varier.<\/p>\n<\/div>\n<\/div>","protected":false},"excerpt":{"rendered":"<p>Un tonique \u00e9claircissant l\u00e9ger qui p\u00e9n\u00e8tre rapidement dans la peau pour aider \u00e0 am\u00e9liorer l'apparence des taches brunes et du teint in\u00e9gal. pH de 6,4. Formul\u00e9 sans parfums ni couleurs artificiels, sans parab\u00e8nes, sans sulfates, sans produits d'origine animale, sans alcool, sans huiles min\u00e9rales et sans silicone. Recommand\u00e9 pour : les peaux ternes, grasses ou pr\u00e9sentant des taches brunes.<\/p>","protected":false},"featured_media":4012,"comment_status":"open","ping_status":"closed","template":"","meta":{"om_disable_all_campaigns":false},"product_brand":[],"product_cat":[52,39,155,41],"product_tag":[],"class_list":{"0":"post-4010","1":"product","2":"type-product","3":"status-publish","4":"has-post-thumbnail","6":"product_cat-dark-spots","7":"product_cat-face-toners","8":"product_cat-missha","9":"product_cat-oily-skin","11":"first","12":"outofstock","13":"shipping-taxable","14":"purchasable","15":"product-type-simple"},"aioseo_notices":[],"jetpack_sharing_enabled":true,"_links":{"self":[{"href":"https:\/\/k-beautyci.com\/fr\/wp-json\/wp\/v2\/product\/4010","targetHints":{"allow":["GET"]}}],"collection":[{"href":"https:\/\/k-beautyci.com\/fr\/wp-json\/wp\/v2\/product"}],"about":[{"href":"https:\/\/k-beautyci.com\/fr\/wp-json\/wp\/v2\/types\/product"}],"replies":[{"embeddable":true,"href":"https:\/\/k-beautyci.com\/fr\/wp-json\/wp\/v2\/comments?post=4010"}],"wp:featuredmedia":[{"embeddable":true,"href":"https:\/\/k-beautyci.com\/fr\/wp-json\/wp\/v2\/media\/4012"}],"wp:attachment":[{"href":"https:\/\/k-beautyci.com\/fr\/wp-json\/wp\/v2\/media?parent=4010"}],"wp:term":[{"taxonomy":"product_brand","embeddable":true,"href":"https:\/\/k-beautyci.com\/fr\/wp-json\/wp\/v2\/product_brand?post=4010"},{"taxonomy":"product_cat","embeddable":true,"href":"https:\/\/k-beautyci.com\/fr\/wp-json\/wp\/v2\/product_cat?post=4010"},{"taxonomy":"product_tag","embeddable":true,"href":"https:\/\/k-beautyci.com\/fr\/wp-json\/wp\/v2\/product_tag?post=4010"}],"curies":[{"name":"wp","href":"https:\/\/api.w.org\/{rel}","templated":true}]}}