{"id":4000,"date":"2024-05-30T15:25:49","date_gmt":"2024-05-30T15:25:49","guid":{"rendered":"https:\/\/k-beautyci.com\/?post_type=product&#038;p=4000"},"modified":"2024-08-26T19:21:10","modified_gmt":"2024-08-26T19:21:10","slug":"jumiso-pore-purifying-salicylic-acid-foaming-cleanser-120g","status":"publish","type":"product","link":"https:\/\/k-beautyci.com\/fr\/produit\/jumiso-pore-purifying-salicylic-acid-foaming-cleanser-120g\/","title":{"rendered":"JUMISO Pore-Purifying Salicylic Acid Foaming Cleanser 120g"},"content":{"rendered":"<p>Comment l'utiliser :<\/p>\n<p>Utiliser comme premi\u00e8re \u00e9tape du soin de la peau.<br \/>\nPeut \u00eatre utilis\u00e9 comme nettoyant du matin ou comme deuxi\u00e8me nettoyant dans le cadre d'un double nettoyage.<\/p>\n<div class=\"description-item active\">\n<div class=\"body\">\n<p>Avertissement : Pour usage externe uniquement. Toujours effectuer un test \u00e9picutan\u00e9. Cessez d'utiliser le produit si vous ressentez une quelconque g\u00eane. Suivre les instructions suppl\u00e9mentaires figurant sur l'emballage. Les r\u00e9sultats individuels peuvent varier.<\/p>\n<\/div>\n<\/div>","protected":false},"excerpt":{"rendered":"<p class=\"product__text\">Un nettoyant quotidien doux pour une peau plus lisse et \u00e9clatante, qui r\u00e9tr\u00e9cit les pores, contr\u00f4le la production de s\u00e9bum et am\u00e9liore la texture de la peau. Contient 0,5 % d'ACIDE SALICYLIQUE + ARGILE BLEUE qui exfolie les cellules mortes de la peau pour r\u00e9v\u00e9ler une peau radieuse et \u00e9clatante. Convient \u00e0 tous les types de peau.<\/p>","protected":false},"featured_media":4005,"comment_status":"open","ping_status":"closed","template":"","meta":{"om_disable_all_campaigns":false},"product_brand":[],"product_cat":[35,153,71],"product_tag":[],"class_list":{"0":"post-4000","1":"product","2":"type-product","3":"status-publish","4":"has-post-thumbnail","6":"product_cat-face-cleansers","7":"product_cat-jumiso","8":"product_cat-salicylic-acid","10":"first","11":"outofstock","12":"shipping-taxable","13":"purchasable","14":"product-type-simple"},"aioseo_notices":[],"jetpack_sharing_enabled":true,"_links":{"self":[{"href":"https:\/\/k-beautyci.com\/fr\/wp-json\/wp\/v2\/product\/4000","targetHints":{"allow":["GET"]}}],"collection":[{"href":"https:\/\/k-beautyci.com\/fr\/wp-json\/wp\/v2\/product"}],"about":[{"href":"https:\/\/k-beautyci.com\/fr\/wp-json\/wp\/v2\/types\/product"}],"replies":[{"embeddable":true,"href":"https:\/\/k-beautyci.com\/fr\/wp-json\/wp\/v2\/comments?post=4000"}],"wp:featuredmedia":[{"embeddable":true,"href":"https:\/\/k-beautyci.com\/fr\/wp-json\/wp\/v2\/media\/4005"}],"wp:attachment":[{"href":"https:\/\/k-beautyci.com\/fr\/wp-json\/wp\/v2\/media?parent=4000"}],"wp:term":[{"taxonomy":"product_brand","embeddable":true,"href":"https:\/\/k-beautyci.com\/fr\/wp-json\/wp\/v2\/product_brand?post=4000"},{"taxonomy":"product_cat","embeddable":true,"href":"https:\/\/k-beautyci.com\/fr\/wp-json\/wp\/v2\/product_cat?post=4000"},{"taxonomy":"product_tag","embeddable":true,"href":"https:\/\/k-beautyci.com\/fr\/wp-json\/wp\/v2\/product_tag?post=4000"}],"curies":[{"name":"wp","href":"https:\/\/api.w.org\/{rel}","templated":true}]}}