{"id":3994,"date":"2024-05-29T13:49:15","date_gmt":"2024-05-29T13:49:15","guid":{"rendered":"https:\/\/k-beautyci.com\/?post_type=product&#038;p=3994"},"modified":"2026-03-01T16:37:03","modified_gmt":"2026-03-01T16:37:03","slug":"skin1004-hyalu-cica-silky-fit-sun-stick-20g","status":"publish","type":"product","link":"https:\/\/k-beautyci.com\/fr\/produit\/skin1004-hyalu-cica-silky-fit-sun-stick-20g\/","title":{"rendered":"SKIN1004 HYALU-CICA SILKY-FIT SUN STICK 20G"},"content":{"rendered":"<p>Comment l'utiliser :<\/p>\n<p>En derni\u00e8re \u00e9tape de votre routine de soins, appliquez uniform\u00e9ment sur les zones expos\u00e9es aux rayons UV.<\/p>\n<div class=\"description-item active\">\n<div class=\"body\">\n<p>Effectuez toujours un test \u00e9picutan\u00e9. Cessez d'utiliser le produit si vous ressentez une quelconque g\u00eane. Suivre les instructions suppl\u00e9mentaires figurant sur l'emballage. Les r\u00e9sultats individuels peuvent varier.<\/p>\n<\/div>\n<\/div>\n<div class=\"description-item\">\n<h2 class=\"title\"><\/h2>\n<\/div>","protected":false},"excerpt":{"rendered":"<p>Un \u00e9cran solaire qui bloque les rayons UV tout en hydratant la peau. Laisse la peau hydrat\u00e9e et soyeuse. Sa combinaison unique d'extrait de Centella Asiatica et d'acides hyaluroniques soigne et hydrate simultan\u00e9ment la peau.<\/p>","protected":false},"featured_media":3996,"comment_status":"open","ping_status":"closed","template":"","meta":{"om_disable_all_campaigns":false},"product_brand":[],"product_cat":[94,77,75],"product_tag":[],"class_list":{"0":"post-3994","1":"product","2":"type-product","3":"status-publish","4":"has-post-thumbnail","6":"product_cat-skin-1004","7":"product_cat-spf-50","8":"product_cat-sunscreens","10":"first","11":"instock","12":"sale","13":"shipping-taxable","14":"purchasable","15":"product-type-simple"},"aioseo_notices":[],"jetpack_sharing_enabled":true,"_links":{"self":[{"href":"https:\/\/k-beautyci.com\/fr\/wp-json\/wp\/v2\/product\/3994","targetHints":{"allow":["GET"]}}],"collection":[{"href":"https:\/\/k-beautyci.com\/fr\/wp-json\/wp\/v2\/product"}],"about":[{"href":"https:\/\/k-beautyci.com\/fr\/wp-json\/wp\/v2\/types\/product"}],"replies":[{"embeddable":true,"href":"https:\/\/k-beautyci.com\/fr\/wp-json\/wp\/v2\/comments?post=3994"}],"wp:featuredmedia":[{"embeddable":true,"href":"https:\/\/k-beautyci.com\/fr\/wp-json\/wp\/v2\/media\/3996"}],"wp:attachment":[{"href":"https:\/\/k-beautyci.com\/fr\/wp-json\/wp\/v2\/media?parent=3994"}],"wp:term":[{"taxonomy":"product_brand","embeddable":true,"href":"https:\/\/k-beautyci.com\/fr\/wp-json\/wp\/v2\/product_brand?post=3994"},{"taxonomy":"product_cat","embeddable":true,"href":"https:\/\/k-beautyci.com\/fr\/wp-json\/wp\/v2\/product_cat?post=3994"},{"taxonomy":"product_tag","embeddable":true,"href":"https:\/\/k-beautyci.com\/fr\/wp-json\/wp\/v2\/product_tag?post=3994"}],"curies":[{"name":"wp","href":"https:\/\/api.w.org\/{rel}","templated":true}]}}