{"id":3981,"date":"2024-05-29T12:58:10","date_gmt":"2024-05-29T12:58:10","guid":{"rendered":"https:\/\/k-beautyci.com\/?post_type=product&#038;p=3981"},"modified":"2025-11-04T22:09:37","modified_gmt":"2025-11-04T22:09:37","slug":"round-lab-birch-moisturizing-sun-stick-spf-50-pa","status":"publish","type":"product","link":"https:\/\/k-beautyci.com\/fr\/produit\/round-lab-birch-moisturizing-sun-stick-spf-50-pa\/","title":{"rendered":"ROUND LAB Birch Moisturizing Sun Stick SPF 50+ PA++++"},"content":{"rendered":"<p>How to Use:<\/p>\n<section class=\"product-template md:mt-4 mb-5 md:mb-12 margin-top\" data-section-type=\"product-page\" data-section-id=\"template--17749101936854__main\" data-layout=\"layout-4\" data-product-handle=\"birch-moisturizing-sun-stick\" data-product-id=\"7987941474518\" data-container=\"container\">\n<div class=\"container\">\n<div class=\"sf-prod-template sf-prod-template__desktop enable-zoom\">\n<div class=\"sf-prod__layout-4 layout-slider-1\">\n<div class=\"lg:container\">\n<div class=\"flex flex-wrap sf-prod__block sf-prod__container\">\n<div class=\"w-full md:w-1\/2\">\n<div class=\"sf-prod__info-wrapper\">\n<div class=\"sf-prod__info\">\n<div class=\"main-product__blocks btn-css\">\n<div class=\"main-product__block main-product__meta-block\">\n<div class=\"meta-product-content\">\n<div class=\"meta-content-container\">\n<div class=\"meta-content-container-second class-second-add\">\n<div>\n<div class=\"meta-content-container-s-text\">\n<p class=\"meta-content-container-s-t\">As the last step of a skincare routine, gently apply a sufficient amount on skin, spread it out as if creating a barrier.<\/p>\n<p>Before use, gently raise the content slightly(about 5mm). Due to the stick-type formulation, excessive twisting may lead to product breakage or separation.<\/p>\n<\/div>\n<\/div>\n<\/div>\n<\/div>\n<\/div>\n<\/div>\n<\/div>\n<\/div>\n<\/div>\n<\/div>\n<\/div>\n<\/div>\n<\/div>\n<\/div>\n<\/div>\n<div class=\"prod__sticky-atc sf-prod__block fixed z-40 bottom-0 inset-x-0 transition-transform initialized\" data-show-on-desktop=\"true\" data-show-on-mobile=\"true\" data-view=\"sticky-atc\">\n<div class=\"container\">\n<div class=\"flex shrink-0 items-center psa__form-controls \">\n<div class=\"quantity-input h-[46px] flex border border-color-border rounded mr-2.5 lg:mr-5 lg:flex \">Always patch test. Discontinue use if you feel any discomfort. Follow additional instructions on packaging. Individual results may vary.<\/div>\n<\/div>\n<\/div>\n<\/div>\n<\/section>\n","protected":false},"excerpt":{"rendered":"<p>Ce stick solaire hydratant offre un fini l\u00e9ger et des effets rafra\u00eechissants. Le produit offre une protection solaire SPA 50+ PA++++ cliniquement prouv\u00e9e. Pas de traces blanches.<\/p>","protected":false},"featured_media":3993,"comment_status":"open","ping_status":"closed","template":"","meta":{"om_disable_all_campaigns":false},"product_brand":[],"product_cat":[157,77,75,15],"product_tag":[],"class_list":{"0":"post-3981","1":"product","2":"type-product","3":"status-publish","4":"has-post-thumbnail","6":"product_cat-round-lab","7":"product_cat-spf-50","8":"product_cat-sunscreens","9":"product_cat-uncategorized","11":"first","12":"outofstock","13":"shipping-taxable","14":"purchasable","15":"product-type-simple"},"aioseo_notices":[],"jetpack_sharing_enabled":true,"_links":{"self":[{"href":"https:\/\/k-beautyci.com\/fr\/wp-json\/wp\/v2\/product\/3981","targetHints":{"allow":["GET"]}}],"collection":[{"href":"https:\/\/k-beautyci.com\/fr\/wp-json\/wp\/v2\/product"}],"about":[{"href":"https:\/\/k-beautyci.com\/fr\/wp-json\/wp\/v2\/types\/product"}],"replies":[{"embeddable":true,"href":"https:\/\/k-beautyci.com\/fr\/wp-json\/wp\/v2\/comments?post=3981"}],"wp:featuredmedia":[{"embeddable":true,"href":"https:\/\/k-beautyci.com\/fr\/wp-json\/wp\/v2\/media\/3993"}],"wp:attachment":[{"href":"https:\/\/k-beautyci.com\/fr\/wp-json\/wp\/v2\/media?parent=3981"}],"wp:term":[{"taxonomy":"product_brand","embeddable":true,"href":"https:\/\/k-beautyci.com\/fr\/wp-json\/wp\/v2\/product_brand?post=3981"},{"taxonomy":"product_cat","embeddable":true,"href":"https:\/\/k-beautyci.com\/fr\/wp-json\/wp\/v2\/product_cat?post=3981"},{"taxonomy":"product_tag","embeddable":true,"href":"https:\/\/k-beautyci.com\/fr\/wp-json\/wp\/v2\/product_tag?post=3981"}],"curies":[{"name":"wp","href":"https:\/\/api.w.org\/{rel}","templated":true}]}}