{"id":398,"date":"2023-03-06T22:20:23","date_gmt":"2023-03-06T22:20:23","guid":{"rendered":"https:\/\/k-beautyci.com\/?post_type=product&#038;p=398"},"modified":"2023-12-13T09:20:20","modified_gmt":"2023-12-13T09:20:20","slug":"benton-snail-bee-ultimate-serum","status":"publish","type":"product","link":"https:\/\/k-beautyci.com\/fr\/produit\/benton-snail-bee-ultimate-serum\/","title":{"rendered":"Benton Snail Bee Ultimate Serum+"},"content":{"rendered":"<p>Avantages :<\/p>\n<ul>\n<li>Le filtrat de s\u00e9cr\u00e9tion d'escargot hydrate, \u00e9claircit et renforce la peau contre les agressions ext\u00e9rieures.<\/li>\n<li>6 peptides aident \u00e0 renforcer l'\u00e9lasticit\u00e9 de la peau.<\/li>\n<li>L'arbre \u00e0 th\u00e9 contient des propri\u00e9t\u00e9s antimicrobiennes et antiseptiques qui sont id\u00e9ales pour traiter les boutons, les imperfections, les taches et r\u00e9duire l'inflammation.<\/li>\n<\/ul>\n<p>&nbsp;<\/p>\n<p>Size: 35ml<\/p>\n<p>&nbsp;<\/p>\n<p>Comment l'utiliser :<\/p>\n<div class=\"description-item active\">\n<div class=\"body\">\n<p>Appliquer une petite quantit\u00e9 sur le visage apr\u00e8s l'avoir nettoy\u00e9 et tonifi\u00e9. Faire p\u00e9n\u00e9trer doucement dans la peau pour favoriser une bonne absorption.<\/p>\n<p>Avertissement : Pour usage externe uniquement. Toujours effectuer un test \u00e9picutan\u00e9. Cessez d'utiliser le produit si vous ressentez une quelconque g\u00eane. Suivre les instructions suppl\u00e9mentaires figurant sur l'emballage. Les r\u00e9sultats individuels peuvent varier.<\/p>\n<\/div>\n<\/div>","protected":false},"excerpt":{"rendered":"<p>Ce s\u00e9rum concentr\u00e9 est exempt de parfums, d'alcool, d'esters de remplissage et a un pH l\u00e9g\u00e8rement acide. La mucine d'escargot r\u00e9pare la peau, estompe les cicatrices d'acn\u00e9 et apaise l'inflammation. Le venin d'abeille, l'extrait d'arbre \u00e0 th\u00e9 et l'eau de feuilles de th\u00e9 vert nourrissent en profondeur et apaisent les \u00e9ruptions actives. Ce s\u00e9rum donnera \u00e0 votre peau un aspect radieux et jeune.<\/p>","protected":false},"featured_media":400,"comment_status":"open","ping_status":"closed","template":"","meta":{"om_disable_all_campaigns":false},"product_brand":[],"product_cat":[92,31,86],"product_tag":[],"class_list":{"0":"post-398","1":"product","2":"type-product","3":"status-publish","4":"has-post-thumbnail","6":"product_cat-benton","7":"product_cat-face-serums","8":"product_cat-snail-mucin","10":"first","11":"outofstock","12":"sale","13":"shipping-taxable","14":"purchasable","15":"product-type-simple"},"aioseo_notices":[],"jetpack_sharing_enabled":true,"_links":{"self":[{"href":"https:\/\/k-beautyci.com\/fr\/wp-json\/wp\/v2\/product\/398","targetHints":{"allow":["GET"]}}],"collection":[{"href":"https:\/\/k-beautyci.com\/fr\/wp-json\/wp\/v2\/product"}],"about":[{"href":"https:\/\/k-beautyci.com\/fr\/wp-json\/wp\/v2\/types\/product"}],"replies":[{"embeddable":true,"href":"https:\/\/k-beautyci.com\/fr\/wp-json\/wp\/v2\/comments?post=398"}],"wp:featuredmedia":[{"embeddable":true,"href":"https:\/\/k-beautyci.com\/fr\/wp-json\/wp\/v2\/media\/400"}],"wp:attachment":[{"href":"https:\/\/k-beautyci.com\/fr\/wp-json\/wp\/v2\/media?parent=398"}],"wp:term":[{"taxonomy":"product_brand","embeddable":true,"href":"https:\/\/k-beautyci.com\/fr\/wp-json\/wp\/v2\/product_brand?post=398"},{"taxonomy":"product_cat","embeddable":true,"href":"https:\/\/k-beautyci.com\/fr\/wp-json\/wp\/v2\/product_cat?post=398"},{"taxonomy":"product_tag","embeddable":true,"href":"https:\/\/k-beautyci.com\/fr\/wp-json\/wp\/v2\/product_tag?post=398"}],"curies":[{"name":"wp","href":"https:\/\/api.w.org\/{rel}","templated":true}]}}