{"id":3977,"date":"2024-05-28T15:58:28","date_gmt":"2024-05-28T15:58:28","guid":{"rendered":"https:\/\/k-beautyci.com\/?post_type=product&#038;p=3977"},"modified":"2026-03-10T09:36:53","modified_gmt":"2026-03-10T09:36:53","slug":"round-lab-birch-juice-moisturizing-cleanser-150ml","status":"publish","type":"product","link":"https:\/\/k-beautyci.com\/fr\/produit\/round-lab-birch-juice-moisturizing-cleanser-150ml\/","title":{"rendered":"ROUND LAB Birch Juice Moisturizing Cleanser 150ml"},"content":{"rendered":"<p>Comment l'utiliser :<\/p>\n<p>Utiliser comme premi\u00e8re \u00e9tape de votre routine de soins de la peau ou apr\u00e8s un nettoyage \u00e0 l'huile. Faire mousser une petite quantit\u00e9 dans les paumes et masser sur la peau humide. \u00c9viter le contour des yeux. Rincer et s\u00e9cher en tapotant.<\/p>\n<p>Avertissement : Pour usage externe uniquement. Toujours effectuer un test \u00e9picutan\u00e9. Cessez d'utiliser le produit si vous ressentez une quelconque g\u00eane. Suivre les instructions suppl\u00e9mentaires figurant sur l'emballage. Les r\u00e9sultats individuels peuvent varier.<\/p>","protected":false},"excerpt":{"rendered":"<p>Un nettoyant hydratant \u00e0 bulles pour une peau propre et rebondie - \u00e9quilibr\u00e9 en pH pour des b\u00e9n\u00e9fices maximaux pour la peau et formul\u00e9 avec des ingr\u00e9dients naturels incroyablement hydratants. Profond\u00e9ment rafra\u00eechissant et non irritant, m\u00eame pour les peaux tr\u00e8s r\u00e9actives. Enrichi en jus de bouleau des montagnes cor\u00e9ennes et en acide hyaluronique pour un soin hydratant.<\/p>","protected":false},"featured_media":3980,"comment_status":"open","ping_status":"closed","template":"","meta":{"om_disable_all_campaigns":false},"product_brand":[],"product_cat":[35,157],"product_tag":[],"class_list":{"0":"post-3977","1":"product","2":"type-product","3":"status-publish","4":"has-post-thumbnail","6":"product_cat-face-cleansers","7":"product_cat-round-lab","9":"first","10":"outofstock","11":"shipping-taxable","12":"purchasable","13":"product-type-simple"},"aioseo_notices":[],"jetpack_sharing_enabled":true,"_links":{"self":[{"href":"https:\/\/k-beautyci.com\/fr\/wp-json\/wp\/v2\/product\/3977","targetHints":{"allow":["GET"]}}],"collection":[{"href":"https:\/\/k-beautyci.com\/fr\/wp-json\/wp\/v2\/product"}],"about":[{"href":"https:\/\/k-beautyci.com\/fr\/wp-json\/wp\/v2\/types\/product"}],"replies":[{"embeddable":true,"href":"https:\/\/k-beautyci.com\/fr\/wp-json\/wp\/v2\/comments?post=3977"}],"wp:featuredmedia":[{"embeddable":true,"href":"https:\/\/k-beautyci.com\/fr\/wp-json\/wp\/v2\/media\/3980"}],"wp:attachment":[{"href":"https:\/\/k-beautyci.com\/fr\/wp-json\/wp\/v2\/media?parent=3977"}],"wp:term":[{"taxonomy":"product_brand","embeddable":true,"href":"https:\/\/k-beautyci.com\/fr\/wp-json\/wp\/v2\/product_brand?post=3977"},{"taxonomy":"product_cat","embeddable":true,"href":"https:\/\/k-beautyci.com\/fr\/wp-json\/wp\/v2\/product_cat?post=3977"},{"taxonomy":"product_tag","embeddable":true,"href":"https:\/\/k-beautyci.com\/fr\/wp-json\/wp\/v2\/product_tag?post=3977"}],"curies":[{"name":"wp","href":"https:\/\/api.w.org\/{rel}","templated":true}]}}