{"id":396,"date":"2023-03-06T22:13:48","date_gmt":"2023-03-06T22:13:48","guid":{"rendered":"https:\/\/k-beautyci.com\/?post_type=product&#038;p=396"},"modified":"2024-09-22T20:13:26","modified_gmt":"2024-09-22T20:13:26","slug":"benton-snail-bee-high-content-essence-100ml","status":"publish","type":"product","link":"https:\/\/k-beautyci.com\/fr\/produit\/benton-snail-bee-high-content-essence-100ml\/","title":{"rendered":"Benton Snail Bee High Content Essence 100mL"},"content":{"rendered":"<p>Avantages :<\/p>\n<ul>\n<li>Le filtrat de s\u00e9cr\u00e9tion d'escargot hydrate, \u00e9claircit et renforce la peau.<\/li>\n<li>Le venin d'abeille att\u00e9nue les rides et ridules.<\/li>\n<li>Le jus de feuilles d'alo\u00e8s hydrate et apaise les peaux sensibles.<\/li>\n<\/ul>\n<p>&nbsp;<\/p>\n<p>Comment l'utiliser :<\/p>\n<p>A utiliser apr\u00e8s avoir nettoy\u00e9 et tonifi\u00e9 la peau. Appliquer 1 \u00e0 2 pompes dans la paume des mains et tapoter d\u00e9licatement sur le visage. \u00c9viter le contour des yeux. Poursuivre avec le reste de votre programme de soins.<\/p>\n<p>Avertissement : Pour usage externe uniquement. Toujours effectuer un test \u00e9picutan\u00e9. Cessez d'utiliser le produit si vous ressentez une quelconque g\u00eane. Suivre les instructions suppl\u00e9mentaires figurant sur l'emballage. Les r\u00e9sultats individuels peuvent varier.<\/p>","protected":false},"excerpt":{"rendered":"<p>Combattez les rides et r\u00e9parez votre peau gr\u00e2ce \u00e0 un m\u00e9lange d'ingr\u00e9dients naturels : mucine d'escargot, niacinamide et venin d'abeille. Sans parab\u00e8nes, sans parfums artificiels, sans huiles min\u00e9rales et sans silicones, cette formule est aqueuse, l\u00e9g\u00e8re et convient aux peaux les plus sensibles.<\/p>","protected":false},"featured_media":397,"comment_status":"open","ping_status":"closed","template":"","meta":{"om_disable_all_campaigns":false},"product_brand":[],"product_cat":[92,42,32,31,66,41,36,86],"product_tag":[],"class_list":{"0":"post-396","1":"product","2":"type-product","3":"status-publish","4":"has-post-thumbnail","6":"product_cat-benton","7":"product_cat-dry-skin","8":"product_cat-essence","9":"product_cat-face-serums","10":"product_cat-normal-combination-skin","11":"product_cat-oily-skin","12":"product_cat-sensitive-skin","13":"product_cat-snail-mucin","15":"first","16":"outofstock","17":"shipping-taxable","18":"purchasable","19":"product-type-simple"},"aioseo_notices":[],"jetpack_sharing_enabled":true,"_links":{"self":[{"href":"https:\/\/k-beautyci.com\/fr\/wp-json\/wp\/v2\/product\/396","targetHints":{"allow":["GET"]}}],"collection":[{"href":"https:\/\/k-beautyci.com\/fr\/wp-json\/wp\/v2\/product"}],"about":[{"href":"https:\/\/k-beautyci.com\/fr\/wp-json\/wp\/v2\/types\/product"}],"replies":[{"embeddable":true,"href":"https:\/\/k-beautyci.com\/fr\/wp-json\/wp\/v2\/comments?post=396"}],"wp:featuredmedia":[{"embeddable":true,"href":"https:\/\/k-beautyci.com\/fr\/wp-json\/wp\/v2\/media\/397"}],"wp:attachment":[{"href":"https:\/\/k-beautyci.com\/fr\/wp-json\/wp\/v2\/media?parent=396"}],"wp:term":[{"taxonomy":"product_brand","embeddable":true,"href":"https:\/\/k-beautyci.com\/fr\/wp-json\/wp\/v2\/product_brand?post=396"},{"taxonomy":"product_cat","embeddable":true,"href":"https:\/\/k-beautyci.com\/fr\/wp-json\/wp\/v2\/product_cat?post=396"},{"taxonomy":"product_tag","embeddable":true,"href":"https:\/\/k-beautyci.com\/fr\/wp-json\/wp\/v2\/product_tag?post=396"}],"curies":[{"name":"wp","href":"https:\/\/api.w.org\/{rel}","templated":true}]}}