{"id":3956,"date":"2024-05-27T17:09:38","date_gmt":"2024-05-27T17:09:38","guid":{"rendered":"https:\/\/k-beautyci.com\/?post_type=product&#038;p=3956"},"modified":"2024-07-27T17:20:40","modified_gmt":"2024-07-27T17:20:40","slug":"some-by-mi-retinol-intense-reactivating-mask","status":"publish","type":"product","link":"https:\/\/k-beautyci.com\/fr\/produit\/some-by-mi-retinol-intense-reactivating-mask\/","title":{"rendered":"SOME BY MI Retinol Intense Reactivating Mask"},"content":{"rendered":"<p>Comment l'utiliser :<\/p>\n<p>Apr\u00e8s avoir lav\u00e9 et tonifi\u00e9 le visage, appliquer d\u00e9licatement le masque en feuille sur le visage. Laisser agir pendant 10 \u00e0 20 minutes, retirer et tapoter d\u00e9licatement pour faire p\u00e9n\u00e9trer le produit. Utiliser 1 \u00e0 2 fois par semaine.<\/p>\n<p>Si vous avez la peau sensible ou si vous n'avez jamais utilis\u00e9 de produits \u00e0 base de vitamine A, nous vous recommandons d'ajuster la quantit\u00e9 ou la fr\u00e9quence. Lorsque vous utilisez ce produit pour la premi\u00e8re fois, appliquez une petite quantit\u00e9 sur votre peau et surveillez les r\u00e9actions \u00e9ventuelles. Augmentez lentement la quantit\u00e9 utilis\u00e9e jusqu'\u00e0 ce que vous trouviez l'\u00e9quilibre appropri\u00e9 pour votre peau.<\/p>\n<p>Toujours effectuer un test \u00e9picutan\u00e9. Utiliser uniquement selon les instructions. Ne pas utiliser sur une peau ab\u00eem\u00e9e. \u00c9viter l'utilisation pendant la grossesse ou l'allaitement. Ne pas utiliser imm\u00e9diatement apr\u00e8s un gommage. \u00c9viter d'utiliser ce produit en m\u00eame temps que des produits \u00e0 base de vitamine C ou d'acide. En cas d'irritation de la peau lors de l'utilisation de ce produit, r\u00e9duire la quantit\u00e9 ou la fr\u00e9quence d'utilisation et arr\u00eater l'utilisation si l'irritation persiste. Suivre les instructions suppl\u00e9mentaires figurant sur l'emballage. Avant de s'exposer au soleil, il est recommand\u00e9 aux utilisateurs de couvrir les zones o\u00f9 des r\u00e9tino\u00efdes ont \u00e9t\u00e9 appliqu\u00e9s avec un \u00e9cran solaire. Le contact du produit avec la peau doit \u00eatre limit\u00e9 en fr\u00e9quence et en dur\u00e9e. Les r\u00e9sultats individuels peuvent varier.<\/p>","protected":false},"excerpt":{"rendered":"<p>Cette feuille en microfibres est dot\u00e9e d'une triple synergie de r\u00e9tinol et de la technologie brevet\u00e9e Elastic-Liposome pour r\u00e9duire les signes de l'\u00e2ge. Le r\u00e9tinol, le r\u00e9tinal et le bakuchiol assurent l'efficacit\u00e9 du rajeunissement du visage. Contient 10 types d'acide hyaluronique de poids mol\u00e9culaire diff\u00e9rent pour hydrater la peau. S'attaque au rel\u00e2chement des pores, \u00e0 la peau rugueuse, aux rides et \u00e0 la diminution de l'\u00e9lasticit\u00e9.<\/p>","protected":false},"featured_media":3959,"comment_status":"open","ping_status":"closed","template":"","meta":{"om_disable_all_campaigns":false},"product_brand":[],"product_cat":[62,69,68,85],"product_tag":[],"class_list":{"0":"post-3956","1":"product","2":"type-product","3":"status-publish","4":"has-post-thumbnail","6":"product_cat-face-masks","7":"product_cat-hyaluronic-acid","8":"product_cat-retinol","9":"product_cat-some-by-mi","11":"first","12":"outofstock","13":"shipping-taxable","14":"purchasable","15":"product-type-simple"},"aioseo_notices":[],"jetpack_sharing_enabled":true,"_links":{"self":[{"href":"https:\/\/k-beautyci.com\/fr\/wp-json\/wp\/v2\/product\/3956","targetHints":{"allow":["GET"]}}],"collection":[{"href":"https:\/\/k-beautyci.com\/fr\/wp-json\/wp\/v2\/product"}],"about":[{"href":"https:\/\/k-beautyci.com\/fr\/wp-json\/wp\/v2\/types\/product"}],"replies":[{"embeddable":true,"href":"https:\/\/k-beautyci.com\/fr\/wp-json\/wp\/v2\/comments?post=3956"}],"wp:featuredmedia":[{"embeddable":true,"href":"https:\/\/k-beautyci.com\/fr\/wp-json\/wp\/v2\/media\/3959"}],"wp:attachment":[{"href":"https:\/\/k-beautyci.com\/fr\/wp-json\/wp\/v2\/media?parent=3956"}],"wp:term":[{"taxonomy":"product_brand","embeddable":true,"href":"https:\/\/k-beautyci.com\/fr\/wp-json\/wp\/v2\/product_brand?post=3956"},{"taxonomy":"product_cat","embeddable":true,"href":"https:\/\/k-beautyci.com\/fr\/wp-json\/wp\/v2\/product_cat?post=3956"},{"taxonomy":"product_tag","embeddable":true,"href":"https:\/\/k-beautyci.com\/fr\/wp-json\/wp\/v2\/product_tag?post=3956"}],"curies":[{"name":"wp","href":"https:\/\/api.w.org\/{rel}","templated":true}]}}