{"id":3949,"date":"2024-05-27T16:28:06","date_gmt":"2024-05-27T16:28:06","guid":{"rendered":"https:\/\/k-beautyci.com\/?post_type=product&#038;p=3949"},"modified":"2026-03-19T05:26:47","modified_gmt":"2026-03-19T05:26:47","slug":"iunik-beta-glucan-daily-moisture-cream-60ml","status":"publish","type":"product","link":"https:\/\/k-beautyci.com\/fr\/produit\/iunik-beta-glucan-daily-moisture-cream-60ml\/","title":{"rendered":"iUNIK Beta Glucan Daily Moisture Cream 60mL"},"content":{"rendered":"<p>Comment l'utiliser :<\/p>\n<ol>\n<li>Appliquer apr\u00e8s le tonique et les s\u00e9rums.<\/li>\n<li>Appliquer la cr\u00e8me sur le visage en massant jusqu'\u00e0 ce qu'elle soit absorb\u00e9e.<\/li>\n<\/ol>\n<p>&nbsp;<\/p>\n<p>Avertissement : Pour usage externe uniquement. Toujours effectuer un test \u00e9picutan\u00e9. Cessez d'utiliser le produit si vous ressentez une quelconque g\u00eane. Suivre les instructions suppl\u00e9mentaires figurant sur l'emballage. Les r\u00e9sultats individuels peuvent varier.<\/p>","protected":false},"excerpt":{"rendered":"<p>B\u00eata-glucane - un hydratant multifonctionnel et extraordinairement puissant. Laissez cette cr\u00e8me illuminer votre peau et lui donner une sensation de pl\u00e9nitude.<\/p>","protected":false},"featured_media":3951,"comment_status":"open","ping_status":"closed","template":"","meta":{"om_disable_all_campaigns":false},"product_brand":[],"product_cat":[88,26],"product_tag":[],"class_list":{"0":"post-3949","1":"product","2":"type-product","3":"status-publish","4":"has-post-thumbnail","6":"product_cat-centella","7":"product_cat-face-moisturizer","9":"first","10":"outofstock","11":"shipping-taxable","12":"purchasable","13":"product-type-simple"},"aioseo_notices":[],"jetpack_sharing_enabled":true,"_links":{"self":[{"href":"https:\/\/k-beautyci.com\/fr\/wp-json\/wp\/v2\/product\/3949","targetHints":{"allow":["GET"]}}],"collection":[{"href":"https:\/\/k-beautyci.com\/fr\/wp-json\/wp\/v2\/product"}],"about":[{"href":"https:\/\/k-beautyci.com\/fr\/wp-json\/wp\/v2\/types\/product"}],"replies":[{"embeddable":true,"href":"https:\/\/k-beautyci.com\/fr\/wp-json\/wp\/v2\/comments?post=3949"}],"wp:featuredmedia":[{"embeddable":true,"href":"https:\/\/k-beautyci.com\/fr\/wp-json\/wp\/v2\/media\/3951"}],"wp:attachment":[{"href":"https:\/\/k-beautyci.com\/fr\/wp-json\/wp\/v2\/media?parent=3949"}],"wp:term":[{"taxonomy":"product_brand","embeddable":true,"href":"https:\/\/k-beautyci.com\/fr\/wp-json\/wp\/v2\/product_brand?post=3949"},{"taxonomy":"product_cat","embeddable":true,"href":"https:\/\/k-beautyci.com\/fr\/wp-json\/wp\/v2\/product_cat?post=3949"},{"taxonomy":"product_tag","embeddable":true,"href":"https:\/\/k-beautyci.com\/fr\/wp-json\/wp\/v2\/product_tag?post=3949"}],"curies":[{"name":"wp","href":"https:\/\/api.w.org\/{rel}","templated":true}]}}