{"id":3942,"date":"2024-05-27T16:09:47","date_gmt":"2024-05-27T16:09:47","guid":{"rendered":"https:\/\/k-beautyci.com\/?post_type=product&#038;p=3942"},"modified":"2026-04-16T00:44:23","modified_gmt":"2026-04-16T00:44:23","slug":"trubiom-pigmentation-dark-spot-corrector-gel-cream-50ml","status":"publish","type":"product","link":"https:\/\/k-beautyci.com\/fr\/produit\/trubiom-pigmentation-dark-spot-corrector-gel-cream-50ml\/","title":{"rendered":"TRUBIOM Pigmentation &amp; Dark Spot Corrector Gel Cream 50ml"},"content":{"rendered":"<p><strong>How does it work?\u00a0<\/strong><\/p>\n<p>La formule unique de Niacinamide et de Tranexamique en combinaison avec l\u2019acide az\u00e9la\u00efque et l\u2019acide kojique aide \u00e0 am\u00e9liorer la texture de la peau, \u00e0 unifier le teint et \u00e0 lutter contre l\u2019hyperpigmentation.<\/p>\n<p>L\u2019acide az\u00e9la\u00efque nettoie en profondeur les pores pouvant entra\u00eener des \u00e9ruptions cutan\u00e9es, r\u00e9duisant ainsi l\u2019inflammation cutan\u00e9e et l\u2019acn\u00e9.<\/p>\n<p>Tranexamic est id\u00e9al pour cibler l\u2019hyperpigmentation, qu\u2019elle soit post-inflammatoire ou due au m\u00e9lasma. Le meilleur, c\u2019est qu\u2019il est tr\u00e8s doux et qu\u2019il s\u2019agence bien avec d\u2019autres ingr\u00e9dients pour offrir des r\u00e9sultats optimaux.<\/p>\n<p>&#8211;\u00a0This cream is optimally coupled with kojic acid, niacinamide which helps softening and brightening the skin.<\/p>\n<p><strong>Qui devrait l\u2019utiliser ?<\/strong><\/p>\n<p>Trubiom\u2122\ufe0f est un choix id\u00e9al pour les personnes qui cherchent \u00e0 am\u00e9liorer la sant\u00e9 globale de leur peau et \u00e0 att\u00e9nuer les marques d\u2019acn\u00e9. Il convient parfaitement aux citadins soumis \u00e0 de nombreux facteurs de stress environnementaux.<\/p>\n<p>&nbsp;<\/p>\n<p><strong>DISCLAIMER:\u00a0<\/strong>Toute d\u00e9coloration ou l\u00e9g\u00e8re modification de la texture est un processus naturel du b\u00eata-carot\u00e8ne. Les utilisateurs peuvent constater des changements de couleur du produit. Veuillez noter que l'efficacit\u00e9 et la s\u00e9curit\u00e9 du produit restent intactes pendant ce changement.<\/p>\n<p>&nbsp;<\/p>\n<p>Comment l'utiliser :<\/p>\n<p>Apr\u00e8s le nettoyage \u2013 Distribuez 1 \u00e0 2 pompes et tapotez doucement sur votre visage et votre cou jusqu\u2019\u00e0 absorption compl\u00e8te. Utilisez jusqu\u2019\u00e0 3 \u00e0 4 fois par semaine.\n\nUtilisez un SPF pendant la journ\u00e9e<\/p>","protected":false},"excerpt":{"rendered":"<p style=\"text-align: left\"><span data-sheets-value=\"{&quot;1&quot;:2,&quot;2&quot;:&quot;An overnight treatment that helps target reduce the appearance of hyperpigmentation and dark spots, brightening your skin's complexion also leading to a visible reduction in facial spots and acne scars.&quot;}\" data-sheets-userformat=\"{&quot;2&quot;:14653,&quot;3&quot;:{&quot;1&quot;:0,&quot;3&quot;:1},&quot;5&quot;:{&quot;1&quot;:[{&quot;1&quot;:2,&quot;2&quot;:0,&quot;5&quot;:{&quot;1&quot;:2,&quot;2&quot;:0}},{&quot;1&quot;:0,&quot;2&quot;:0,&quot;3&quot;:3},{&quot;1&quot;:1,&quot;2&quot;:0,&quot;4&quot;:1}]},&quot;6&quot;:{&quot;1&quot;:[{&quot;1&quot;:2,&quot;2&quot;:0,&quot;5&quot;:{&quot;1&quot;:2,&quot;2&quot;:0}},{&quot;1&quot;:0,&quot;2&quot;:0,&quot;3&quot;:3},{&quot;1&quot;:1,&quot;2&quot;:0,&quot;4&quot;:1}]},&quot;7&quot;:{&quot;1&quot;:[{&quot;1&quot;:2,&quot;2&quot;:0,&quot;5&quot;:{&quot;1&quot;:2,&quot;2&quot;:0}},{&quot;1&quot;:0,&quot;2&quot;:0,&quot;3&quot;:3},{&quot;1&quot;:1,&quot;2&quot;:0,&quot;4&quot;:1}]},&quot;8&quot;:{&quot;1&quot;:[{&quot;1&quot;:2,&quot;2&quot;:0,&quot;5&quot;:{&quot;1&quot;:2,&quot;2&quot;:0}},{&quot;1&quot;:0,&quot;2&quot;:0,&quot;3&quot;:3},{&quot;1&quot;:1,&quot;2&quot;:0,&quot;4&quot;:1}]},&quot;11&quot;:4,&quot;14&quot;:{&quot;1&quot;:3,&quot;3&quot;:1},&quot;15&quot;:&quot;Calibri&quot;,&quot;16&quot;:11}\">A night\u00a0treatment that helps target reduce the appearance of\u00a0hyperpigmentation\u00a0and dark spots, brightening your skin&#8217;s complexion also leading to a visible reduction in facial spots and acne scars.<\/span><\/p>\n<p>Promotes even skin tone by minimising\u00a0dark spots.\u00a0Reduce hyperpigmentation and repair damaged skin cells.\u00a0Minimizes the appearance of enlarged pores thus improving overall appearance of skin.<\/p>\n","protected":false},"featured_media":3943,"comment_status":"open","ping_status":"closed","template":"","meta":{"om_disable_all_campaigns":false},"product_brand":[],"product_cat":[165,52,26,31,33,74],"product_tag":[],"class_list":{"0":"post-3942","1":"product","2":"type-product","3":"status-publish","4":"has-post-thumbnail","6":"product_cat-azelaic-acid","7":"product_cat-dark-spots","8":"product_cat-face-moisturizer","9":"product_cat-face-serums","10":"product_cat-face-treatments","11":"product_cat-niacinamide","13":"first","14":"instock","15":"shipping-taxable","16":"purchasable","17":"product-type-simple"},"aioseo_notices":[],"jetpack_sharing_enabled":true,"_links":{"self":[{"href":"https:\/\/k-beautyci.com\/fr\/wp-json\/wp\/v2\/product\/3942","targetHints":{"allow":["GET"]}}],"collection":[{"href":"https:\/\/k-beautyci.com\/fr\/wp-json\/wp\/v2\/product"}],"about":[{"href":"https:\/\/k-beautyci.com\/fr\/wp-json\/wp\/v2\/types\/product"}],"replies":[{"embeddable":true,"href":"https:\/\/k-beautyci.com\/fr\/wp-json\/wp\/v2\/comments?post=3942"}],"wp:featuredmedia":[{"embeddable":true,"href":"https:\/\/k-beautyci.com\/fr\/wp-json\/wp\/v2\/media\/3943"}],"wp:attachment":[{"href":"https:\/\/k-beautyci.com\/fr\/wp-json\/wp\/v2\/media?parent=3942"}],"wp:term":[{"taxonomy":"product_brand","embeddable":true,"href":"https:\/\/k-beautyci.com\/fr\/wp-json\/wp\/v2\/product_brand?post=3942"},{"taxonomy":"product_cat","embeddable":true,"href":"https:\/\/k-beautyci.com\/fr\/wp-json\/wp\/v2\/product_cat?post=3942"},{"taxonomy":"product_tag","embeddable":true,"href":"https:\/\/k-beautyci.com\/fr\/wp-json\/wp\/v2\/product_tag?post=3942"}],"curies":[{"name":"wp","href":"https:\/\/api.w.org\/{rel}","templated":true}]}}