{"id":390,"date":"2023-03-06T22:00:43","date_gmt":"2023-03-06T22:00:43","guid":{"rendered":"https:\/\/k-beautyci.com\/?post_type=product&#038;p=390"},"modified":"2023-10-05T22:15:25","modified_gmt":"2023-10-05T22:15:25","slug":"benton-snail-bee-high-content-skin-toner","status":"publish","type":"product","link":"https:\/\/k-beautyci.com\/fr\/produit\/benton-snail-bee-high-content-skin-toner\/","title":{"rendered":"Benton Snail Bee High Content Skin Toner"},"content":{"rendered":"<p>Skin Benefits:<\/p>\n<ul>\n<li>Le filtrat de s\u00e9cr\u00e9tion d'escargot att\u00e9nue l'apparence des ridules et des taches de vieillesse car il stimule le renouvellement cellulaire.<\/li>\n<li>L'eau de feuilles de Camellia Sinensis a des propri\u00e9t\u00e9s anti-\u00e2ge et apaise les peaux endommag\u00e9es par le soleil.<\/li>\n<li>Le venin d'abeille poss\u00e8de des propri\u00e9t\u00e9s anti-\u00e2ge en raffermissant la peau et en att\u00e9nuant les rides et ridules.<\/li>\n<\/ul>\n<p>&nbsp;<\/p>\n<p>Comment l'utiliser :<\/p>\n<p>Utiliser apr\u00e8s le nettoyage. Imbibez un coton ou un tampon de produit, puis passez-le d\u00e9licatement sur le visage. \u00c9viter les zones autour des l\u00e8vres et des yeux. Parfait pour suivre le S\u00e9rum Ultime de Benton Snail Bee.<\/p>\n<p>&nbsp;<\/p>\n<p>Avertissement : Pour usage externe uniquement. Toujours effectuer un test \u00e9picutan\u00e9. Cessez d'utiliser le produit si vous ressentez une quelconque g\u00eane. Suivre les instructions suppl\u00e9mentaires figurant sur la bo\u00eete. Les r\u00e9sultats individuels peuvent varier.<\/p>","protected":false},"excerpt":{"rendered":"<p>Ce tonique sans alcool est riche en mucine d'escargot. Il prot\u00e8ge votre peau contre les agressions de l'environnement, maintient l'hydratation tout au long de la journ\u00e9e et r\u00e9pare la barri\u00e8re naturelle de votre peau. Transformez votre peau d\u00e8s aujourd'hui avec ce tonique tout-en-un Benton Snail Bee !<\/p>\n<p>Solutions pour la peau :<\/p>\n<ul>\n<li>Le filtrat de s\u00e9cr\u00e9tion d'escargot att\u00e9nue l'apparence des ridules et des taches de vieillesse car il stimule le renouvellement cellulaire.<\/li>\n<li>L'eau de feuilles de Camellia Sinensis a des propri\u00e9t\u00e9s anti-\u00e2ge et apaise les peaux endommag\u00e9es par le soleil.<\/li>\n<li>Le venin d'abeille poss\u00e8de des propri\u00e9t\u00e9s anti-\u00e2ge en raffermissant la peau et en att\u00e9nuant les rides et ridules.<\/li>\n<\/ul>","protected":false},"featured_media":392,"comment_status":"open","ping_status":"closed","template":"","meta":{"om_disable_all_campaigns":false},"product_brand":[],"product_cat":[92,39,86],"product_tag":[],"class_list":{"0":"post-390","1":"product","2":"type-product","3":"status-publish","4":"has-post-thumbnail","6":"product_cat-benton","7":"product_cat-face-toners","8":"product_cat-snail-mucin","10":"first","11":"outofstock","12":"shipping-taxable","13":"purchasable","14":"product-type-simple"},"aioseo_notices":[],"jetpack_sharing_enabled":true,"_links":{"self":[{"href":"https:\/\/k-beautyci.com\/fr\/wp-json\/wp\/v2\/product\/390","targetHints":{"allow":["GET"]}}],"collection":[{"href":"https:\/\/k-beautyci.com\/fr\/wp-json\/wp\/v2\/product"}],"about":[{"href":"https:\/\/k-beautyci.com\/fr\/wp-json\/wp\/v2\/types\/product"}],"replies":[{"embeddable":true,"href":"https:\/\/k-beautyci.com\/fr\/wp-json\/wp\/v2\/comments?post=390"}],"wp:featuredmedia":[{"embeddable":true,"href":"https:\/\/k-beautyci.com\/fr\/wp-json\/wp\/v2\/media\/392"}],"wp:attachment":[{"href":"https:\/\/k-beautyci.com\/fr\/wp-json\/wp\/v2\/media?parent=390"}],"wp:term":[{"taxonomy":"product_brand","embeddable":true,"href":"https:\/\/k-beautyci.com\/fr\/wp-json\/wp\/v2\/product_brand?post=390"},{"taxonomy":"product_cat","embeddable":true,"href":"https:\/\/k-beautyci.com\/fr\/wp-json\/wp\/v2\/product_cat?post=390"},{"taxonomy":"product_tag","embeddable":true,"href":"https:\/\/k-beautyci.com\/fr\/wp-json\/wp\/v2\/product_tag?post=390"}],"curies":[{"name":"wp","href":"https:\/\/api.w.org\/{rel}","templated":true}]}}