{"id":387,"date":"2023-03-06T17:39:14","date_gmt":"2023-03-06T17:39:14","guid":{"rendered":"https:\/\/k-beautyci.com\/?post_type=product&#038;p=387"},"modified":"2025-12-30T09:10:54","modified_gmt":"2025-12-30T09:10:54","slug":"heimish-all-clean-green-foam","status":"publish","type":"product","link":"https:\/\/k-beautyci.com\/fr\/produit\/heimish-all-clean-green-foam\/","title":{"rendered":"Heimish All Clean Green Foam"},"content":{"rendered":"<p><strong>Avantages :<\/strong><\/p>\n<ul>\n<li>Un nettoyant propre, au pH \u00e9quilibr\u00e9, qui nettoie la peau en douceur mais en profondeur et la laisse hydrat\u00e9e. Il convient m\u00eame aux peaux sensibles et sujettes \u00e0 l'acn\u00e9.<\/li>\n<li>Nettoyant au PH \u00e9quilibr\u00e9 pour apaiser et hydrater la peau.<\/li>\n<li>Nettoyer toutes sortes de d\u00e9chets et de restes de maquillage.<\/li>\n<\/ul>\n<p>&nbsp;<\/p>\n<ul>\n<li>Comment l'utiliser :<br \/>\n1. Masser une quantit\u00e9 appropri\u00e9e sur la peau humide.<br \/>\n2. Rincer \u00e0 l'eau ti\u00e8de.<\/li>\n<\/ul>\n<p>Avertissement : Pour usage externe uniquement. Toujours effectuer un test \u00e9picutan\u00e9. Cessez d'utiliser le produit si vous ressentez une quelconque g\u00eane. Suivre les instructions suppl\u00e9mentaires figurant sur la bo\u00eete. Les r\u00e9sultats individuels peuvent varier.<\/p>","protected":false},"excerpt":{"rendered":"<p>La mousse nettoyante douce a un pH de 5,5 qui correspond \u00e0 l'acidit\u00e9 naturelle de la peau humaine. Il maintient l'\u00e9quilibre optimal du pH de la peau pour \u00e9liminer efficacement la salet\u00e9 et les autres impuret\u00e9s au plus profond des pores. Formul\u00e9 avec de la Centella Asiatica et de l'hamam\u00e9lis pour apaiser et favoriser la cicatrisation de la peau.<\/p>","protected":false},"featured_media":388,"comment_status":"open","ping_status":"closed","template":"","meta":{"om_disable_all_campaigns":false},"product_brand":[],"product_cat":[88,35,91],"product_tag":[],"class_list":{"0":"post-387","1":"product","2":"type-product","3":"status-publish","4":"has-post-thumbnail","6":"product_cat-centella","7":"product_cat-face-cleansers","8":"product_cat-heimish","10":"first","11":"outofstock","12":"sale","13":"shipping-taxable","14":"purchasable","15":"product-type-simple"},"aioseo_notices":[],"jetpack_sharing_enabled":true,"_links":{"self":[{"href":"https:\/\/k-beautyci.com\/fr\/wp-json\/wp\/v2\/product\/387","targetHints":{"allow":["GET"]}}],"collection":[{"href":"https:\/\/k-beautyci.com\/fr\/wp-json\/wp\/v2\/product"}],"about":[{"href":"https:\/\/k-beautyci.com\/fr\/wp-json\/wp\/v2\/types\/product"}],"replies":[{"embeddable":true,"href":"https:\/\/k-beautyci.com\/fr\/wp-json\/wp\/v2\/comments?post=387"}],"wp:featuredmedia":[{"embeddable":true,"href":"https:\/\/k-beautyci.com\/fr\/wp-json\/wp\/v2\/media\/388"}],"wp:attachment":[{"href":"https:\/\/k-beautyci.com\/fr\/wp-json\/wp\/v2\/media?parent=387"}],"wp:term":[{"taxonomy":"product_brand","embeddable":true,"href":"https:\/\/k-beautyci.com\/fr\/wp-json\/wp\/v2\/product_brand?post=387"},{"taxonomy":"product_cat","embeddable":true,"href":"https:\/\/k-beautyci.com\/fr\/wp-json\/wp\/v2\/product_cat?post=387"},{"taxonomy":"product_tag","embeddable":true,"href":"https:\/\/k-beautyci.com\/fr\/wp-json\/wp\/v2\/product_tag?post=387"}],"curies":[{"name":"wp","href":"https:\/\/api.w.org\/{rel}","templated":true}]}}