{"id":384,"date":"2023-03-06T17:29:17","date_gmt":"2023-03-06T17:29:17","guid":{"rendered":"https:\/\/k-beautyci.com\/?post_type=product&#038;p=384"},"modified":"2026-04-14T17:52:00","modified_gmt":"2026-04-14T17:52:00","slug":"heimish-all-clean-balm-50ml","status":"publish","type":"product","link":"https:\/\/k-beautyci.com\/fr\/produit\/heimish-all-clean-balm-50ml\/","title":{"rendered":"Heimish All Clean Balm"},"content":{"rendered":"<p>Solutions pour la peau :<\/p>\n<ul>\n<li>Shea butter moisturizes skin and improves skin elasticity.<\/li>\n<li>Le complexe de fleurs blanches am\u00e9liore l'\u00e9quilibre de la peau et unifie le teint.<\/li>\n<\/ul>\n<p>Comment l'utiliser :<\/p>\n<p>Pr\u00e9lever une bonne quantit\u00e9 de produit \u00e0 l'aide de la spatule fournie et l'appliquer sur la peau s\u00e8che. Massez le visage en effectuant des mouvements circulaires pour faire fondre le maquillage et la salet\u00e9. Rincer abondamment \u00e0 l'eau ti\u00e8de et appliquer ensuite un nettoyant \u00e0 base d'eau.<\/p>\n<p>Avertissement : Pour usage externe uniquement. Toujours effectuer un test \u00e9picutan\u00e9. Cessez d'utiliser le produit si vous ressentez une quelconque g\u00eane. Suivre les instructions suppl\u00e9mentaires figurant sur l'emballage. Les r\u00e9sultats individuels peuvent varier.<\/p>","protected":false},"excerpt":{"rendered":"<p>Ce baume nettoyant \u00e0 la consistance de sorbet fait fondre sans effort le maquillage, la salet\u00e9 et les autres impuret\u00e9s, sans d\u00e9caper la peau. Il laisse la peau hydrat\u00e9e et toute propre. La premi\u00e8re \u00e9tape parfaite d'une double routine de nettoyage pour les personnes \u00e0 la peau sensible.<\/p>","protected":false},"featured_media":386,"comment_status":"open","ping_status":"closed","template":"","meta":{"om_disable_all_campaigns":false},"product_brand":[],"product_cat":[35,91,63],"product_tag":[],"class_list":{"0":"post-384","1":"product","2":"type-product","3":"status-publish","4":"has-post-thumbnail","6":"product_cat-face-cleansers","7":"product_cat-heimish","8":"product_cat-makeup-removers","10":"first","11":"instock","12":"sale","13":"shipping-taxable","14":"purchasable","15":"product-type-variable"},"aioseo_notices":[],"jetpack_sharing_enabled":true,"_links":{"self":[{"href":"https:\/\/k-beautyci.com\/fr\/wp-json\/wp\/v2\/product\/384","targetHints":{"allow":["GET"]}}],"collection":[{"href":"https:\/\/k-beautyci.com\/fr\/wp-json\/wp\/v2\/product"}],"about":[{"href":"https:\/\/k-beautyci.com\/fr\/wp-json\/wp\/v2\/types\/product"}],"replies":[{"embeddable":true,"href":"https:\/\/k-beautyci.com\/fr\/wp-json\/wp\/v2\/comments?post=384"}],"wp:featuredmedia":[{"embeddable":true,"href":"https:\/\/k-beautyci.com\/fr\/wp-json\/wp\/v2\/media\/386"}],"wp:attachment":[{"href":"https:\/\/k-beautyci.com\/fr\/wp-json\/wp\/v2\/media?parent=384"}],"wp:term":[{"taxonomy":"product_brand","embeddable":true,"href":"https:\/\/k-beautyci.com\/fr\/wp-json\/wp\/v2\/product_brand?post=384"},{"taxonomy":"product_cat","embeddable":true,"href":"https:\/\/k-beautyci.com\/fr\/wp-json\/wp\/v2\/product_cat?post=384"},{"taxonomy":"product_tag","embeddable":true,"href":"https:\/\/k-beautyci.com\/fr\/wp-json\/wp\/v2\/product_tag?post=384"}],"curies":[{"name":"wp","href":"https:\/\/api.w.org\/{rel}","templated":true}]}}