{"id":382,"date":"2023-03-06T17:20:00","date_gmt":"2023-03-06T17:20:00","guid":{"rendered":"https:\/\/k-beautyci.com\/?post_type=product&#038;p=382"},"modified":"2026-01-28T15:40:18","modified_gmt":"2026-01-28T15:40:18","slug":"isntree-c-niacin-toning-cream","status":"publish","type":"product","link":"https:\/\/k-beautyci.com\/fr\/produit\/isntree-c-niacin-toning-cream\/","title":{"rendered":"Isntree C-Niacin Toning Cream"},"content":{"rendered":"<p><b>Avantages :<\/b><\/p>\n<ul>\n<li>Infus\u00e9 avec 69% d'extrait de fruit d'Hippophae Rhamnoides et de niacinamide pour \u00e9claircir le teint.<\/li>\n<li>Formul\u00e9 avec un complexe d'\u00e9claircissement profond (extrait de fruit Lycium Barbarum, extrait de fruit Euterpe Oleracea, extrait de Camu Camu et huile d'Hippophae Rhamnoides) pour nourrir la peau et lui donner un teint \u00e9clatant.<\/li>\n<\/ul>\n<p>&nbsp;<\/p>\n<ul>\n<li>Comment l'utiliser :<br \/>\n1. Pr\u00e9lever une quantit\u00e9 mod\u00e9r\u00e9e et l'appliquer sur les zones cibl\u00e9es ou sur l'ensemble du visage.<br \/>\n2. Tapoter doucement pour une meilleure absorption.<\/li>\n<\/ul>\n<p>Avertissement : Pour usage externe uniquement. Toujours effectuer un test \u00e9picutan\u00e9. Cessez d'utiliser le produit si vous ressentez une quelconque g\u00eane. Suivre les instructions suppl\u00e9mentaires figurant sur l'emballage. Les r\u00e9sultats individuels peuvent varier.<\/p>","protected":false},"excerpt":{"rendered":"<p>Cette cr\u00e8me enrichie d'extraits naturels donne \u00e0 la peau un fini radieux et plus frais ! Elle contient 69 % d'extrait d'argousier pour \u00e9claircir le teint, ainsi que des extraits de baies de goji, d'a\u00e7a\u00ef et de camu camu pour nourrir la peau. Pour un r\u00e9sultat optimal, utiliser l'Ampoule Tonifiante C-Niacine avant d'appliquer la cr\u00e8me.<\/p>","protected":false},"featured_media":383,"comment_status":"open","ping_status":"closed","template":"","meta":{"om_disable_all_campaigns":false},"product_brand":[],"product_cat":[52,31,90,74],"product_tag":[],"class_list":{"0":"post-382","1":"product","2":"type-product","3":"status-publish","4":"has-post-thumbnail","6":"product_cat-dark-spots","7":"product_cat-face-serums","8":"product_cat-isntree","9":"product_cat-niacinamide","11":"first","12":"outofstock","13":"shipping-taxable","14":"purchasable","15":"product-type-simple"},"aioseo_notices":[],"jetpack_sharing_enabled":true,"_links":{"self":[{"href":"https:\/\/k-beautyci.com\/fr\/wp-json\/wp\/v2\/product\/382","targetHints":{"allow":["GET"]}}],"collection":[{"href":"https:\/\/k-beautyci.com\/fr\/wp-json\/wp\/v2\/product"}],"about":[{"href":"https:\/\/k-beautyci.com\/fr\/wp-json\/wp\/v2\/types\/product"}],"replies":[{"embeddable":true,"href":"https:\/\/k-beautyci.com\/fr\/wp-json\/wp\/v2\/comments?post=382"}],"wp:featuredmedia":[{"embeddable":true,"href":"https:\/\/k-beautyci.com\/fr\/wp-json\/wp\/v2\/media\/383"}],"wp:attachment":[{"href":"https:\/\/k-beautyci.com\/fr\/wp-json\/wp\/v2\/media?parent=382"}],"wp:term":[{"taxonomy":"product_brand","embeddable":true,"href":"https:\/\/k-beautyci.com\/fr\/wp-json\/wp\/v2\/product_brand?post=382"},{"taxonomy":"product_cat","embeddable":true,"href":"https:\/\/k-beautyci.com\/fr\/wp-json\/wp\/v2\/product_cat?post=382"},{"taxonomy":"product_tag","embeddable":true,"href":"https:\/\/k-beautyci.com\/fr\/wp-json\/wp\/v2\/product_tag?post=382"}],"curies":[{"name":"wp","href":"https:\/\/api.w.org\/{rel}","templated":true}]}}